{"id":42189,"date":"2023-02-23T11:36:05","date_gmt":"2023-02-23T04:36:05","guid":{"rendered":"https:\/\/mouldking.store\/shop\/moc-factory-124325-lotr-river-rock-landscape-with-1125-pieces\/"},"modified":"2025-12-16T22:25:15","modified_gmt":"2025-12-16T15:25:15","slug":"moc-factory-124325-lotr-river-rock-landscape-with-1125-pieces","status":"publish","type":"product","link":"https:\/\/mouldking.store\/de\/shop\/moc-factory-124325-lotr-river-rock-landscape-with-1125-pieces\/","title":{"rendered":"MOC Factory 124325 LOTR River Rock Landscape mit 1125 Teilen"},"content":{"rendered":"<div>\u2705 MOC-124325 LOTR Flussfelsenlandschaft<\/p>\n<p>\u2705Der Herr der Ringe (LOTR) bietet viele verschiedene Landschaften und Umgebungen, von denen eine die Flussfelsenlandschaft ist. Diese Landschaft ist gepr\u00e4gt von felsigen Flussufern, schnell flie\u00dfenden B\u00e4chen und seichten T\u00fcmpeln. Es ist ein gemeinsames Merkmal der Fl\u00fcsse und B\u00e4che, die durch Mittelerde flie\u00dfen, die fiktive Welt, in der LOTR spielt.<\/p>\n<p>\ud83d\udeab WICHTIG!<\/p>\n<p>Produktname: LOTR River Rock Landschaft<\/p>\n<p>Kategorie: Film<\/p>\n<p>Dieses Kit enth\u00e4lt: MOC-124325&nbsp;<\/p>\n<p>1125 St\u00fcck Steine von guter Qualit\u00e4t<\/p>\n<p>PDF-Anleitung<\/p>\n<p>\ud83d\udcccNatur des Protagonisten<\/p>\n<p>Die Einf\u00fchrung unserer stolzen Kollektion mit dem Namen \u201eLOTR River Rock Landscape\u201c sollten Sie nicht verpassen.<\/p>\n<p>In der Geschichte reisen Charaktere wie Frodo, Sam und Gollum durch die Flussfelsenlandschaft am Ufer des Flusses Anduin. Sie begegnen verschiedenen Gefahren und Hindernissen, wie Stromschnellen, versteckten Felsen und t\u00fcckischen Str\u00f6mungen. Die Flussfelsenlandschaft ist auch die Heimat einer Vielzahl von Lebewesen wie Fischen, Wasserv\u00f6geln und sogar Riesenspinnen.<\/p><\/div>","protected":false},"excerpt":{"rendered":"<p>Marke: MOC-Fabrik<br \/>\nGeschlecht: Unisex<br \/>\nAltersspanne: &gt; 12 Jahre alt<br \/>\nModellnummer: 124325<br \/>\nEinstufung: Assemblage<br \/>\nKunststoffblockform: Selbstsichernde Steine<br \/>\nMaterial: Kunststoff<br \/>\nKunststofftyp: ABS<br \/>\nZiegelsteine: 1125 +<br \/>\nVorbereitungszeit: 4-8 Wochen<\/p>","protected":false},"featured_media":42186,"comment_status":"open","ping_status":"closed","template":"","meta":{"_acf_changed":false},"product_cat":[1365,581,1408],"product_tag":[8452,11427,434,10343,11426,6169],"class_list":["product","first","instock","shipping-taxable","purchasable","product-type-simple"],"acf":[],"_links":{"self":[{"href":"https:\/\/mouldking.store\/de\/wp-json\/wp\/v2\/product\/42189","targetHints":{"allow":["GET"]}}],"collection":[{"href":"https:\/\/mouldking.store\/de\/wp-json\/wp\/v2\/product"}],"about":[{"href":"https:\/\/mouldking.store\/de\/wp-json\/wp\/v2\/types\/product"}],"replies":[{"embeddable":true,"href":"https:\/\/mouldking.store\/de\/wp-json\/wp\/v2\/comments?post=42189"}],"wp:featuredmedia":[{"embeddable":true,"href":"https:\/\/mouldking.store\/de\/wp-json\/wp\/v2\/media\/42186"}],"wp:attachment":[{"href":"https:\/\/mouldking.store\/de\/wp-json\/wp\/v2\/media?parent=42189"}],"wp:term":[{"taxonomy":"product_cat","embeddable":true,"href":"https:\/\/mouldking.store\/de\/wp-json\/wp\/v2\/product_cat?post=42189"},{"taxonomy":"product_tag","embeddable":true,"href":"https:\/\/mouldking.store\/de\/wp-json\/wp\/v2\/product_tag?post=42189"}],"curies":[{"name":"wp","href":"https:\/\/api.w.org\/{rel}","templated":true}]}}