{"id":42231,"date":"2023-02-27T11:49:39","date_gmt":"2023-02-27T04:49:39","guid":{"rendered":"https:\/\/mouldking.store\/shop\/mould-king-10028-doge-charger-car-with-1439-pieces\/"},"modified":"2023-02-27T11:49:39","modified_gmt":"2023-02-27T04:49:39","slug":"mould-king-10028-doge-charger-car-with-1439-pieces","status":"publish","type":"product","link":"https:\/\/mouldking.store\/de\/shop\/mould-king-10028-doge-charger-car-with-1439-pieces\/","title":{"rendered":"MOLD KING 10028 Doge Charger Car mit 1439 Teilen"},"content":{"rendered":"<div>\u2705 Mould King 10028 Doge Ladewagen&nbsp;<br \/>&nbsp;<br \/>\u2705Der Dodge Charger ist ein viert\u00fcriges Muscle-Car des amerikanischen Autoherstellers Dodge. Er wird seit 1966 produziert und befindet sich derzeit in der siebten Generation, die 2011 eingef\u00fchrt wurde. Der Charger ist bekannt f\u00fcr seine leistungsstarken Motoren, sein mutiges Design und seine Hochleistungsf\u00e4higkeiten.<br \/>&nbsp;<br \/>\ud83d\udeab WICHTIG!&nbsp;<br \/>&nbsp;<br \/>Produktname: Doge Charger Car&nbsp;<br \/>&nbsp;<br \/>Kategorie: Technik<br \/>&nbsp;<br \/>Dieses Kit enth\u00e4lt: Mould King 10028&nbsp;<br \/>&nbsp;<br \/>1439 St\u00fcck Ziegel von guter Qualit\u00e4t&nbsp;<br \/>&nbsp;<br \/>Gr\u00f6\u00dfe: 32 x 14,6 x 9 cm<br \/>&nbsp;<br \/>Manuelle Anweisungen&nbsp;<br \/>&nbsp;<br \/>\ud83d\udcccNatur des Protagonisten&nbsp;<br \/>&nbsp;<br \/>Die Einf\u00fchrung unserer stolzen Kollektion mit dem Namen \u201eDoge Charger Car\u201c sollten Sie nicht verpassen.&nbsp;<br \/>&nbsp;<br \/>Heute wird der Dodge Charger immer noch als viert\u00fcrige Limousine mit einer Reihe von Motoroptionen produziert, darunter ein 3,6-Liter-V6, ein 5,7-Liter-Hemi-V8, ein 6,4-Liter-V8 und ein aufgeladener 6,2-Liter-V8, der produziert bis zu 797 PS im Charger SRT Hellcat Redeye. Der Charger ist nach wie vor eine beliebte Wahl f\u00fcr diejenigen, die ein leistungsstarkes und stilvolles Auto mit viel Attit\u00fcde suchen.<\/div>","protected":false},"excerpt":{"rendered":"<p>Marke: MOLD KING<br \/>\nGeschlecht: Unisex<br \/>\nAltersspanne: &gt; 14 Jahre alt<br \/>\nModellnummer: 10028<br \/>\nEinstufung: Assemblage<br \/>\nKunststoffblockform: Selbstsichernde Steine<br \/>\nMaterial: Kunststoff<br \/>\nKunststofftyp: ABS<br \/>\nZiegelsteine: 1439 +<br \/>\nKein Kasten<\/p>","protected":false},"featured_media":42225,"comment_status":"open","ping_status":"closed","template":"","meta":{"_acf_changed":false},"product_cat":[1360,1357,364],"product_tag":[457,11154,389,11080],"class_list":["product","first","instock","shipping-taxable","purchasable","product-type-simple"],"acf":[],"_links":{"self":[{"href":"https:\/\/mouldking.store\/de\/wp-json\/wp\/v2\/product\/42231","targetHints":{"allow":["GET"]}}],"collection":[{"href":"https:\/\/mouldking.store\/de\/wp-json\/wp\/v2\/product"}],"about":[{"href":"https:\/\/mouldking.store\/de\/wp-json\/wp\/v2\/types\/product"}],"replies":[{"embeddable":true,"href":"https:\/\/mouldking.store\/de\/wp-json\/wp\/v2\/comments?post=42231"}],"wp:featuredmedia":[{"embeddable":true,"href":"https:\/\/mouldking.store\/de\/wp-json\/wp\/v2\/media\/42225"}],"wp:attachment":[{"href":"https:\/\/mouldking.store\/de\/wp-json\/wp\/v2\/media?parent=42231"}],"wp:term":[{"taxonomy":"product_cat","embeddable":true,"href":"https:\/\/mouldking.store\/de\/wp-json\/wp\/v2\/product_cat?post=42231"},{"taxonomy":"product_tag","embeddable":true,"href":"https:\/\/mouldking.store\/de\/wp-json\/wp\/v2\/product_tag?post=42231"}],"curies":[{"name":"wp","href":"https:\/\/api.w.org\/{rel}","templated":true}]}}