{"id":42292,"date":"2023-02-28T10:13:30","date_gmt":"2023-02-28T03:13:30","guid":{"rendered":"https:\/\/mouldking.store\/shop\/moc-factory-89467-doctor-who-4th-doctor-11th-doctor-13th-doctor-with-486-pieces\/"},"modified":"2025-12-16T22:25:15","modified_gmt":"2025-12-16T15:25:15","slug":"moc-factory-89467-doctor-who-4th-doctor-11th-doctor-13th-doctor-with-486-pieces","status":"publish","type":"product","link":"https:\/\/mouldking.store\/de\/shop\/moc-factory-89467-doctor-who-4th-doctor-11th-doctor-13th-doctor-with-486-pieces\/","title":{"rendered":"MOC Factory 89467 Doctor Who 4. ARZT 11. ARZT 13. ARZT mit 486 Teilen"},"content":{"rendered":"<div>\u2705 MOC-89467 Doctor Who 4. ARZT 11. ARZT 13. ARZT<\/p>\n<p>\u2705 \u201eDoctor Who\u201c ist eine britische Science-Fiction-Fernsehserie, die seit 1963 ausgestrahlt wird. Die Serie folgt den Abenteuern eines Time Lords, bekannt als \u201eThe Doctor\u201c, der in der TARDIS, einer Zeitmaschine, durch Zeit und Raum reist das sieht aus wie eine britische Polizeikiste.<\/p>\n<p>\ud83d\udeab WICHTIG!<\/p>\n<p>Produktname: Doctor Who 4. DOKTOR 11. DOKTOR 13. DOKTOR<\/p>\n<p>Kategorie: Film<\/p>\n<p>Dieses Kit enth\u00e4lt: C9260Y01<\/p>\n<p>486 St\u00fcck Steine von guter Qualit\u00e4t<\/p>\n<p>Gr\u00f6\u00dfe: 5 x 5 x 10 cm<\/p>\n<p>Gewicht: 0,57 kg<\/p>\n<p>PDF-Anleitung<\/p>\n<p>\ud83d\udcccNatur des Protagonisten<\/p>\n<p>Die Einf\u00fchrung unserer stolzen Kollektion mit dem Namen \u201eDoctor Who 4TH DOCTOR 11TH DOCTOR 13TH DOCTOR\u201c sollten Sie nicht verpassen.<\/p>\n<p>Der 4. Doktor, 11. Doktor und 13. Doktor sind alle verschiedene Inkarnationen des Doktors, die im Laufe der Jahre in der Show aufgetreten sind. Der 4. Doktor, dargestellt von Tom Baker, trat von 1974 bis 1981 in der Serie auf. Er ist bekannt f\u00fcr seinen langen Schal, seine Liebe zu Gummib\u00e4rchen und seine Gef\u00e4hrten Sarah Jane Smith und K-9. Der 11. Doktor, dargestellt von Matt Smith, trat von 2010 bis 2013 in der Serie auf. Er ist bekannt f\u00fcr seinen Fez und seine Fliege, sein Schlagwort \u201eGeronimo!\u201c und seine Gef\u00e4hrten Amy Pond und Rory Williams. Die 13. \u00c4rztin, dargestellt von Jodie Whittaker, erschien erstmals 2017 und ist seit 2021 die aktuelle \u00c4rztin. Sie ist bekannt f\u00fcr ihr regenbogengestreiftes Hemd, ihre Liebe zu Puddingcremes und ihre Gef\u00e4hrten Graham, Ryan und Yaz. Jeder Doktor hat seine eigene einzigartige Pers\u00f6nlichkeit, sein eigenes Kost\u00fcm und seine eigenen Gef\u00e4hrten, aber sie alle teilen die Liebe zum Abenteuer und den Wunsch, anderen zu helfen.<\/p><\/div>","protected":false},"excerpt":{"rendered":"<p>Marke: MOC-Fabrik<br \/>\nGeschlecht: Unisex<br \/>\nAltersspanne: &gt; 6 Jahre alt<br \/>\nModellnummer: 89467<br \/>\nEinstufung: Assemblage<br \/>\nKunststoffblockform: Selbstsichernde Steine<br \/>\nMaterial: Kunststoff<br \/>\nKunststofftyp: ABS<br \/>\nZiegelsteine: 486 +<br \/>\nKein Kasten<\/p>","protected":false},"featured_media":42282,"comment_status":"open","ping_status":"closed","template":"","meta":{"_acf_changed":false},"product_cat":[1365,371,581,1408],"product_tag":[11072,8452,10859,6748,434],"class_list":["product","first","instock","shipping-taxable","purchasable","product-type-simple"],"acf":[],"_links":{"self":[{"href":"https:\/\/mouldking.store\/de\/wp-json\/wp\/v2\/product\/42292","targetHints":{"allow":["GET"]}}],"collection":[{"href":"https:\/\/mouldking.store\/de\/wp-json\/wp\/v2\/product"}],"about":[{"href":"https:\/\/mouldking.store\/de\/wp-json\/wp\/v2\/types\/product"}],"replies":[{"embeddable":true,"href":"https:\/\/mouldking.store\/de\/wp-json\/wp\/v2\/comments?post=42292"}],"wp:featuredmedia":[{"embeddable":true,"href":"https:\/\/mouldking.store\/de\/wp-json\/wp\/v2\/media\/42282"}],"wp:attachment":[{"href":"https:\/\/mouldking.store\/de\/wp-json\/wp\/v2\/media?parent=42292"}],"wp:term":[{"taxonomy":"product_cat","embeddable":true,"href":"https:\/\/mouldking.store\/de\/wp-json\/wp\/v2\/product_cat?post=42292"},{"taxonomy":"product_tag","embeddable":true,"href":"https:\/\/mouldking.store\/de\/wp-json\/wp\/v2\/product_tag?post=42292"}],"curies":[{"name":"wp","href":"https:\/\/api.w.org\/{rel}","templated":true}]}}