{"id":42311,"date":"2023-02-28T10:31:26","date_gmt":"2023-02-28T03:31:26","guid":{"rendered":"https:\/\/mouldking.store\/shop\/moc-factory-130443-avatar-rda-helicopter-aerospatiale-sa-2-samson-with-931-pieces\/"},"modified":"2025-12-16T22:25:15","modified_gmt":"2025-12-16T15:25:15","slug":"moc-factory-130443-avatar-rda-helicopter-aerospatiale-sa-2-samson-with-931-pieces","status":"publish","type":"product","link":"https:\/\/mouldking.store\/de\/shop\/moc-factory-130443-avatar-rda-helicopter-aerospatiale-sa-2-samson-with-931-pieces\/","title":{"rendered":"MOC Factory 130443 Avatar RDA Hubschrauber Aerospatiale SA-2 Samson mit 931 Teilen"},"content":{"rendered":"<div>\u2705 MOC-130443 Avatar RDA Hubschrauber Aerospatiale SA-2 Samson&nbsp;<\/p>\n<p>\u2705Der Avatar RDA Helicopter Aerospatiale SA-2 Samson ist ein fiktiver Hubschrauber aus dem Science-Fiction-Film \u201eAvatar\u201c von 2009 unter der Regie von James Cameron.<\/p>\n<p>\ud83d\udeab WICHTIG!<\/p>\n<p>Produktname: Avatar RDA Hubschrauber Aerospatiale SA-2 Samson&nbsp;<\/p>\n<p>Kategorie: Film<\/p>\n<p>Dieses Kit enth\u00e4lt: C9279<\/p>\n<p>931 St\u00fcck Steine von guter Qualit\u00e4t<\/p>\n<p>Gr\u00f6\u00dfe: 48 x 32 x 10 cm<\/p>\n<p>Gewicht: 0,93 kg<\/p>\n<p>PDF-Anleitung<\/p>\n<p>\ud83d\udcccNatur des Protagonisten<\/p>\n<p>Die Einf\u00fchrung unserer stolzen Kollektion mit dem Namen \u201eAvatar RDA Helicopter Aerospatiale SA-2 Samson\u201c sollten Sie sich nicht entgehen lassen.<\/p>\n<p>Die SA-2 Samson hat ein unverwechselbares Design mit Doppelrotoren, die auf einem schlanken Rumpf montiert sind. Der Hubschrauber ist in der Lage, gro\u00dfe Nutzlasten zu transportieren, darunter Frachtcontainer und schwere Maschinen, und kann in einer Vielzahl von Umgebungen eingesetzt werden, darunter W\u00e4lder, Berge und S\u00fcmpfe. Es ist auch mit fortschrittlichen Sensoren und Kommunikationsger\u00e4ten ausgestattet, die es ihm erm\u00f6glichen, durch Pandoras t\u00fcckisches Terrain zu navigieren und mit den Bodenteams der RDA in Kontakt zu bleiben.<\/p><\/div>","protected":false},"excerpt":{"rendered":"<p>Marke: MOC-Fabrik<br \/>\nGeschlecht: Unisex<br \/>\nAltersspanne: &gt; 8 Jahre alt<br \/>\nModellnummer: 130443<br \/>\nEinstufung: Assemblage<br \/>\nKunststoffblockform: Selbstsichernde Steine<br \/>\nMaterial: Kunststoff<br \/>\nKunststofftyp: ABS<br \/>\nZiegelsteine: 931 +<br \/>\nKein Kasten<\/p>","protected":false},"featured_media":42305,"comment_status":"open","ping_status":"closed","template":"","meta":{"_acf_changed":false},"product_cat":[1350,1357,372,581,364,1408],"product_tag":[2913,9139,5298,374,434,389],"class_list":["product","first","instock","shipping-taxable","purchasable","product-type-simple"],"acf":[],"_links":{"self":[{"href":"https:\/\/mouldking.store\/de\/wp-json\/wp\/v2\/product\/42311","targetHints":{"allow":["GET"]}}],"collection":[{"href":"https:\/\/mouldking.store\/de\/wp-json\/wp\/v2\/product"}],"about":[{"href":"https:\/\/mouldking.store\/de\/wp-json\/wp\/v2\/types\/product"}],"replies":[{"embeddable":true,"href":"https:\/\/mouldking.store\/de\/wp-json\/wp\/v2\/comments?post=42311"}],"wp:featuredmedia":[{"embeddable":true,"href":"https:\/\/mouldking.store\/de\/wp-json\/wp\/v2\/media\/42305"}],"wp:attachment":[{"href":"https:\/\/mouldking.store\/de\/wp-json\/wp\/v2\/media?parent=42311"}],"wp:term":[{"taxonomy":"product_cat","embeddable":true,"href":"https:\/\/mouldking.store\/de\/wp-json\/wp\/v2\/product_cat?post=42311"},{"taxonomy":"product_tag","embeddable":true,"href":"https:\/\/mouldking.store\/de\/wp-json\/wp\/v2\/product_tag?post=42311"}],"curies":[{"name":"wp","href":"https:\/\/api.w.org\/{rel}","templated":true}]}}