{"id":42337,"date":"2023-02-28T14:23:05","date_gmt":"2023-02-28T07:23:05","guid":{"rendered":"https:\/\/mouldking.store\/shop\/moc-factory-115338-h-iia-super-collection-with-716-pieces\/"},"modified":"2025-12-16T22:25:15","modified_gmt":"2025-12-16T15:25:15","slug":"moc-factory-115338-h-iia-super-collection-with-716-pieces","status":"publish","type":"product","link":"https:\/\/mouldking.store\/de\/shop\/moc-factory-115338-h-iia-super-collection-with-716-pieces\/","title":{"rendered":"MOC Factory 115338 H-IIA Super Collection mit 716 Teilen"},"content":{"rendered":"<div>\u2705 MOC-115338 H-IIA Super Collection<\/p>\n<p>\u2705H-IIA ist eine Familie japanischer Verbrauchstr\u00e4gerraketen (ELVs), die von der Japan Aerospace Exploration Agency (JAXA) betrieben werden. Das \u201eH\u201c steht f\u00fcr \u201eH-II\u201c und \u201eIIA\u201c steht f\u00fcr \u201eImproved Interstage Adapter\u201c.<\/p>\n<p>\ud83d\udeab WICHTIG!<\/p>\n<p>Produktname: H-IIA Super Collection<\/p>\n<p>Kategorie: Weltraum<\/p>\n<p>Dieses Kit enth\u00e4lt: C9310<\/p>\n<p>716 St\u00fcck Steine von guter Qualit\u00e4t<\/p>\n<p>Gr\u00f6\u00dfe: 8 x 8 x 24 cm<\/p>\n<p>Gewicht: 0,69 kg<\/p>\n<p>PDF-Anleitung<\/p>\n<p>\ud83d\udcccNatur des Protagonisten<\/p>\n<p>Die Einf\u00fchrung unserer stolzen Kollektion mit dem Namen \u201eGewicht: 0,69 kg\u201c sollten Sie nicht verpassen.<\/p>\n<p>Die H-IIA hat ein zweistufiges Design, wobei Feststoffraketen-Booster an der ersten Stufe angebracht sind, um w\u00e4hrend der Anfangsphase des Fluges zus\u00e4tzlichen Schub zu liefern. Die zweite Stufe der Rakete wird von einem Fl\u00fcssigbrennstoffmotor angetrieben. Der H-IIA ist seit 2001 in Betrieb und hat eine gute Erfolgsbilanz in Bezug auf Zuverl\u00e4ssigkeit und Erfolg. Es ist zu einem wichtigen Bestandteil des japanischen Weltraumprogramms geworden und unterst\u00fctzt sowohl nationale als auch internationale Missionen.<\/p><\/div>","protected":false},"excerpt":{"rendered":"<p>Marke: MOC-Fabrik<br \/>\nGeschlecht: Unisex<br \/>\nAltersspanne: &gt; 12 Jahre alt<br \/>\nModellnummer: 115338<br \/>\nEinstufung: Assemblage<br \/>\nKunststoffblockform: Selbstsichernde Steine<br \/>\nMaterial: Kunststoff<br \/>\nKunststofftyp: ABS<br \/>\nZiegelsteine: 716 +<br \/>\nKein Kasten<\/p>","protected":false},"featured_media":42333,"comment_status":"open","ping_status":"closed","template":"","meta":{"_acf_changed":false},"product_cat":[6016],"product_tag":[11441,2276,11396],"class_list":["product","first","instock","shipping-taxable","purchasable","product-type-simple"],"acf":[],"_links":{"self":[{"href":"https:\/\/mouldking.store\/de\/wp-json\/wp\/v2\/product\/42337","targetHints":{"allow":["GET"]}}],"collection":[{"href":"https:\/\/mouldking.store\/de\/wp-json\/wp\/v2\/product"}],"about":[{"href":"https:\/\/mouldking.store\/de\/wp-json\/wp\/v2\/types\/product"}],"replies":[{"embeddable":true,"href":"https:\/\/mouldking.store\/de\/wp-json\/wp\/v2\/comments?post=42337"}],"wp:featuredmedia":[{"embeddable":true,"href":"https:\/\/mouldking.store\/de\/wp-json\/wp\/v2\/media\/42333"}],"wp:attachment":[{"href":"https:\/\/mouldking.store\/de\/wp-json\/wp\/v2\/media?parent=42337"}],"wp:term":[{"taxonomy":"product_cat","embeddable":true,"href":"https:\/\/mouldking.store\/de\/wp-json\/wp\/v2\/product_cat?post=42337"},{"taxonomy":"product_tag","embeddable":true,"href":"https:\/\/mouldking.store\/de\/wp-json\/wp\/v2\/product_tag?post=42337"}],"curies":[{"name":"wp","href":"https:\/\/api.w.org\/{rel}","templated":true}]}}