{"id":42364,"date":"2023-02-28T15:00:20","date_gmt":"2023-02-28T08:00:20","guid":{"rendered":"https:\/\/mouldking.store\/shop\/moc-factory-89462-titanfall-2-ion-class-titan-with-888-pieces\/"},"modified":"2025-12-16T22:25:14","modified_gmt":"2025-12-16T15:25:14","slug":"moc-factory-89462-titanfall-2-ion-class-titan-with-888-pieces","status":"publish","type":"product","link":"https:\/\/mouldking.store\/de\/shop\/moc-factory-89462-titanfall-2-ion-class-titan-with-888-pieces\/","title":{"rendered":"MOC Factory 89462 Titanfall 2 Titan der Ionenklasse mit 888 St\u00fcck"},"content":{"rendered":"<div>\u2705 MOC-89462 Titanfall 2 Titan der Ionenklasse<\/p>\n<p>\u2705 Titanfall 2 ist ein Ego-Shooter-Videospiel, das 2016 ver\u00f6ffentlicht wurde. In dem Spiel steuern die Spieler einen Piloten, einen hochqualifizierten Soldaten, der in der Lage ist, zwischen dem Kampf zu Fu\u00df und dem Steuern einer massiven zweibeinigen Kriegsmaschine namens Titan zu wechseln.<\/p>\n<p>\ud83d\udeab WICHTIG!<\/p>\n<p>Produktname: Titanfall 2 Titan der Ionenklasse<\/p>\n<p>Kategorie: Sch\u00f6pfer<\/p>\n<p>Dieses Kit enth\u00e4lt: C9352<\/p>\n<p>888 St\u00fcck Steine von guter Qualit\u00e4t<\/p>\n<p>Gr\u00f6\u00dfe: 16 x 10 x 24 cm<\/p>\n<p>Gewicht: 0,65 kg<\/p>\n<p>PDF-Anleitung<\/p>\n<p>\ud83d\udcccNatur des Protagonisten<\/p>\n<p>Die Einf\u00fchrung unserer stolzen Kollektion namens \u201eTitanfall 2 Ion-class Titan\u201c sollten Sie sich nicht entgehen lassen.<\/p>\n<p>Der Titan der Ionen-Klasse ist eines der sechs verf\u00fcgbaren Titan-Modelle in Titanfall 2. Es ist ein energiebasierter Titan, der mit einem einzigartigen Satz an Waffen und F\u00e4higkeiten ausgestattet ist. Die Hauptwaffe des Ion ist das Splittergewehr, das einen kontinuierlichen Energiestrahl abfeuert, der f\u00fcr mehr Schaden aufgeladen werden kann. Die Sekund\u00e4rwaffe des Ion ist der Laserschuss, der einen m\u00e4chtigen Einzelschuss-Energiestrahl abfeuert.<\/p><\/div>","protected":false},"excerpt":{"rendered":"<p>Marke: MOC-Fabrik<br \/>\nGeschlecht: Unisex<br \/>\nAltersspanne: &gt; 8 Jahre alt<br \/>\nModellnummer: 89462<br \/>\nEinstufung: Assemblage<br \/>\nKunststoffblockform: Selbstsichernde Steine<br \/>\nMaterial: Kunststoff<br \/>\nKunststofftyp: ABS<br \/>\nZiegelsteine: 888 +<br \/>\nKein Kasten<\/p>","protected":false},"featured_media":42360,"comment_status":"open","ping_status":"closed","template":"","meta":{"_acf_changed":false},"product_cat":[1365,371,581,1408],"product_tag":[11072,8452,9139,11447,434,8220,11446],"class_list":["product","first","instock","shipping-taxable","purchasable","product-type-simple"],"acf":[],"_links":{"self":[{"href":"https:\/\/mouldking.store\/de\/wp-json\/wp\/v2\/product\/42364","targetHints":{"allow":["GET"]}}],"collection":[{"href":"https:\/\/mouldking.store\/de\/wp-json\/wp\/v2\/product"}],"about":[{"href":"https:\/\/mouldking.store\/de\/wp-json\/wp\/v2\/types\/product"}],"replies":[{"embeddable":true,"href":"https:\/\/mouldking.store\/de\/wp-json\/wp\/v2\/comments?post=42364"}],"wp:featuredmedia":[{"embeddable":true,"href":"https:\/\/mouldking.store\/de\/wp-json\/wp\/v2\/media\/42360"}],"wp:attachment":[{"href":"https:\/\/mouldking.store\/de\/wp-json\/wp\/v2\/media?parent=42364"}],"wp:term":[{"taxonomy":"product_cat","embeddable":true,"href":"https:\/\/mouldking.store\/de\/wp-json\/wp\/v2\/product_cat?post=42364"},{"taxonomy":"product_tag","embeddable":true,"href":"https:\/\/mouldking.store\/de\/wp-json\/wp\/v2\/product_tag?post=42364"}],"curies":[{"name":"wp","href":"https:\/\/api.w.org\/{rel}","templated":true}]}}