{"id":42377,"date":"2023-02-28T15:15:32","date_gmt":"2023-02-28T08:15:32","guid":{"rendered":"https:\/\/mouldking.store\/shop\/moc-factory-30271-l-frame-mk2-lancelot-with-616-pieces\/"},"modified":"2025-12-16T22:25:14","modified_gmt":"2025-12-16T15:25:14","slug":"moc-factory-30271-l-frame-mk2-lancelot-with-616-pieces","status":"publish","type":"product","link":"https:\/\/mouldking.store\/de\/shop\/moc-factory-30271-l-frame-mk2-lancelot-with-616-pieces\/","title":{"rendered":"MOC Factory 30271 L-Frame Mk2 \u2013 Lancelot mit 616 St\u00fcck"},"content":{"rendered":"<div>\u2705 MOC-30271 L-Frame Mk2 \u2013 Lancelot<\/p>\n<p>\u2705L-Frame Mk2 \u2013 Lancelot ist eine fiktive Mecha-Einheit aus der Anime-Serie Code Geass: Lelouch of the Rebellion. Es ist eine hochentwickelte und leistungsstarke Maschine, die von der Figur Suzaku Kururugi gesteuert wird.<\/p>\n<p>\ud83d\udeab WICHTIG!<\/p>\n<p>Produktname: L-Frame Mk2 \u2013 Lancelot<\/p>\n<p>Kategorie: Film<\/p>\n<p>Dieses Kit enth\u00e4lt: C9357<\/p>\n<p>616 St\u00fcck Steine von guter Qualit\u00e4t<\/p>\n<p>Gr\u00f6\u00dfe: 14 x 8 x 24 cm<\/p>\n<p>Gewicht: 0,62 kg<\/p>\n<p>PDF-Anleitung<\/p>\n<p>\ud83d\udcccNatur des Protagonisten<\/p>\n<p>Die Einf\u00fchrung unserer stolzen Kollektion mit dem Namen \u201eL-Frame Mk2 \u2013 Lancelot\u201c sollten Sie nicht verpassen.<\/p>\n<p>Der Lancelot ist mit einer Reihe m\u00e4chtiger Waffen ausgestattet, darunter ein Paar Maser-Vibrationsschwerter, die fast alles durchschneiden k\u00f6nnen, und ein Paar Blaze Luminous-Schilde, die m\u00e4chtige Energiest\u00f6\u00dfe abgeben k\u00f6nnen. Es ist auch mit einem Paar Slash Harkens ausgestattet, bei denen es sich um Enterhaken handelt, die f\u00fcr Mobilit\u00e4t und Kampf verwendet werden k\u00f6nnen.<\/p><\/div>","protected":false},"excerpt":{"rendered":"<p>Marke: MOC-Fabrik<br \/>\nGeschlecht: Unisex<br \/>\nAltersspanne: &gt; 8 Jahre alt<br \/>\nModellnummer: 30271<br \/>\nEinstufung: Assemblage<br \/>\nKunststoffblockform: Selbstsichernde Steine<br \/>\nMaterial: Kunststoff<br \/>\nKunststofftyp: ABS<br \/>\nZiegelsteine: 616 +<br \/>\nKein Kasten<\/p>","protected":false},"featured_media":42372,"comment_status":"open","ping_status":"closed","template":"","meta":{"_acf_changed":false},"product_cat":[1365,581,1408],"product_tag":[8452,11450,11451,434],"class_list":["product","first","instock","shipping-taxable","purchasable","product-type-simple"],"acf":[],"_links":{"self":[{"href":"https:\/\/mouldking.store\/de\/wp-json\/wp\/v2\/product\/42377","targetHints":{"allow":["GET"]}}],"collection":[{"href":"https:\/\/mouldking.store\/de\/wp-json\/wp\/v2\/product"}],"about":[{"href":"https:\/\/mouldking.store\/de\/wp-json\/wp\/v2\/types\/product"}],"replies":[{"embeddable":true,"href":"https:\/\/mouldking.store\/de\/wp-json\/wp\/v2\/comments?post=42377"}],"wp:featuredmedia":[{"embeddable":true,"href":"https:\/\/mouldking.store\/de\/wp-json\/wp\/v2\/media\/42372"}],"wp:attachment":[{"href":"https:\/\/mouldking.store\/de\/wp-json\/wp\/v2\/media?parent=42377"}],"wp:term":[{"taxonomy":"product_cat","embeddable":true,"href":"https:\/\/mouldking.store\/de\/wp-json\/wp\/v2\/product_cat?post=42377"},{"taxonomy":"product_tag","embeddable":true,"href":"https:\/\/mouldking.store\/de\/wp-json\/wp\/v2\/product_tag?post=42377"}],"curies":[{"name":"wp","href":"https:\/\/api.w.org\/{rel}","templated":true}]}}