{"id":42387,"date":"2023-02-28T15:28:18","date_gmt":"2023-02-28T08:28:18","guid":{"rendered":"https:\/\/mouldking.store\/shop\/moc-factory-89461-robot-mobile-suit-tiger-girl-with-314-pieces\/"},"modified":"2025-12-16T22:25:14","modified_gmt":"2025-12-16T15:25:14","slug":"moc-factory-89461-robot-mobile-suit-tiger-girl-with-314-pieces","status":"publish","type":"product","link":"https:\/\/mouldking.store\/de\/shop\/moc-factory-89461-robot-mobile-suit-tiger-girl-with-314-pieces\/","title":{"rendered":"MOC Factory 89461 Mobiler Roboteranzug Tiger Girl mit 314 Teilen"},"content":{"rendered":"<div>\u2705 MOC-89461 Roboter-Mobilanzug Tiger Girl&nbsp;<\/p>\n<p>\u2705Robot Mobile Suit Tiger Girl ist eine gelb-wei\u00dfe LEGO-Kreation, die einem Tiger nachempfunden zu sein scheint.<\/p>\n<p>\ud83d\udeab WICHTIG!<\/p>\n<p>Produktname: Roboter Mobile Suit Tiger Girl&nbsp;<\/p>\n<p>Kategorie: Sch\u00f6pfer<\/p>\n<p>Dieses Kit enth\u00e4lt: C9358<\/p>\n<p>314 St\u00fcck Steine von guter Qualit\u00e4t<\/p>\n<p>Gr\u00f6\u00dfe: 15,4 x 12,4 x 25,6 cm<\/p>\n<p>Gewicht: 0,42 kg<\/p>\n<p>PDF-Anleitung<\/p>\n<p>\ud83d\udcccNatur des Protagonisten<\/p>\n<p>Die Einf\u00fchrung unserer stolzen Kollektion mit dem Namen \u201eRobot Mobile Suit Tiger Girl\u201c sollten Sie nicht verpassen.<\/p>\n<p>Das Roboterm\u00e4dchen hat eine humanoide Form mit Kopf, Oberk\u00f6rper, Armen und Beinen und ist \u00fcberwiegend gelb mit wei\u00dfen Akzenten. Der Kopf \u00e4hnelt einem Tigerkopf mit spitzen Ohren, einer Schnauze und gro\u00dfen Augen. Die Arme und Beine verf\u00fcgen \u00fcber verschiedene Gelenkst\u00fccke, die Poseability und Bewegung erm\u00f6glichen. Das Roboterm\u00e4dchen ist auch mit verschiedenen Waffen und Zubeh\u00f6r ausgestattet, darunter scheinbar gro\u00dfe Kanonen, die an den Armen befestigt sind, und ein Rucksack, der zus\u00e4tzliche Waffen enth\u00e4lt.<\/p><\/div>","protected":false},"excerpt":{"rendered":"<p>Marke: MOC-Fabrik<br \/>\nGeschlecht: Unisex<br \/>\nAltersspanne: &gt; 8 Jahre alt<br \/>\nModellnummer: 89461<br \/>\nEinstufung: Assemblage<br \/>\nKunststoffblockform: Selbstsichernde Steine<br \/>\nMaterial: Kunststoff<br \/>\nKunststofftyp: ABS<br \/>\nZiegelsteine: 314 +<br \/>\nKein Kasten<\/p>","protected":false},"featured_media":42378,"comment_status":"open","ping_status":"closed","template":"","meta":{"_acf_changed":false},"product_cat":[1365,371],"product_tag":[11072,8452,11035,590,6482],"class_list":["product","first","instock","shipping-taxable","purchasable","product-type-simple"],"acf":[],"_links":{"self":[{"href":"https:\/\/mouldking.store\/de\/wp-json\/wp\/v2\/product\/42387","targetHints":{"allow":["GET"]}}],"collection":[{"href":"https:\/\/mouldking.store\/de\/wp-json\/wp\/v2\/product"}],"about":[{"href":"https:\/\/mouldking.store\/de\/wp-json\/wp\/v2\/types\/product"}],"replies":[{"embeddable":true,"href":"https:\/\/mouldking.store\/de\/wp-json\/wp\/v2\/comments?post=42387"}],"wp:featuredmedia":[{"embeddable":true,"href":"https:\/\/mouldking.store\/de\/wp-json\/wp\/v2\/media\/42378"}],"wp:attachment":[{"href":"https:\/\/mouldking.store\/de\/wp-json\/wp\/v2\/media?parent=42387"}],"wp:term":[{"taxonomy":"product_cat","embeddable":true,"href":"https:\/\/mouldking.store\/de\/wp-json\/wp\/v2\/product_cat?post=42387"},{"taxonomy":"product_tag","embeddable":true,"href":"https:\/\/mouldking.store\/de\/wp-json\/wp\/v2\/product_tag?post=42387"}],"curies":[{"name":"wp","href":"https:\/\/api.w.org\/{rel}","templated":true}]}}