{"id":42414,"date":"2023-03-01T16:40:37","date_gmt":"2023-03-01T09:40:37","guid":{"rendered":"https:\/\/mouldking.store\/shop\/qman-enlighten-keeppley-k20215-pokemon-ashs-koga-ninja-with-400-pieces\/"},"modified":"2023-03-01T16:40:37","modified_gmt":"2023-03-01T09:40:37","slug":"qman-enlighten-keeppley-k20215-pokemon-ashs-koga-ninja-with-400-pieces","status":"publish","type":"product","link":"https:\/\/mouldking.store\/de\/shop\/qman-enlighten-keeppley-k20215-pokemon-ashs-koga-ninja-with-400-pieces\/","title":{"rendered":"QMAN \/ ENLIGHTEN \/ KEEPPLEY K20215 Pok\u00e9mon: Ashs Koga Ninja mit 400 Teilen"},"content":{"rendered":"<div>\u2705 ERLEUCHTE K20215 Pok\u00e9mon: Ashs Koga-Ninja<br \/>&nbsp;<br \/>\u2705Koga ist ein Arenaleiter in den Pok\u00e9mon-Spielen und im Anime, der sich auf Gift-Pok\u00e9mon spezialisiert hat. Er ist auch Mitglied des Koga-Ninja-Clans, der f\u00fcr seine heimlichen Taktiken und seine Beherrschung von Gift-Pok\u00e9mon bekannt ist. Im Anime hat Koga eine Tochter namens Janine, die ebenfalls Arenaleiterin wird und Pok\u00e9mon vom Typ Gift einsetzt.<br \/>&nbsp;<br \/>\ud83d\udeab WICHTIG!&nbsp;<br \/>&nbsp;<br \/>Produktname: Pok\u00e9mon: Ashs Koga Ninja<br \/>&nbsp;<br \/>Kategorie: Sch\u00f6pfer&nbsp;<br \/>&nbsp;<br \/>Dieses Kit enth\u00e4lt: ENLIGHTEN K20215<br \/>&nbsp;<br \/>400 St\u00fcck Steine von guter Qualit\u00e4t&nbsp;<br \/>&nbsp;<br \/>Gr\u00f6\u00dfe: 30 \u00d7 35 \u00d7 40 cm<br \/>&nbsp;<br \/>Manuelle Anweisungen&nbsp;<br \/>&nbsp;<br \/>\ud83d\udcccNatur des Protagonisten&nbsp;<br \/>&nbsp;<br \/>Die Einf\u00fchrung unserer stolzen Kollektion mit dem Namen \u201ePok\u00e9mon: Ashs Koga Ninja\u201c solltest du dir nicht entgehen lassen.&nbsp;<br \/>&nbsp;<br \/>Ash ist die Hauptfigur der Pok\u00e9mon-Anime-Serie und hat w\u00e4hrend seiner Abenteuer eine Vielzahl von Pok\u00e9mon gefangen und trainiert. Zu den Pok\u00e9mon, die er gefangen hat oder denen er begegnet ist und die mit dem Koga-Fitnessstudio verwandt sind, geh\u00f6ren Weedle, Kakuna, Beedrill, Venonat und Venomoth. Mir ist jedoch kein bestimmtes Pok\u00e9mon bekannt, das Ash gefangen oder trainiert hat und das als \u201eAshs Koga-Ninja\u201c bezeichnet wird.<\/div>","protected":false},"excerpt":{"rendered":"<p>Marke: QMAN \/ ENLIGHTEN \/ KEEPPLEY<br \/>\nGeschlecht: Unisex<br \/>\nAltersspanne: &gt; 6 Jahre alt<br \/>\nModellnummer: K20215<br \/>\nEinstufung: Assemblage<br \/>\nKunststoffblockform: Selbstsichernde Steine<br \/>\nMaterial: Kunststoff<br \/>\nKunststofftyp: ABS<br \/>\nZiegelsteine: 400 +<br \/>\nKeine Originalverpackung<\/p>","protected":false},"featured_media":42409,"comment_status":"open","ping_status":"closed","template":"","meta":{"_acf_changed":false},"product_cat":[1365,371,581,1408],"product_tag":[11072,8452,9139,434,8335,2468],"class_list":["product","first","instock","shipping-taxable","purchasable","product-type-simple"],"acf":[],"_links":{"self":[{"href":"https:\/\/mouldking.store\/de\/wp-json\/wp\/v2\/product\/42414","targetHints":{"allow":["GET"]}}],"collection":[{"href":"https:\/\/mouldking.store\/de\/wp-json\/wp\/v2\/product"}],"about":[{"href":"https:\/\/mouldking.store\/de\/wp-json\/wp\/v2\/types\/product"}],"replies":[{"embeddable":true,"href":"https:\/\/mouldking.store\/de\/wp-json\/wp\/v2\/comments?post=42414"}],"wp:featuredmedia":[{"embeddable":true,"href":"https:\/\/mouldking.store\/de\/wp-json\/wp\/v2\/media\/42409"}],"wp:attachment":[{"href":"https:\/\/mouldking.store\/de\/wp-json\/wp\/v2\/media?parent=42414"}],"wp:term":[{"taxonomy":"product_cat","embeddable":true,"href":"https:\/\/mouldking.store\/de\/wp-json\/wp\/v2\/product_cat?post=42414"},{"taxonomy":"product_tag","embeddable":true,"href":"https:\/\/mouldking.store\/de\/wp-json\/wp\/v2\/product_tag?post=42414"}],"curies":[{"name":"wp","href":"https:\/\/api.w.org\/{rel}","templated":true}]}}