{"id":42420,"date":"2023-03-01T16:45:47","date_gmt":"2023-03-01T09:45:47","guid":{"rendered":"https:\/\/mouldking.store\/shop\/qman-enlighten-keeppley-k20216-pokemon-super-charizard-x-with-400-pieces\/"},"modified":"2023-03-01T16:45:47","modified_gmt":"2023-03-01T09:45:47","slug":"qman-enlighten-keeppley-k20216-pokemon-super-charizard-x-with-400-pieces","status":"publish","type":"product","link":"https:\/\/mouldking.store\/de\/shop\/qman-enlighten-keeppley-k20216-pokemon-super-charizard-x-with-400-pieces\/","title":{"rendered":"QMAN \/ ENLIGHTEN \/ KEEPPLEY K20216 Pok\u00e9mon: Super Charizard X mit 400 St\u00fcck"},"content":{"rendered":"<div>\u2705 ENLIGHTEN K20216 Pok\u00e9mon: Super Charizard X<br \/>&nbsp;<br \/>\u2705Es gibt eine Mega-Entwicklung von Charizard namens Mega Charizard X, eine m\u00e4chtige Form, die Charizard annehmen kann, wenn es einen bestimmten Megastein h\u00e4lt, der als Charizardite X bekannt ist.<br \/>&nbsp;<br \/>\ud83d\udeab WICHTIG!&nbsp;<br \/>&nbsp;<br \/>Produktname: Pok\u00e9mon: Super Charizard X<br \/>&nbsp;<br \/>Kategorie: Sch\u00f6pfer&nbsp;<br \/>&nbsp;<br \/>Dieses Kit enth\u00e4lt: ENLIGHTEN K20216<br \/>&nbsp;<br \/>400 St\u00fcck Steine von guter Qualit\u00e4t&nbsp;<br \/>&nbsp;<br \/>Gr\u00f6\u00dfe: 35 \u00d7 36 \u00d7 35 cm<br \/>&nbsp;<br \/>Manuelle Anweisungen&nbsp;<br \/>&nbsp;<br \/>\ud83d\udcccNatur des Protagonisten&nbsp;<br \/>&nbsp;<br \/>Die Einf\u00fchrung unserer stolzen Kollektion mit dem Namen \u201ePok\u00e9mon: Super Charizard X\u201c, die Sie nicht verpassen sollten.&nbsp;<br \/>&nbsp;<br \/>Mega-Glurak X ist ein Feuer-\/Drachen-Pok\u00e9mon mit zwei Typen, was ihm einen einzigartigen Typ und eine Reihe m\u00e4chtiger Attacken verleiht. Sein Design zeichnet sich durch blaue Flammen, verbesserte Fl\u00fcgel und Stacheln an seinem K\u00f6rper aus, die es aggressiver und einsch\u00fcchternder aussehen lassen als das normale Glurak.<\/div>","protected":false},"excerpt":{"rendered":"<p>Marke: QMAN \/ ENLIGHTEN \/ KEEPPLEY<br \/>\nGeschlecht: Unisex<br \/>\nAltersspanne: &gt; 6 Jahre alt<br \/>\nModellnummer: K20216<br \/>\nEinstufung: Assemblage<br \/>\nKunststoffblockform: Selbstsichernde Steine<br \/>\nMaterial: Kunststoff<br \/>\nKunststofftyp: ABS<br \/>\nZiegelsteine: 400 +<br \/>\nKeine Originalverpackung<\/p>","protected":false},"featured_media":42415,"comment_status":"open","ping_status":"closed","template":"","meta":{"_acf_changed":false},"product_cat":[1365,371,581,1408],"product_tag":[11455,11072,8452,9139,434,11454],"class_list":["product","first","instock","shipping-taxable","purchasable","product-type-simple"],"acf":[],"_links":{"self":[{"href":"https:\/\/mouldking.store\/de\/wp-json\/wp\/v2\/product\/42420","targetHints":{"allow":["GET"]}}],"collection":[{"href":"https:\/\/mouldking.store\/de\/wp-json\/wp\/v2\/product"}],"about":[{"href":"https:\/\/mouldking.store\/de\/wp-json\/wp\/v2\/types\/product"}],"replies":[{"embeddable":true,"href":"https:\/\/mouldking.store\/de\/wp-json\/wp\/v2\/comments?post=42420"}],"wp:featuredmedia":[{"embeddable":true,"href":"https:\/\/mouldking.store\/de\/wp-json\/wp\/v2\/media\/42415"}],"wp:attachment":[{"href":"https:\/\/mouldking.store\/de\/wp-json\/wp\/v2\/media?parent=42420"}],"wp:term":[{"taxonomy":"product_cat","embeddable":true,"href":"https:\/\/mouldking.store\/de\/wp-json\/wp\/v2\/product_cat?post=42420"},{"taxonomy":"product_tag","embeddable":true,"href":"https:\/\/mouldking.store\/de\/wp-json\/wp\/v2\/product_tag?post=42420"}],"curies":[{"name":"wp","href":"https:\/\/api.w.org\/{rel}","templated":true}]}}