{"id":42438,"date":"2023-03-01T17:12:31","date_gmt":"2023-03-01T10:12:31","guid":{"rendered":"https:\/\/mouldking.store\/shop\/moc-factory-94689-malfoy-manor-with-1813-pieces\/"},"modified":"2025-12-16T22:25:14","modified_gmt":"2025-12-16T15:25:14","slug":"moc-factory-94689-malfoy-manor-with-1813-pieces","status":"publish","type":"product","link":"https:\/\/mouldking.store\/de\/shop\/moc-factory-94689-malfoy-manor-with-1813-pieces\/","title":{"rendered":"MOC Factory 94689 Malfoy Manor mit 1813 Teilen"},"content":{"rendered":"<div>\u2705 MOC-94689 Malfoy-Anwesen<\/p>\n<p>\u2705Malfoy Manor ist ein fiktiver Ort in der Buch- und Filmreihe Harry Potter. Es ist das Stammhaus der Familie Malfoy, einer wohlhabenden und einflussreichen reinbl\u00fctigen Zaubererfamilie, die Lord Voldemort und seine Todesser unterst\u00fctzt.<\/p>\n<p>\ud83d\udeab WICHTIG!<\/p>\n<p>Produktname: Malfoy Manor<\/p>\n<p>Kategorie: Film<\/p>\n<p>Dieses Kit enth\u00e4lt: MOC-94689<\/p>\n<p>1813 St\u00fcck Ziegel von guter Qualit\u00e4t<\/p>\n<p>Gewicht: 1700 g<\/p>\n<p>PDF-Anleitung<\/p>\n<p>\ud83d\udcccNatur des Protagonisten<\/p>\n<p>Die Einf\u00fchrung unserer stolzen Kollektion mit dem Namen \u201eMalfoy Manor\u201c sollten Sie sich nicht entgehen lassen.<\/p>\n<p>Malfoy Manor liegt in der Grafschaft Wiltshire in England und ist ein pr\u00e4chtiges und opulentes Herrenhaus, das von weitl\u00e4ufigen Grundst\u00fccken und G\u00e4rten umgeben ist. Es wird beschrieben, dass es hohe Decken, kunstvolle Dekorationen und zahlreiche R\u00e4ume und Korridore hat, darunter ein Verlies, in dem Gefangene festgehalten werden. In der Harry-Potter-Reihe spielt Malfoy Manor eine herausragende Rolle im siebten Buch \u201eHarry Potter und die Heiligt\u00fcmer des Todes\u201c, wo es als Hauptquartier von Voldemort und den Todessern dient. Das Manor ist Schauplatz mehrerer Schl\u00fcsselereignisse im Buch, darunter die Gefangennahme und Inhaftierung mehrerer Hauptfiguren und der finale Showdown zwischen Harry Potter und Voldemort.<\/p><\/div>","protected":false},"excerpt":{"rendered":"<p>Marke: MOC-Fabrik<br \/>\nGeschlecht: Unisex<br \/>\nAltersspanne: &gt; 12 Jahre alt<br \/>\nModellnummer: 94689<br \/>\nEinstufung: Assemblage<br \/>\nKunststoffblockform: Selbstsichernde Steine<br \/>\nMaterial: Kunststoff<br \/>\nKunststofftyp: ABS<br \/>\nZiegelsteine: 1813 +<br \/>\nVorbereitungszeit: 4-8 Wochen<\/p>","protected":false},"featured_media":42436,"comment_status":"open","ping_status":"closed","template":"","meta":{"_acf_changed":false},"product_cat":[1395,390,581,1408],"product_tag":[727,4883,5724,11456,11457,392,434],"class_list":["product","first","instock","shipping-taxable","purchasable","product-type-simple"],"acf":[],"_links":{"self":[{"href":"https:\/\/mouldking.store\/de\/wp-json\/wp\/v2\/product\/42438","targetHints":{"allow":["GET"]}}],"collection":[{"href":"https:\/\/mouldking.store\/de\/wp-json\/wp\/v2\/product"}],"about":[{"href":"https:\/\/mouldking.store\/de\/wp-json\/wp\/v2\/types\/product"}],"replies":[{"embeddable":true,"href":"https:\/\/mouldking.store\/de\/wp-json\/wp\/v2\/comments?post=42438"}],"wp:featuredmedia":[{"embeddable":true,"href":"https:\/\/mouldking.store\/de\/wp-json\/wp\/v2\/media\/42436"}],"wp:attachment":[{"href":"https:\/\/mouldking.store\/de\/wp-json\/wp\/v2\/media?parent=42438"}],"wp:term":[{"taxonomy":"product_cat","embeddable":true,"href":"https:\/\/mouldking.store\/de\/wp-json\/wp\/v2\/product_cat?post=42438"},{"taxonomy":"product_tag","embeddable":true,"href":"https:\/\/mouldking.store\/de\/wp-json\/wp\/v2\/product_tag?post=42438"}],"curies":[{"name":"wp","href":"https:\/\/api.w.org\/{rel}","templated":true}]}}