{"id":42445,"date":"2023-03-01T17:29:09","date_gmt":"2023-03-01T10:29:09","guid":{"rendered":"https:\/\/mouldking.store\/shop\/moc-factory-59226-azkaban-magic-movie-wizarding-prison-with-1989-pieces\/"},"modified":"2025-12-16T22:25:14","modified_gmt":"2025-12-16T15:25:14","slug":"moc-factory-59226-azkaban-magic-movie-wizarding-prison-with-1989-pieces","status":"publish","type":"product","link":"https:\/\/mouldking.store\/de\/shop\/moc-factory-59226-azkaban-magic-movie-wizarding-prison-with-1989-pieces\/","title":{"rendered":"MOC Factory 59226 Askaban Magic Movie Wizarding Prison mit 1989 Teilen"},"content":{"rendered":"<div>\u2705 MOC-59226 Askaban Magic Movie Zauberergef\u00e4ngnis<\/p>\n<p>\u2705Azkaban ist ein fiktives Gef\u00e4ngnis in der Harry-Potter-Buch- und Filmreihe. Es handelt sich um eine Hochsicherheitseinrichtung auf einer Insel in der Nordsee vor der K\u00fcste Schottlands, in der gef\u00e4hrliche und m\u00e4chtige Zauberer und Hexen eingesperrt werden.<\/p>\n<p>\ud83d\udeab WICHTIG!<\/p>\n<p>Produktname: Askaban Magic Movie Wizarding Prison<\/p>\n<p>Kategorie: Film<\/p>\n<p>Dieses Kit enth\u00e4lt: MOC-59226&nbsp;<\/p>\n<p>1989 St\u00fcck Ziegel von guter Qualit\u00e4t<\/p>\n<p>Gewicht: 1800 g<\/p>\n<p>PDF-Anleitung<\/p>\n<p>\ud83d\udcccNatur des Protagonisten<\/p>\n<p>Die Einf\u00fchrung unserer stolzen Sammlung mit dem Namen \u201eAzkaban Magic Movie Wizarding Prison\u201c sollten Sie nicht verpassen.<\/p>\n<p>Askaban ist bekannt f\u00fcr seine harten und unmenschlichen Bedingungen, in denen Gefangene Dementoren ausgesetzt sind, dunklen Kreaturen, die sich von menschlichem Gl\u00fcck ern\u00e4hren und ihre Opfer in einem Zustand der Verzweiflung zur\u00fccklassen. Die Anwesenheit von Dementoren in Askaban hat dazu gef\u00fchrt, dass eine Reihe von Gefangenen wahnsinnig geworden sind oder w\u00e4hrend ihrer Zeit im Gef\u00e4ngnis gestorben sind. In der Harry-Potter-Serie sind mehrere Schl\u00fcsselfiguren in Askaban eingesperrt, darunter Sirius Black, der f\u00e4lschlicherweise beschuldigt wird, Harry Potters Eltern an Lord Voldemort verraten zu haben. Das Gef\u00e4ngnis ist auch Schauplatz eines gewagten Fluchtversuchs von Voldemorts Todessern im f\u00fcnften Buch \u201eHarry Potter und der Orden des Ph\u00f6nix\u201c.<\/p><\/div>","protected":false},"excerpt":{"rendered":"<p>Marke: MOC-Fabrik<br \/>\nGeschlecht: Unisex<br \/>\nAltersspanne: &gt; 12 Jahre alt<br \/>\nModellnummer: 59226<br \/>\nEinstufung: Assemblage<br \/>\nKunststoffblockform: Selbstsichernde Steine<br \/>\nMaterial: Kunststoff<br \/>\nKunststofftyp: ABS<br \/>\nZiegelsteine: 1989 +<br \/>\nVorbereitungszeit: 4-8 Wochen<\/p>","protected":false},"featured_media":42442,"comment_status":"open","ping_status":"closed","template":"","meta":{"_acf_changed":false},"product_cat":[1395,390,581,1408],"product_tag":[4883,5724,392,434,11169,11458,11459],"class_list":["product","first","instock","shipping-taxable","purchasable","product-type-simple"],"acf":[],"_links":{"self":[{"href":"https:\/\/mouldking.store\/de\/wp-json\/wp\/v2\/product\/42445","targetHints":{"allow":["GET"]}}],"collection":[{"href":"https:\/\/mouldking.store\/de\/wp-json\/wp\/v2\/product"}],"about":[{"href":"https:\/\/mouldking.store\/de\/wp-json\/wp\/v2\/types\/product"}],"replies":[{"embeddable":true,"href":"https:\/\/mouldking.store\/de\/wp-json\/wp\/v2\/comments?post=42445"}],"wp:featuredmedia":[{"embeddable":true,"href":"https:\/\/mouldking.store\/de\/wp-json\/wp\/v2\/media\/42442"}],"wp:attachment":[{"href":"https:\/\/mouldking.store\/de\/wp-json\/wp\/v2\/media?parent=42445"}],"wp:term":[{"taxonomy":"product_cat","embeddable":true,"href":"https:\/\/mouldking.store\/de\/wp-json\/wp\/v2\/product_cat?post=42445"},{"taxonomy":"product_tag","embeddable":true,"href":"https:\/\/mouldking.store\/de\/wp-json\/wp\/v2\/product_tag?post=42445"}],"curies":[{"name":"wp","href":"https:\/\/api.w.org\/{rel}","templated":true}]}}