{"id":42452,"date":"2023-03-01T17:37:00","date_gmt":"2023-03-01T10:37:00","guid":{"rendered":"https:\/\/mouldking.store\/shop\/moc-factory-127125-sci-fi-clone-tank-cannon-with-463-pieces\/"},"modified":"2025-12-16T22:25:14","modified_gmt":"2025-12-16T15:25:14","slug":"moc-factory-127125-sci-fi-clone-tank-cannon-with-463-pieces","status":"publish","type":"product","link":"https:\/\/mouldking.store\/de\/shop\/moc-factory-127125-sci-fi-clone-tank-cannon-with-463-pieces\/","title":{"rendered":"MOC Factory 127125 Sci-Fi Clone Tank Cannon mit 463 Teilen"},"content":{"rendered":"<div>\u2705 MOC-127125 Sci-Fi-Klon-Panzerkanone&nbsp;<\/p>\n<p>\u2705Die AV-7 Cannon V.2 ist eine fiktive Waffe im Star Wars-Universum. Es ist eine schwere Artilleriewaffe, die haupts\u00e4chlich von der Gro\u00dfen Armee der Republik eingesetzt wird, der Milit\u00e4rorganisation, die w\u00e4hrend der Klonkriege gegen die separatistische Droidenarmee k\u00e4mpfte.<\/p>\n<p>\ud83d\udeab WICHTIG!<\/p>\n<p>Produktname: Sci-Fi-Klon-Panzerkanone&nbsp;<\/p>\n<p>Kategorie: Krieg der Sterne<\/p>\n<p>Dieses Kit enth\u00e4lt: MOC-127125<\/p>\n<p>463 St\u00fcck Steine von guter Qualit\u00e4t<\/p>\n<p>Gewicht: 300g<\/p>\n<p>PDF-Anleitung<\/p>\n<p>\ud83d\udcccNatur des Protagonisten<\/p>\n<p>Die Einf\u00fchrung unserer stolzen Kollektion mit dem Namen \u201eSci-Fi Clone Tank Cannon\u201c sollten Sie nicht verpassen.<\/p>\n<p>Die AV-7 Cannon V.2 ist eine mobile Waffenplattform, die auf verschiedenen Gel\u00e4ndetypen eingesetzt werden kann, darunter Sandstr\u00e4nde und felsige Klippen. Es verf\u00fcgt \u00fcber eine gro\u00dfe, rotierende Kanone, die m\u00e4chtige Energiestrahlen abfeuern kann, die feindliche Fahrzeuge und Geb\u00e4ude ausschalten k\u00f6nnen. In der Zeichentrickserie Star Wars: The Clone Wars wird die AV-7 Cannon V.2 in mehreren wichtigen Schlachten eingesetzt, darunter die Schlacht von Umbara und die Schlacht von Ringo Vinda. Die Waffe wird oft von Klontruppen eingesetzt, die ihre Feuerkraft nutzen k\u00f6nnen, um strategische Vorteile gegen\u00fcber feindlichen Streitkr\u00e4ften zu erlangen.<\/p><\/div>","protected":false},"excerpt":{"rendered":"<p>Marke: MOC-Fabrik<br \/>\nGeschlecht: Unisex<br \/>\nAltersspanne: &gt; 12 Jahre alt<br \/>\nModellnummer: 127125<br \/>\nEinstufung: Assemblage<br \/>\nKunststoffblockform: Selbstsichernde Steine<br \/>\nMaterial: Kunststoff<br \/>\nKunststofftyp: ABS<br \/>\nZiegelsteine: 463 +<br \/>\nVorbereitungszeit: 4-8 Wochen<\/p>","protected":false},"featured_media":42446,"comment_status":"open","ping_status":"closed","template":"","meta":{"_acf_changed":false},"product_cat":[1350,1357,372,581,6016,415,364,1408],"product_tag":[11460,374,434,2276,436,485,389],"class_list":["product","first","instock","shipping-taxable","purchasable","product-type-simple"],"acf":[],"_links":{"self":[{"href":"https:\/\/mouldking.store\/de\/wp-json\/wp\/v2\/product\/42452","targetHints":{"allow":["GET"]}}],"collection":[{"href":"https:\/\/mouldking.store\/de\/wp-json\/wp\/v2\/product"}],"about":[{"href":"https:\/\/mouldking.store\/de\/wp-json\/wp\/v2\/types\/product"}],"replies":[{"embeddable":true,"href":"https:\/\/mouldking.store\/de\/wp-json\/wp\/v2\/comments?post=42452"}],"wp:featuredmedia":[{"embeddable":true,"href":"https:\/\/mouldking.store\/de\/wp-json\/wp\/v2\/media\/42446"}],"wp:attachment":[{"href":"https:\/\/mouldking.store\/de\/wp-json\/wp\/v2\/media?parent=42452"}],"wp:term":[{"taxonomy":"product_cat","embeddable":true,"href":"https:\/\/mouldking.store\/de\/wp-json\/wp\/v2\/product_cat?post=42452"},{"taxonomy":"product_tag","embeddable":true,"href":"https:\/\/mouldking.store\/de\/wp-json\/wp\/v2\/product_tag?post=42452"}],"curies":[{"name":"wp","href":"https:\/\/api.w.org\/{rel}","templated":true}]}}