{"id":42490,"date":"2023-03-01T18:28:01","date_gmt":"2023-03-01T11:28:01","guid":{"rendered":"https:\/\/mouldking.store\/shop\/moc-factory-29408-ucs-kms-bismarck-battleship-with-7164-pieces\/"},"modified":"2025-12-16T22:25:14","modified_gmt":"2025-12-16T15:25:14","slug":"moc-factory-29408-ucs-kms-bismarck-battleship-with-7164-pieces","status":"publish","type":"product","link":"https:\/\/mouldking.store\/de\/shop\/moc-factory-29408-ucs-kms-bismarck-battleship-with-7164-pieces\/","title":{"rendered":"MOC Factory 29408 UCS KMS Bismarck Schlachtschiff mit 7164 Teilen"},"content":{"rendered":"<div>\u2705 MOC-29408 UCS KMS Bismarck-Schlachtschiff<\/p>\n<p>\u2705UCS KMS Bismarck ist ein Ziegelmodell des deutschen Schlachtschiffs Bismarck, das von einem Ziegelliebhaber entworfen und als Bauanleitung verkauft wird. Der Begriff UCS steht f\u00fcr \u201eUltimate Collector&#039;s Series\u201c, eine Bezeichnung, die von Brick verwendet wird, um eine Reihe von Modellen zu bezeichnen, die f\u00fcr erfahrenere Baumeister und Sammler entwickelt wurden und in der Regel gr\u00f6\u00dfer und komplexer als normale Brick-Sets sind.<\/p>\n<p>\ud83d\udeab WICHTIG!<\/p>\n<p>Produktname: UCS KMS Bismarck-Schlachtschiff<\/p>\n<p>Kategorie: Milit\u00e4r<\/p>\n<p>Dieses Kit enth\u00e4lt: MOC-29408<\/p>\n<p>7164 St\u00fcck Steine von guter Qualit\u00e4t<\/p>\n<p>Gewicht: 6000g<\/p>\n<p>PDF-Anleitung<\/p>\n<p>\ud83d\udcccNatur des Protagonisten<\/p>\n<p>Die Einf\u00fchrung unserer stolzen Kollektion mit dem Namen \u201eUCS KMS Bismarck Battleship\u201c sollten Sie nicht verpassen.<\/p>\n<p>Die KMS Bismarck war ein ber\u00fchmtes Schlachtschiff, das im Zweiten Weltkrieg in der deutschen Marine diente. Das Backsteinmodell ist dem echten Schiff so \u00e4hnlich wie m\u00f6glich und verf\u00fcgt \u00fcber komplizierte Details wie einen detaillierten Rumpf, Gesch\u00fctzt\u00fcrme und einen Ausstellungsst\u00e4nder. Es besteht aus \u00fcber 7.000 Ziegelst\u00fccken und misst \u00fcber 100 cm (40 Zoll) in der L\u00e4nge.<\/p><\/div>","protected":false},"excerpt":{"rendered":"<p>Marke: MOC-Fabrik<br \/>\nGeschlecht: Unisex<br \/>\nAltersspanne: &gt; 12 Jahre alt<br \/>\nModellnummer: 29408<br \/>\nEinstufung: Assemblage<br \/>\nKunststoffblockform: Selbstsichernde Steine<br \/>\nMaterial: Kunststoff<br \/>\nKunststofftyp: ABS<br \/>\nZiegelsteine: 7164 +<br \/>\nVorbereitungszeit: 4-8 Wochen<\/p>","protected":false},"featured_media":42484,"comment_status":"open","ping_status":"closed","template":"","meta":{"_acf_changed":false},"product_cat":[1350,1357,372,364],"product_tag":[5703,9289,374,389,4093],"class_list":["product","first","instock","shipping-taxable","purchasable","product-type-simple"],"acf":[],"_links":{"self":[{"href":"https:\/\/mouldking.store\/de\/wp-json\/wp\/v2\/product\/42490","targetHints":{"allow":["GET"]}}],"collection":[{"href":"https:\/\/mouldking.store\/de\/wp-json\/wp\/v2\/product"}],"about":[{"href":"https:\/\/mouldking.store\/de\/wp-json\/wp\/v2\/types\/product"}],"replies":[{"embeddable":true,"href":"https:\/\/mouldking.store\/de\/wp-json\/wp\/v2\/comments?post=42490"}],"wp:featuredmedia":[{"embeddable":true,"href":"https:\/\/mouldking.store\/de\/wp-json\/wp\/v2\/media\/42484"}],"wp:attachment":[{"href":"https:\/\/mouldking.store\/de\/wp-json\/wp\/v2\/media?parent=42490"}],"wp:term":[{"taxonomy":"product_cat","embeddable":true,"href":"https:\/\/mouldking.store\/de\/wp-json\/wp\/v2\/product_cat?post=42490"},{"taxonomy":"product_tag","embeddable":true,"href":"https:\/\/mouldking.store\/de\/wp-json\/wp\/v2\/product_tag?post=42490"}],"curies":[{"name":"wp","href":"https:\/\/api.w.org\/{rel}","templated":true}]}}