{"id":42501,"date":"2023-03-01T18:43:35","date_gmt":"2023-03-01T11:43:35","guid":{"rendered":"https:\/\/mouldking.store\/shop\/moc-factory-46317-fairchild-republic-a-10-thunderbolt-ii-with-1224-pieces\/"},"modified":"2025-12-16T22:25:13","modified_gmt":"2025-12-16T15:25:13","slug":"moc-factory-46317-fairchild-republic-a-10-thunderbolt-ii-with-1224-pieces","status":"publish","type":"product","link":"https:\/\/mouldking.store\/de\/shop\/moc-factory-46317-fairchild-republic-a-10-thunderbolt-ii-with-1224-pieces\/","title":{"rendered":"MOC Factory 46317 Fairchild Republic A-10 Thunderbolt II mit 1224 St\u00fcck"},"content":{"rendered":"<div>\u2705 MOC-46317 Fairchild Republic A-10 Thunderbolt II<\/p>\n<p>\u2705Die Fairchild Republic A-10 Thunderbolt II ist ein einsitziges D\u00fcsenflugzeug mit zwei Turbofan-Triebwerken und geradem Fl\u00fcgel, das von Fairchild Republic f\u00fcr die United States Air Force (USAF) entwickelt wurde. Es wird allgemein mit seinem Spitznamen \u201eWarzenschwein\u201c bezeichnet. Die A-10 ist in erster Linie f\u00fcr die Luftnahunterst\u00fctzung von Bodentruppen ausgelegt, was bedeutet, dass sie speziell daf\u00fcr ausgelegt ist, feindliche Bodentruppen in unmittelbarer N\u00e4he zu befreundeten Bodentruppen anzugreifen.<\/p>\n<p>\ud83d\udeab WICHTIG!<\/p>\n<p>Produktname: Fairchild Republic A-10 Thunderbolt II<\/p>\n<p>Kategorie: Milit\u00e4r<\/p>\n<p>Dieses Kit enth\u00e4lt: MOC-46317<\/p>\n<p>1224 St\u00fcck Steine von guter Qualit\u00e4t<\/p>\n<p>Gewicht: 1200g<\/p>\n<p>PDF-Anleitung<\/p>\n<p>\ud83d\udcccNatur des Protagonisten<\/p>\n<p>Die Einf\u00fchrung unserer stolzen Kollektion mit dem Namen \u201eFairchild Republic A-10 Thunderbolt II\u201c sollten Sie sich nicht entgehen lassen.<\/p>\n<p>Die A-10 ist schwer gepanzert und kann erheblichen Sch\u00e4den durch Bodenfeuer standhalten, teilweise dank ihres einzigartigen Designs mit einem \u201eDoppelheck\u201c und hoch \u00fcber dem Boden montierten Triebwerken, die den empfindlichen Komponenten des Flugzeugs zus\u00e4tzlichen Schutz bieten. Die A-10 ist au\u00dferdem mit einer leistungsstarken GAU-8\/A Avenger-Rotationskanone ausgestattet, die in der Lage ist, panzerbrechende Munition mit abgereichertem Uran abzufeuern und besonders effektiv gegen gepanzerte Fahrzeuge und andere Bodenziele ist.<\/p><\/div>","protected":false},"excerpt":{"rendered":"<p>Marke: MOC-Fabrik<br \/>\nGeschlecht: Unisex<br \/>\nAltersspanne: &gt; 12 Jahre alt<br \/>\nModellnummer: 46317<br \/>\nEinstufung: Assemblage<br \/>\nKunststoffblockform: Selbstsichernde Steine<br \/>\nMaterial: Kunststoff<br \/>\nKunststofftyp: ABS<br \/>\nZiegelsteine: 1224 +<br \/>\nVorbereitungszeit: 4-8 Wochen<\/p>","protected":false},"featured_media":42496,"comment_status":"open","ping_status":"closed","template":"","meta":{"_acf_changed":false},"product_cat":[1350,1357,372,364],"product_tag":[5271,11464,374,3443,389,11465],"class_list":["product","first","instock","shipping-taxable","purchasable","product-type-simple"],"acf":[],"_links":{"self":[{"href":"https:\/\/mouldking.store\/de\/wp-json\/wp\/v2\/product\/42501","targetHints":{"allow":["GET"]}}],"collection":[{"href":"https:\/\/mouldking.store\/de\/wp-json\/wp\/v2\/product"}],"about":[{"href":"https:\/\/mouldking.store\/de\/wp-json\/wp\/v2\/types\/product"}],"replies":[{"embeddable":true,"href":"https:\/\/mouldking.store\/de\/wp-json\/wp\/v2\/comments?post=42501"}],"wp:featuredmedia":[{"embeddable":true,"href":"https:\/\/mouldking.store\/de\/wp-json\/wp\/v2\/media\/42496"}],"wp:attachment":[{"href":"https:\/\/mouldking.store\/de\/wp-json\/wp\/v2\/media?parent=42501"}],"wp:term":[{"taxonomy":"product_cat","embeddable":true,"href":"https:\/\/mouldking.store\/de\/wp-json\/wp\/v2\/product_cat?post=42501"},{"taxonomy":"product_tag","embeddable":true,"href":"https:\/\/mouldking.store\/de\/wp-json\/wp\/v2\/product_tag?post=42501"}],"curies":[{"name":"wp","href":"https:\/\/api.w.org\/{rel}","templated":true}]}}