{"id":42519,"date":"2023-03-02T14:58:01","date_gmt":"2023-03-02T07:58:01","guid":{"rendered":"https:\/\/mouldking.store\/shop\/guly-20313-type-003-aircraft-carrier-with-7018-pieces\/"},"modified":"2023-03-02T14:58:01","modified_gmt":"2023-03-02T07:58:01","slug":"guly-20313-type-003-aircraft-carrier-with-7018-pieces","status":"publish","type":"product","link":"https:\/\/mouldking.store\/de\/shop\/guly-20313-type-003-aircraft-carrier-with-7018-pieces\/","title":{"rendered":"GULY 20313 Flugzeugtr\u00e4ger Typ 003 mit 7018 Teilen"},"content":{"rendered":"<div>\u2705 GULY 20313 Flugzeugtr\u00e4ger Typ 003<br \/>&nbsp;<br \/>\u2705Der Flugzeugtr\u00e4ger Typ 003 ist eine neue Klasse von Flugzeugtr\u00e4gern, die von der chinesischen Marine der Volksbefreiungsarmee (PLAN) entwickelt wird. Es wird erwartet, dass es Chinas gr\u00f6\u00dfter und fortschrittlichster Flugzeugtr\u00e4ger mit einer Verdr\u00e4ngung von rund 85.000 Tonnen und der F\u00e4higkeit ist, mehr als 70 Flugzeuge zu transportieren.<br \/>&nbsp;<br \/>\ud83d\udeab WICHTIG!&nbsp;<br \/>&nbsp;<br \/>Produktname: Flugzeugtr\u00e4ger Typ 003<br \/>&nbsp;<br \/>Kategorie: Milit\u00e4r<br \/>&nbsp;<br \/>Dieses Kind enth\u00e4lt: GULY 20313<br \/>&nbsp;<br \/>7018 St\u00fcck Ziegel von guter Qualit\u00e4t&nbsp;<br \/>&nbsp;<br \/>Gr\u00f6\u00dfe: 130 \u00d7 43,7 \u00d7 33,2 cm<br \/>&nbsp;<br \/>Manuelle Anweisungen&nbsp;<br \/>&nbsp;<br \/>\ud83d\udcccNatur des Protagonisten&nbsp;<br \/>&nbsp;<br \/>Die Einf\u00fchrung unserer stolzen Kollektion mit dem Namen \u201eType 003 Aircraft Carrier\u201c sollten Sie sich nicht entgehen lassen.&nbsp;<br \/>&nbsp;<br \/>Der Typ 003 wird ein Flachdeckdesign mit einem katapultgest\u00fctzten Startsystem und Fangdr\u00e4hten f\u00fcr landende Flugzeuge aufweisen. Es wird erwartet, dass es mit fortschrittlichen Radarsystemen, Raketenabwehrsystemen und F\u00e4higkeiten zur elektronischen Kriegsf\u00fchrung ausgestattet wird. Der Bau des Typs 003 begann 2018 und soll Mitte bis Ende der 2020er Jahre auf den Markt gebracht und in Betrieb genommen werden. Nach seiner Fertigstellung wird es Chinas dritter Flugzeugtr\u00e4ger sein und neben der Liaoning und der Shandong in der Flotte des PLAN stehen. Der Typ 003 gilt als bedeutender Fortschritt f\u00fcr Chinas milit\u00e4rische F\u00e4higkeiten und seine F\u00e4higkeit, Macht im asiatisch-pazifischen Raum zu projizieren.<\/div>","protected":false},"excerpt":{"rendered":"<p>Marke: GULY<br \/>\nGeschlecht: Unisex<br \/>\nAltersspanne: &gt; 8 Jahre alt<br \/>\nModellnummer: 20313<br \/>\nEinstufung: Assemblage<br \/>\nKunststoffblockform: Selbstsichernde Steine<br \/>\nMaterial: Kunststoff<br \/>\nKunststofftyp: ABS<br \/>\nZiegelsteine: 7018 +<br \/>\nMit Licht<\/p>","protected":false},"featured_media":42515,"comment_status":"open","ping_status":"closed","template":"","meta":{"_acf_changed":false},"product_cat":[1350,1357,372,364],"product_tag":[5271,4681,7373,374,389],"class_list":["product","first","instock","shipping-taxable","purchasable","product-type-simple"],"acf":[],"_links":{"self":[{"href":"https:\/\/mouldking.store\/de\/wp-json\/wp\/v2\/product\/42519","targetHints":{"allow":["GET"]}}],"collection":[{"href":"https:\/\/mouldking.store\/de\/wp-json\/wp\/v2\/product"}],"about":[{"href":"https:\/\/mouldking.store\/de\/wp-json\/wp\/v2\/types\/product"}],"replies":[{"embeddable":true,"href":"https:\/\/mouldking.store\/de\/wp-json\/wp\/v2\/comments?post=42519"}],"wp:featuredmedia":[{"embeddable":true,"href":"https:\/\/mouldking.store\/de\/wp-json\/wp\/v2\/media\/42515"}],"wp:attachment":[{"href":"https:\/\/mouldking.store\/de\/wp-json\/wp\/v2\/media?parent=42519"}],"wp:term":[{"taxonomy":"product_cat","embeddable":true,"href":"https:\/\/mouldking.store\/de\/wp-json\/wp\/v2\/product_cat?post=42519"},{"taxonomy":"product_tag","embeddable":true,"href":"https:\/\/mouldking.store\/de\/wp-json\/wp\/v2\/product_tag?post=42519"}],"curies":[{"name":"wp","href":"https:\/\/api.w.org\/{rel}","templated":true}]}}