{"id":42540,"date":"2023-03-02T17:05:36","date_gmt":"2023-03-02T10:05:36","guid":{"rendered":"https:\/\/mouldking.store\/shop\/moc-factory-89457-garten-of-banban-banban-with-134-pieces\/"},"modified":"2025-12-16T22:25:13","modified_gmt":"2025-12-16T15:25:13","slug":"moc-factory-89457-garten-of-banban-banban-with-134-pieces","status":"publish","type":"product","link":"https:\/\/mouldking.store\/de\/shop\/moc-factory-89457-garten-of-banban-banban-with-134-pieces\/","title":{"rendered":"MOC Factory 89457 Garten von Banban Banban mit 134 Teilen"},"content":{"rendered":"<div>\u2705 MOC-89457 Garten von Banban Banban<\/p>\n<p>\u2705Garten of Banban Banban ist eine rote roboter\u00e4hnliche Figur mit humanoidem Aussehen. Die Figur hat ein blockiges und eckiges Design mit verschiedenen roten Teilen und Details, darunter Arme, Beine und ein Kopf.<\/p>\n<p>\ud83d\udeab WICHTIG!<\/p>\n<p>Produktname: Garten von Banban Banban<\/p>\n<p>Kategorie: Film<\/p>\n<p>Dieses Kit enth\u00e4lt: C9316Y03<\/p>\n<p>134 St\u00fcck Steine von guter Qualit\u00e4t<\/p>\n<p>Gr\u00f6\u00dfe: 10,6 x 10,6 x 17,8 cm<\/p>\n<p>Gewicht: 0,09 kg<\/p>\n<p>PDF-Anleitung<\/p>\n<p>\ud83d\udcccNatur des Protagonisten<\/p>\n<p>Die Einf\u00fchrung unserer stolzen Kollektion mit dem Namen \u201eGarten of Banban Banban\u201c sollten Sie nicht verpassen.<\/p>\n<p>Das Set enth\u00e4lt verschiedene Bausteine, aus denen die Roboterfigur gebaut werden kann, sowie zus\u00e4tzliche Dekorationsteile wie kleine Blumen und Gr\u00fcnpflanzen. Es ist ein lustiges und kreatives Bauprojekt, das stundenlange Unterhaltung und Herausforderung f\u00fcr diejenigen bieten kann, die gerne mit Bl\u00f6cken bauen.<\/p><\/div>","protected":false},"excerpt":{"rendered":"<p>Marke: MOC-Fabrik<br \/>\nGeschlecht: Unisex<br \/>\nAltersspanne: &gt; 6 Jahre alt<br \/>\nModellnummer: 89457<br \/>\nEinstufung: Assemblage<br \/>\nKunststoffblockform: Selbstsichernde Steine<br \/>\nMaterial: Kunststoff<br \/>\nKunststofftyp: ABS<br \/>\nZiegelsteine: 134 +<br \/>\nKeine Originalverpackung<\/p>","protected":false},"author":83,"featured_media":42531,"comment_status":"open","ping_status":"closed","template":"","meta":{"_acf_changed":false},"product_cat":[1365,371,581,1408],"product_tag":[11475,11072,8452,9139,11474,434],"class_list":["product","first","instock","shipping-taxable","purchasable","product-type-simple"],"acf":[],"_links":{"self":[{"href":"https:\/\/mouldking.store\/de\/wp-json\/wp\/v2\/product\/42540","targetHints":{"allow":["GET"]}}],"collection":[{"href":"https:\/\/mouldking.store\/de\/wp-json\/wp\/v2\/product"}],"about":[{"href":"https:\/\/mouldking.store\/de\/wp-json\/wp\/v2\/types\/product"}],"author":[{"embeddable":true,"href":"https:\/\/mouldking.store\/de\/wp-json\/wp\/v2\/users\/83"}],"replies":[{"embeddable":true,"href":"https:\/\/mouldking.store\/de\/wp-json\/wp\/v2\/comments?post=42540"}],"wp:featuredmedia":[{"embeddable":true,"href":"https:\/\/mouldking.store\/de\/wp-json\/wp\/v2\/media\/42531"}],"wp:attachment":[{"href":"https:\/\/mouldking.store\/de\/wp-json\/wp\/v2\/media?parent=42540"}],"wp:term":[{"taxonomy":"product_cat","embeddable":true,"href":"https:\/\/mouldking.store\/de\/wp-json\/wp\/v2\/product_cat?post=42540"},{"taxonomy":"product_tag","embeddable":true,"href":"https:\/\/mouldking.store\/de\/wp-json\/wp\/v2\/product_tag?post=42540"}],"curies":[{"name":"wp","href":"https:\/\/api.w.org\/{rel}","templated":true}]}}