{"id":42566,"date":"2023-03-02T17:45:39","date_gmt":"2023-03-02T10:45:39","guid":{"rendered":"https:\/\/mouldking.store\/shop\/moc-factory-89454-mercury-redstone-launch-vehicle-with-1029-pieces\/"},"modified":"2025-12-16T22:25:13","modified_gmt":"2025-12-16T15:25:13","slug":"moc-factory-89454-mercury-redstone-launch-vehicle-with-1029-pieces","status":"publish","type":"product","link":"https:\/\/mouldking.store\/de\/shop\/moc-factory-89454-mercury-redstone-launch-vehicle-with-1029-pieces\/","title":{"rendered":"MOC Factory 89454 Mercury-Redstone Tr\u00e4gerrakete mit 1029 Teilen"},"content":{"rendered":"<div>\u2705 MOC-89454 Mercury-Redstone-Tr\u00e4gerrakete<\/p>\n<p>\u2705Das Mercury-Redstone Launch Vehicle war eine Rakete, die von den Vereinigten Staaten f\u00fcr ihr fr\u00fches Programm zur bemannten Raumfahrt, Project Mercury, verwendet wurde. Es wurde entwickelt, um eine Mercury-Kapsel mit einem einzigen Astronauten zu einem suborbitalen Flug ins All zu starten, und wurde zwischen 1961 und 1963 f\u00fcr sechs bemannte Fl\u00fcge verwendet.<\/p>\n<p>\ud83d\udeab WICHTIG!<\/p>\n<p>Produktname: Mercury-Redstone-Tr\u00e4gerrakete<\/p>\n<p>Kategorie: Weltraum<\/p>\n<p>Dieses Kit enth\u00e4lt: C9350<\/p>\n<p>1029 St\u00fcck Steine von guter Qualit\u00e4t<\/p>\n<p>Gr\u00f6\u00dfe: 13,9 x 13,9 x 112,7 cm<\/p>\n<p>Gewicht: 1,49 kg<\/p>\n<p>PDF-Anleitung<\/p>\n<p>\ud83d\udcccNatur des Protagonisten<\/p>\n<p>Die Einf\u00fchrung unserer stolzen Kollektion mit dem Namen \u201eMercury-Redstone Launch Vehicle\u201c sollten Sie nicht verpassen.<\/p>\n<p>Die Mercury-Redstone-Rakete wurde verwendet, um einige der fr\u00fchesten amerikanischen Astronauten ins All zu bringen, darunter Alan Shepard, der erste Amerikaner im Weltraum, und Gus Grissom, der zweite Amerikaner im Weltraum. Nach Abschluss des Mercury-Programms wurde die Mercury-Redstone-Tr\u00e4gerrakete ausgemustert und f\u00fcr die sp\u00e4teren Gemini- und Apollo-Programme durch die leistungsst\u00e4rkere und leistungsf\u00e4higere Atlas-Rakete ersetzt.<\/p><\/div>","protected":false},"excerpt":{"rendered":"<p>Marke: MOC-Fabrik<br \/>\nGeschlecht: Unisex<br \/>\nAltersspanne: &gt; 14 Jahre alt<br \/>\nModellnummer: 89454<br \/>\nEinstufung: Assemblage<br \/>\nKunststoffblockform: Selbstsichernde Steine<br \/>\nMaterial: Kunststoff<br \/>\nKunststofftyp: ABS<br \/>\nZiegelsteine: 1029 +<br \/>\nKeine Originalverpackung<\/p>","protected":false},"featured_media":42558,"comment_status":"open","ping_status":"closed","template":"","meta":{"_acf_changed":false},"product_cat":[1357,6016,364],"product_tag":[11481,8097,8098,2276,389,2803],"class_list":["product","first","instock","shipping-taxable","purchasable","product-type-simple"],"acf":[],"_links":{"self":[{"href":"https:\/\/mouldking.store\/de\/wp-json\/wp\/v2\/product\/42566","targetHints":{"allow":["GET"]}}],"collection":[{"href":"https:\/\/mouldking.store\/de\/wp-json\/wp\/v2\/product"}],"about":[{"href":"https:\/\/mouldking.store\/de\/wp-json\/wp\/v2\/types\/product"}],"replies":[{"embeddable":true,"href":"https:\/\/mouldking.store\/de\/wp-json\/wp\/v2\/comments?post=42566"}],"wp:featuredmedia":[{"embeddable":true,"href":"https:\/\/mouldking.store\/de\/wp-json\/wp\/v2\/media\/42558"}],"wp:attachment":[{"href":"https:\/\/mouldking.store\/de\/wp-json\/wp\/v2\/media?parent=42566"}],"wp:term":[{"taxonomy":"product_cat","embeddable":true,"href":"https:\/\/mouldking.store\/de\/wp-json\/wp\/v2\/product_cat?post=42566"},{"taxonomy":"product_tag","embeddable":true,"href":"https:\/\/mouldking.store\/de\/wp-json\/wp\/v2\/product_tag?post=42566"}],"curies":[{"name":"wp","href":"https:\/\/api.w.org\/{rel}","templated":true}]}}