{"id":42579,"date":"2023-03-02T18:10:03","date_gmt":"2023-03-02T11:10:03","guid":{"rendered":"https:\/\/mouldking.store\/shop\/moc-factory-89452-the-legend-of-zelda-breath-of-the-wild-master-sword-with-99-pieces\/"},"modified":"2025-12-16T22:25:12","modified_gmt":"2025-12-16T15:25:12","slug":"moc-factory-89452-the-legend-of-zelda-breath-of-the-wild-master-sword-with-99-pieces","status":"publish","type":"product","link":"https:\/\/mouldking.store\/de\/shop\/moc-factory-89452-the-legend-of-zelda-breath-of-the-wild-master-sword-with-99-pieces\/","title":{"rendered":"MOC Factory 89452 The Legend of Zelda: Breath of the Wild Master Schwert mit 99 Teilen"},"content":{"rendered":"<div>\u2705 MOC-89452 The Legend of Zelda: Atem des wilden Meisterschwerts<\/p>\n<p>\u2705Das Meisterschwert ist ein legend\u00e4res Schwert und eine wiederkehrende Kultwaffe in der Videospielserie The Legend of Zelda, einschlie\u00dflich in The Legend of Zelda: Breath of the Wild. Es wird oft als das m\u00e4chtigste Schwert im Spiel dargestellt, das das B\u00f6se besiegen und den Frieden im Land wiederherstellen kann.<\/p>\n<p>\ud83d\udeab WICHTIG!<\/p>\n<p>Produktname: The Legend of Zelda: Breath of the Wild Master Sword<\/p>\n<p>Kategorie: Film<\/p>\n<p>Dieses Kit enth\u00e4lt: C9291Y01<\/p>\n<p>99 St\u00fcck Steine von guter Qualit\u00e4t<\/p>\n<p>Gr\u00f6\u00dfe: 29,5 x 8,2 x 7,4 cm<\/p>\n<p>Gewicht: 0,05 kg<\/p>\n<p>PDF-Anleitung<\/p>\n<p>\ud83d\udcccNatur des Protagonisten<\/p>\n<p>Die Einf\u00fchrung unserer stolzen Kollektion mit dem Namen \u201eThe Legend of Zelda: Breath of the Wild Master Sword\u201c sollten Sie sich nicht entgehen lassen.<\/p>\n<p>In Breath of the Wild erh\u00e4lt man das Meisterschwert durch das Abschlie\u00dfen einer bestimmten Quest und kann durch das Abschlie\u00dfen zus\u00e4tzlicher Herausforderungen verbessert werden. Es hat eine blaue Klinge und einen goldenen Griff und kann verwendet werden, um Feinden m\u00e4chtigen Schaden zuzuf\u00fcgen und bestimmte R\u00e4tsel oder Funktionen im Spiel zu aktivieren.<\/p><\/div>","protected":false},"excerpt":{"rendered":"<p>Marke: MOC-Fabrik<br \/>\nGeschlecht: Unisex<br \/>\nAltersspanne: &gt; 6 Jahre alt<br \/>\nModellnummer: 89452<br \/>\nEinstufung: Assemblage<br \/>\nKunststoffblockform: Selbstsichernde Steine<br \/>\nMaterial: Kunststoff<br \/>\nKunststofftyp: ABS<br \/>\nZiegelsteine: 99 +<br \/>\nKeine Originalverpackung<\/p>","protected":false},"featured_media":42575,"comment_status":"open","ping_status":"closed","template":"","meta":{"_acf_changed":false},"product_cat":[1365,371,581,1408],"product_tag":[6122,11072,8452,11082,11083,7133,434,2981,5773],"class_list":["product","first","instock","shipping-taxable","purchasable","product-type-simple"],"acf":[],"_links":{"self":[{"href":"https:\/\/mouldking.store\/de\/wp-json\/wp\/v2\/product\/42579","targetHints":{"allow":["GET"]}}],"collection":[{"href":"https:\/\/mouldking.store\/de\/wp-json\/wp\/v2\/product"}],"about":[{"href":"https:\/\/mouldking.store\/de\/wp-json\/wp\/v2\/types\/product"}],"replies":[{"embeddable":true,"href":"https:\/\/mouldking.store\/de\/wp-json\/wp\/v2\/comments?post=42579"}],"wp:featuredmedia":[{"embeddable":true,"href":"https:\/\/mouldking.store\/de\/wp-json\/wp\/v2\/media\/42575"}],"wp:attachment":[{"href":"https:\/\/mouldking.store\/de\/wp-json\/wp\/v2\/media?parent=42579"}],"wp:term":[{"taxonomy":"product_cat","embeddable":true,"href":"https:\/\/mouldking.store\/de\/wp-json\/wp\/v2\/product_cat?post=42579"},{"taxonomy":"product_tag","embeddable":true,"href":"https:\/\/mouldking.store\/de\/wp-json\/wp\/v2\/product_tag?post=42579"}],"curies":[{"name":"wp","href":"https:\/\/api.w.org\/{rel}","templated":true}]}}