{"id":42619,"date":"2023-03-02T18:56:50","date_gmt":"2023-03-02T11:56:50","guid":{"rendered":"https:\/\/mouldking.store\/shop\/moc-factory-89448-old-water-mill-with-2691-pieces\/"},"modified":"2025-12-16T22:25:12","modified_gmt":"2025-12-16T15:25:12","slug":"moc-factory-89448-old-water-mill-with-2691-pieces","status":"publish","type":"product","link":"https:\/\/mouldking.store\/de\/shop\/moc-factory-89448-old-water-mill-with-2691-pieces\/","title":{"rendered":"MOC Factory 89448 Alte Wasserm\u00fchle mit 2691 Teilen"},"content":{"rendered":"<div>\u2705 MOC-89448 Alte Wasserm\u00fchle<\/p>\n<p>\u2705Eine alte Wasserm\u00fchle ist ein historisches Geb\u00e4ude, das Wasserkraft nutzt, um Getreide zu Mehl zu mahlen oder andere mechanische Arbeiten auszuf\u00fchren. Die M\u00fchle besteht normalerweise aus einem gro\u00dfen Stein- oder Holzgeb\u00e4ude, das sich neben einem flie\u00dfenden Bach oder Fluss befindet. Das flie\u00dfende Wasser wird auf ein Rad geleitet, das dann Zahnr\u00e4der und andere mechanische Teile dreht, um die Maschinen der M\u00fchle zu betreiben.<\/p>\n<p>\ud83d\udeab WICHTIG!<\/p>\n<p>Produktname: Alte Wasserm\u00fchle<\/p>\n<p>Kategorie: Sch\u00f6pfer<\/p>\n<p>Dieses Kit enth\u00e4lt: C9287<\/p>\n<p>2691 St\u00fcck Steine von guter Qualit\u00e4t<\/p>\n<p>Gr\u00f6\u00dfe: 32 x 20 x 20 cm<\/p>\n<p>Gewicht: 1,44 kg<\/p>\n<p>PDF-Anleitung<\/p>\n<p>\ud83d\udcccNatur des Protagonisten<\/p>\n<p>Die Einf\u00fchrung unserer stolzen Kollektion mit dem Namen \u201eAlte Wasserm\u00fchle\u201c sollten Sie nicht verpassen.<\/p>\n<p>Alte Wasserm\u00fchlen befinden sich oft in landschaftlich reizvollen, l\u00e4ndlichen Gebieten und k\u00f6nnen von wundersch\u00f6nen G\u00e4rten, Teichen oder anderen nat\u00fcrlichen Merkmalen umgeben sein. Sie sind eine faszinierende Erinnerung an den Einfallsreichtum und die harte Arbeit vergangener Generationen und geben einen Einblick in die wichtige Rolle, die das M\u00fcllern in den lokalen Gemeinschaften im Laufe der Geschichte gespielt hat. Heute wurden viele alte Wasserm\u00fchlen restauriert und in Museen, Restaurants oder andere Arten von Touristenattraktionen umgewandelt.<\/p><\/div>","protected":false},"excerpt":{"rendered":"<p>Marke: MOC-Fabrik<br \/>\nGeschlecht: Unisex<br \/>\nAltersspanne: &gt; 6 Jahre alt<br \/>\nModellnummer: 89448<br \/>\nEinstufung: Assemblage<br \/>\nKunststoffblockform: Selbstsichernde Steine<br \/>\nMaterial: Kunststoff<br \/>\nKunststofftyp: ABS<br \/>\nZiegelsteine: 2691 +<br \/>\nKeine Originalverpackung<\/p>","protected":false},"featured_media":42615,"comment_status":"open","ping_status":"closed","template":"","meta":{"_acf_changed":false},"product_cat":[1365,1395,371,390],"product_tag":[11072,8452,11370,392,10338],"class_list":["product","first","instock","shipping-taxable","purchasable","product-type-simple"],"acf":[],"_links":{"self":[{"href":"https:\/\/mouldking.store\/de\/wp-json\/wp\/v2\/product\/42619","targetHints":{"allow":["GET"]}}],"collection":[{"href":"https:\/\/mouldking.store\/de\/wp-json\/wp\/v2\/product"}],"about":[{"href":"https:\/\/mouldking.store\/de\/wp-json\/wp\/v2\/types\/product"}],"replies":[{"embeddable":true,"href":"https:\/\/mouldking.store\/de\/wp-json\/wp\/v2\/comments?post=42619"}],"wp:featuredmedia":[{"embeddable":true,"href":"https:\/\/mouldking.store\/de\/wp-json\/wp\/v2\/media\/42615"}],"wp:attachment":[{"href":"https:\/\/mouldking.store\/de\/wp-json\/wp\/v2\/media?parent=42619"}],"wp:term":[{"taxonomy":"product_cat","embeddable":true,"href":"https:\/\/mouldking.store\/de\/wp-json\/wp\/v2\/product_cat?post=42619"},{"taxonomy":"product_tag","embeddable":true,"href":"https:\/\/mouldking.store\/de\/wp-json\/wp\/v2\/product_tag?post=42619"}],"curies":[{"name":"wp","href":"https:\/\/api.w.org\/{rel}","templated":true}]}}