{"id":42639,"date":"2023-03-06T10:47:57","date_gmt":"2023-03-06T03:47:57","guid":{"rendered":"https:\/\/mouldking.store\/shop\/moc-factory-130576-gingerbread-castle-with-3971-pieces\/"},"modified":"2025-12-16T22:25:11","modified_gmt":"2025-12-16T15:25:11","slug":"moc-factory-130576-gingerbread-castle-with-3971-pieces","status":"publish","type":"product","link":"https:\/\/mouldking.store\/de\/shop\/moc-factory-130576-gingerbread-castle-with-3971-pieces\/","title":{"rendered":"MOC Factory 130576 Lebkuchenschloss mit 3971 Teilen"},"content":{"rendered":"<div>\u2705 MOC-130576 Lebkuchenschloss<\/p>\n<p>\u2705 Ein Lebkuchenschloss ist eine Art festliches und dekoratives Display aus Lebkuchen, typischerweise w\u00e4hrend der Weihnachtsferienzeit. Es ist eine beliebte Aktivit\u00e4t f\u00fcr Familien und Einzelpersonen, ein Lebkuchenschloss zu bauen, um die Feiertage auf unterhaltsame und kreative Weise zu feiern.<\/p>\n<p>\ud83d\udeab WICHTIG!<\/p>\n<p>Produktname: Lebkuchenschloss<\/p>\n<p>Kategorie: Modulares Bauen<\/p>\n<p>Dieses Kit enth\u00e4lt: MOC-130576<\/p>\n<p>3971 St\u00fcck Ziegel von guter Qualit\u00e4t<\/p>\n<p>Gr\u00f6\u00dfe: 31,9 x 49 x 49 cm<\/p>\n<p>Gewicht: 3500 g<\/p>\n<p>PDF-Anleitung<\/p>\n<p>\ud83d\udcccNatur des Protagonisten<\/p>\n<p>Die Einf\u00fchrung unserer stolzen Kollektion mit dem Namen \u201eGingerbread Castle\u201c sollten Sie nicht verpassen.<\/p>\n<p>Ein Lebkuchenschloss wird normalerweise hergestellt, indem gro\u00dfe Lebkuchenbl\u00e4tter gebacken und in Formen geschnitten werden, um die W\u00e4nde, T\u00fcrme und D\u00e4cher des Schlosses zu bauen. Die einzelnen St\u00fccke werden dann mit Zuckerguss, Bonbons und anderen essbaren Materialien dekoriert, um ein detailliertes und optisch ansprechendes Display zu schaffen.<\/p><\/div>","protected":false},"excerpt":{"rendered":"<p>Marke: MOC-Fabrik<br \/>\nGeschlecht: Unisex<br \/>\nAltersspanne: &gt; 12 Jahre alt<br \/>\nModellnummer: 130576<br \/>\nEinstufung: Assemblage<br \/>\nKunststoffblockform: Selbstsichernde Steine<br \/>\nMaterial: Kunststoff<br \/>\nKunststofftyp: ABS<br \/>\nZiegelsteine: 3971 +<br \/>\nVorbereitungszeit: 4-8 Wochen<\/p>","protected":false},"featured_media":42633,"comment_status":"open","ping_status":"closed","template":"","meta":{"_acf_changed":false},"product_cat":[1365,1395,371,390],"product_tag":[787,1066,11072,8452,7499,11099,392,10511],"class_list":["product","first","instock","shipping-taxable","purchasable","product-type-simple"],"acf":[],"_links":{"self":[{"href":"https:\/\/mouldking.store\/de\/wp-json\/wp\/v2\/product\/42639","targetHints":{"allow":["GET"]}}],"collection":[{"href":"https:\/\/mouldking.store\/de\/wp-json\/wp\/v2\/product"}],"about":[{"href":"https:\/\/mouldking.store\/de\/wp-json\/wp\/v2\/types\/product"}],"replies":[{"embeddable":true,"href":"https:\/\/mouldking.store\/de\/wp-json\/wp\/v2\/comments?post=42639"}],"wp:featuredmedia":[{"embeddable":true,"href":"https:\/\/mouldking.store\/de\/wp-json\/wp\/v2\/media\/42633"}],"wp:attachment":[{"href":"https:\/\/mouldking.store\/de\/wp-json\/wp\/v2\/media?parent=42639"}],"wp:term":[{"taxonomy":"product_cat","embeddable":true,"href":"https:\/\/mouldking.store\/de\/wp-json\/wp\/v2\/product_cat?post=42639"},{"taxonomy":"product_tag","embeddable":true,"href":"https:\/\/mouldking.store\/de\/wp-json\/wp\/v2\/product_tag?post=42639"}],"curies":[{"name":"wp","href":"https:\/\/api.w.org\/{rel}","templated":true}]}}