{"id":42644,"date":"2023-03-06T10:55:46","date_gmt":"2023-03-06T03:55:46","guid":{"rendered":"https:\/\/mouldking.store\/shop\/moc-factory-12560-lamborghini-centenario-with-3450-pieces\/"},"modified":"2025-12-16T22:25:11","modified_gmt":"2025-12-16T15:25:11","slug":"moc-factory-12560-lamborghini-centenario-with-3450-pieces","status":"publish","type":"product","link":"https:\/\/mouldking.store\/de\/shop\/moc-factory-12560-lamborghini-centenario-with-3450-pieces\/","title":{"rendered":"MOC Factory 12560 Lamborghini Centenario mit 3450 St\u00fcck"},"content":{"rendered":"<div>\u2705 MOC-12560 Lamborghini Centenario<\/p>\n<p>\u2705Der Lamborghini Centenario ist ein Supersportwagen in limitierter Auflage, der vom italienischen Automobilhersteller Lamborghini zur Feier des 100. Geburtstags des Firmengr\u00fcnders Ferruccio Lamborghini produziert wird. Es wurden nur 40 Centenarios produziert, davon 20 Coup\u00e9s und 20 Roadster.<\/p>\n<p>\ud83d\udeab WICHTIG!<\/p>\n<p>Produktname: Lamborghini Centenario<\/p>\n<p>Kategorie: Technik<\/p>\n<p>Dieses Kit enth\u00e4lt: MOC-12560&nbsp;<\/p>\n<p>3450 St\u00fcck Ziegel von guter Qualit\u00e4t<\/p>\n<p>Gewicht: 3400 g<\/p>\n<p>PDF-Anleitung<\/p>\n<p>\ud83d\udcccNatur des Protagonisten<\/p>\n<p>Die Einf\u00fchrung unserer stolzen Kollektion mit dem Namen \u201eLamborghini Centenario\u201c sollten Sie nicht verpassen.<\/p>\n<p>Der Centenario basiert auf dem Lamborghini Aventador und verf\u00fcgt \u00fcber eine verbesserte Version seines 6,5-Liter-V12-Motors mit 759 PS und 508 lb-ft Drehmoment. Das Auto kann in nur 2,7 Sekunden von 0 auf 60 Meilen pro Stunde beschleunigen und hat eine H\u00f6chstgeschwindigkeit von \u00fcber 217 Meilen pro Stunde. Das Au\u00dfendesign des Centenario ist auff\u00e4llig und einzigartig, mit scharfen Linien, aggressiven Winkeln und aerodynamischen Merkmalen, die es ihm erm\u00f6glichen, bei hohen Geschwindigkeiten durch die Luft zu schneiden. Die Karosserie besteht vollst\u00e4ndig aus Kohlefaser, was das Gewicht reduziert und die Steifigkeit erh\u00f6ht. Auch der Innenraum ist mit einem Fokus auf leichte Materialien und hochwertige Oberfl\u00e4chen wie Alcantara und Kohlefaser gestaltet.<\/p><\/div>","protected":false},"excerpt":{"rendered":"<p>Marke: MOC-Fabrik<br \/>\nGeschlecht: Unisex<br \/>\nAltersspanne: &gt; 12 Jahre alt<br \/>\nModellnummer: 12560<br \/>\nEinstufung: Assemblage<br \/>\nKunststoffblockform: Selbstsichernde Steine<br \/>\nMaterial: Kunststoff<br \/>\nKunststofftyp: ABS<br \/>\nZiegelsteine: 3450 +<br \/>\nVorbereitungszeit: 4-8 Wochen<\/p>","protected":false},"featured_media":42640,"comment_status":"open","ping_status":"closed","template":"","meta":{"_acf_changed":false},"product_cat":[1360,1357,364],"product_tag":[457,1917,596,389,11080],"class_list":["product","first","instock","shipping-taxable","purchasable","product-type-simple"],"acf":[],"_links":{"self":[{"href":"https:\/\/mouldking.store\/de\/wp-json\/wp\/v2\/product\/42644","targetHints":{"allow":["GET"]}}],"collection":[{"href":"https:\/\/mouldking.store\/de\/wp-json\/wp\/v2\/product"}],"about":[{"href":"https:\/\/mouldking.store\/de\/wp-json\/wp\/v2\/types\/product"}],"replies":[{"embeddable":true,"href":"https:\/\/mouldking.store\/de\/wp-json\/wp\/v2\/comments?post=42644"}],"wp:featuredmedia":[{"embeddable":true,"href":"https:\/\/mouldking.store\/de\/wp-json\/wp\/v2\/media\/42640"}],"wp:attachment":[{"href":"https:\/\/mouldking.store\/de\/wp-json\/wp\/v2\/media?parent=42644"}],"wp:term":[{"taxonomy":"product_cat","embeddable":true,"href":"https:\/\/mouldking.store\/de\/wp-json\/wp\/v2\/product_cat?post=42644"},{"taxonomy":"product_tag","embeddable":true,"href":"https:\/\/mouldking.store\/de\/wp-json\/wp\/v2\/product_tag?post=42644"}],"curies":[{"name":"wp","href":"https:\/\/api.w.org\/{rel}","templated":true}]}}