{"id":42651,"date":"2023-03-06T11:04:17","date_gmt":"2023-03-06T04:04:17","guid":{"rendered":"https:\/\/mouldking.store\/shop\/moc-factory-13655-dodge-viper-acr-with-3141-pieces\/"},"modified":"2025-12-16T22:25:11","modified_gmt":"2025-12-16T15:25:11","slug":"moc-factory-13655-dodge-viper-acr-with-3141-pieces","status":"publish","type":"product","link":"https:\/\/mouldking.store\/de\/shop\/moc-factory-13655-dodge-viper-acr-with-3141-pieces\/","title":{"rendered":"MOC Factory 13655 Dodge Viper ACR mit 3141 St\u00fcck"},"content":{"rendered":"<div>\u2705 MOC-13655 Dodge Viper ACR<\/p>\n<p>\u2705Der Dodge Viper ACR (American Club Racer) ist ein Hochleistungssportwagen, der vom amerikanischen Automobilhersteller Dodge produziert wurde. Es ist eine Variante der Dodge Viper, die von 1992 bis 2017 produziert wurde.<\/p>\n<p>\ud83d\udeab WICHTIG!<\/p>\n<p>Produktname: Dodge Viper ACR<\/p>\n<p>Kategorie: Technik<\/p>\n<p>Dieses Kit enth\u00e4lt: MOC-13655<\/p>\n<p>3141 St\u00fcck Ziegel von guter Qualit\u00e4t<\/p>\n<p>Gewicht: 3100 g<\/p>\n<p>PDF-Anleitung<\/p>\n<p>\ud83d\udcccNatur des Protagonisten<\/p>\n<p>Die Einf\u00fchrung unserer stolzen Kollektion mit dem Namen \u201eDodge Viper ACR\u201c sollten Sie sich nicht entgehen lassen.<\/p>\n<p>Die Viper ACR wurde 1999 eingef\u00fchrt und wurde f\u00fcr Rennsportbegeisterte entwickelt, die ein Auto wollten, das auf der Strecke mithalten konnte. Es verf\u00fcgt \u00fcber eine Reihe von Verbesserungen gegen\u00fcber der Standard-Viper, darunter eine steifere Federung, gr\u00f6\u00dfere Bremsen und eine verbesserte Aerodynamik. Das Auto wird von einem 8,4-Liter-V10-Motor angetrieben, der 645 PS und 600 lb-ft Drehmoment produziert, was es zu einem der st\u00e4rksten Sportwagen seiner Zeit macht. Die Dodge Viper ACR hat im Laufe der Jahre mehrere Streckenrekorde aufgestellt, einschlie\u00dflich des Rundenrekords f\u00fcr Serienautos auf der N\u00fcrburgring-Nordschleife in Deutschland, den sie 2011 erreichte hoher Abtrieb bei hohen Geschwindigkeiten, was Handling und Stabilit\u00e4t verbessert.<\/p><\/div>","protected":false},"excerpt":{"rendered":"<p>Marke: MOC-Fabrik<br \/>\nGeschlecht: Unisex<br \/>\nAltersspanne: &gt; 12 Jahre alt<br \/>\nModellnummer: 13655<br \/>\nEinstufung: Assemblage<br \/>\nKunststoffblockform: Selbstsichernde Steine<br \/>\nMaterial: Kunststoff<br \/>\nKunststofftyp: ABS<br \/>\nZiegelsteine: 3141 +<br \/>\nVorbereitungszeit: 4-8 Wochen<\/p>","protected":false},"featured_media":42645,"comment_status":"open","ping_status":"closed","template":"","meta":{"_acf_changed":false},"product_cat":[1360,1357,364],"product_tag":[11493,457,11354,389,11080],"class_list":["product","first","instock","shipping-taxable","purchasable","product-type-simple"],"acf":[],"_links":{"self":[{"href":"https:\/\/mouldking.store\/de\/wp-json\/wp\/v2\/product\/42651","targetHints":{"allow":["GET"]}}],"collection":[{"href":"https:\/\/mouldking.store\/de\/wp-json\/wp\/v2\/product"}],"about":[{"href":"https:\/\/mouldking.store\/de\/wp-json\/wp\/v2\/types\/product"}],"replies":[{"embeddable":true,"href":"https:\/\/mouldking.store\/de\/wp-json\/wp\/v2\/comments?post=42651"}],"wp:featuredmedia":[{"embeddable":true,"href":"https:\/\/mouldking.store\/de\/wp-json\/wp\/v2\/media\/42645"}],"wp:attachment":[{"href":"https:\/\/mouldking.store\/de\/wp-json\/wp\/v2\/media?parent=42651"}],"wp:term":[{"taxonomy":"product_cat","embeddable":true,"href":"https:\/\/mouldking.store\/de\/wp-json\/wp\/v2\/product_cat?post=42651"},{"taxonomy":"product_tag","embeddable":true,"href":"https:\/\/mouldking.store\/de\/wp-json\/wp\/v2\/product_tag?post=42651"}],"curies":[{"name":"wp","href":"https:\/\/api.w.org\/{rel}","templated":true}]}}