{"id":42672,"date":"2023-03-06T11:30:16","date_gmt":"2023-03-06T04:30:16","guid":{"rendered":"https:\/\/mouldking.store\/shop\/moc-factory-17698-lamborghini-aventador-svj-roadster-with-3562-pieces\/"},"modified":"2025-12-16T22:25:11","modified_gmt":"2025-12-16T15:25:11","slug":"moc-factory-17698-lamborghini-aventador-svj-roadster-with-3562-pieces","status":"publish","type":"product","link":"https:\/\/mouldking.store\/de\/shop\/moc-factory-17698-lamborghini-aventador-svj-roadster-with-3562-pieces\/","title":{"rendered":"MOC Factory 17698 Lamborghini Aventador SVJ Roadster mit 3562 St\u00fcck"},"content":{"rendered":"<div>\u2705 MOC-17698 Lamborghini Aventador SVJ Roadster<\/p>\n<p>\u2705Der Lamborghini Aventador SVJ Roadster ist ein Hochleistungs-Cabrio-Sportwagen des italienischen Automobilherstellers Lamborghini. Es ist die offene Version des 2018 vorgestellten Aventador SVJ Coup\u00e9s.<\/p>\n<p>\ud83d\udeab WICHTIG!<\/p>\n<p>Produktname: Lamborghini Aventador SVJ Roadster<\/p>\n<p>Kategorie: Technik<\/p>\n<p>Dieses Kit enth\u00e4lt: MOC-17698<\/p>\n<p>3562 St\u00fcck Ziegel von guter Qualit\u00e4t<\/p>\n<p>Gewicht: 3500 g<\/p>\n<p>PDF-Anleitung<\/p>\n<p>\ud83d\udcccNatur des Protagonisten<\/p>\n<p>Die Einf\u00fchrung unserer stolzen Kollektion mit dem Namen \u201eLamborghini Aventador SVJ Roadster\u201c sollten Sie nicht verpassen.<\/p>\n<p>Der Aventador SVJ Roadster verf\u00fcgt \u00fcber eine leichte Kohlefaserkarosserie und wird von einem 6,5-Liter-V12-Saugmotor mit 759 PS und 531 lb-ft Drehmoment angetrieben. Das Auto kann in nur 2,9 Sekunden von 0 auf 60 mph beschleunigen und hat eine H\u00f6chstgeschwindigkeit von 217 mph. Eines der Hauptmerkmale des Aventador SVJ Roadster ist sein aerodynamisches Design, das einen gro\u00dfen Heckfl\u00fcgel und aktive Aerodynamik umfasst, die sich anpassen, um das Handling und die Stabilit\u00e4t des Fahrzeugs bei hohen Geschwindigkeiten zu verbessern. Das Auto verf\u00fcgt auch \u00fcber ein ausgekl\u00fcgeltes Allrad-Lenksystem, das seine Agilit\u00e4t und Kurvenlage verbessert.<\/p><\/div>","protected":false},"excerpt":{"rendered":"<p>Marke: MOC-Fabrik<br \/>\nGeschlecht: Unisex<br \/>\nAltersspanne: &gt; 12 Jahre alt<br \/>\nModellnummer: 17698<br \/>\nEinstufung: Assemblage<br \/>\nKunststoffblockform: Selbstsichernde Steine<br \/>\nMaterial: Kunststoff<br \/>\nKunststofftyp: ABS<br \/>\nZiegelsteine: 3562 +<br \/>\nVorbereitungszeit: 4-8 Wochen<\/p>","protected":false},"featured_media":42667,"comment_status":"open","ping_status":"closed","template":"","meta":{"_acf_changed":false},"product_cat":[1360,1357,364],"product_tag":[7253,457,596,1527,389,11080],"class_list":["product","first","instock","shipping-taxable","purchasable","product-type-simple"],"acf":[],"_links":{"self":[{"href":"https:\/\/mouldking.store\/de\/wp-json\/wp\/v2\/product\/42672","targetHints":{"allow":["GET"]}}],"collection":[{"href":"https:\/\/mouldking.store\/de\/wp-json\/wp\/v2\/product"}],"about":[{"href":"https:\/\/mouldking.store\/de\/wp-json\/wp\/v2\/types\/product"}],"replies":[{"embeddable":true,"href":"https:\/\/mouldking.store\/de\/wp-json\/wp\/v2\/comments?post=42672"}],"wp:featuredmedia":[{"embeddable":true,"href":"https:\/\/mouldking.store\/de\/wp-json\/wp\/v2\/media\/42667"}],"wp:attachment":[{"href":"https:\/\/mouldking.store\/de\/wp-json\/wp\/v2\/media?parent=42672"}],"wp:term":[{"taxonomy":"product_cat","embeddable":true,"href":"https:\/\/mouldking.store\/de\/wp-json\/wp\/v2\/product_cat?post=42672"},{"taxonomy":"product_tag","embeddable":true,"href":"https:\/\/mouldking.store\/de\/wp-json\/wp\/v2\/product_tag?post=42672"}],"curies":[{"name":"wp","href":"https:\/\/api.w.org\/{rel}","templated":true}]}}