{"id":42696,"date":"2023-03-06T12:13:48","date_gmt":"2023-03-06T05:13:48","guid":{"rendered":"https:\/\/mouldking.store\/shop\/moc-factory-45041-general-dynamics-f-16-fighting-falcon-with-856-pieces\/"},"modified":"2025-12-16T22:25:11","modified_gmt":"2025-12-16T15:25:11","slug":"moc-factory-45041-general-dynamics-f-16-fighting-falcon-with-856-pieces","status":"publish","type":"product","link":"https:\/\/mouldking.store\/de\/shop\/moc-factory-45041-general-dynamics-f-16-fighting-falcon-with-856-pieces\/","title":{"rendered":"MOC Factory 45041 General Dynamics F-16 Fighting Falcon mit 856 Teilen"},"content":{"rendered":"<div>\u2705 MOC-45041 General Dynamics F-16 Kampffalke<\/p>\n<p>\u2705Die General Dynamics F-16 Fighting Falcon ist ein einmotoriges \u00dcberschall-Kampfflugzeug, das urspr\u00fcnglich von General Dynamics, jetzt Teil von Lockheed Martin, f\u00fcr die United States Air Force entwickelt wurde. Es wurde als leichtes, hoch man\u00f6vrierf\u00e4higes Luft-Luft-Kampfflugzeug konzipiert, wurde aber seitdem f\u00fcr eine Vielzahl von Missionen angepasst, darunter Luft-Boden-Angriffe, Aufkl\u00e4rung und elektronische Kriegsf\u00fchrung.<\/p>\n<p>\ud83d\udeab WICHTIG!<\/p>\n<p>Produktname: General Dynamics F-16 Fighting Falcon<\/p>\n<p>Kategorie: Milit\u00e4r<\/p>\n<p>Dieses Kit enth\u00e4lt: MOC-45041<\/p>\n<p>856 St\u00fcck Steine von guter Qualit\u00e4t<\/p>\n<p>Gewicht: 850g<\/p>\n<p>PDF-Anleitung<\/p>\n<p>\ud83d\udcccNatur des Protagonisten<\/p>\n<p>Die Einf\u00fchrung unserer stolzen Kollektion mit dem Namen \u201eGeneral Dynamics F-16 Fighting Falcon\u201c sollten Sie sich nicht entgehen lassen.<\/p>\n<p>Die F-16 ist bekannt f\u00fcr ihre hohe Wendigkeit und Geschwindigkeit sowie f\u00fcr ihre fortschrittlichen Avionik- und Waffensysteme. Es ist mit einer 20-mm-M61-Vulcan-Kanone ausgestattet und kann eine Vielzahl von Raketen, Bomben und anderen Waffen tragen. Es hat eine H\u00f6chstgeschwindigkeit von \u00fcber Mach 2 und eine maximale Reichweite von \u00fcber 2.000 Meilen. Die F-16 wurde in gro\u00dfem Umfang in andere L\u00e4nder exportiert und ist derzeit bei mehr als 25 Luftstreitkr\u00e4ften auf der ganzen Welt im Einsatz. Es wurde in einer Reihe von Konflikten eingesetzt, darunter im Golfkrieg, den Balkankonflikten und den Kriegen in Afghanistan und im Irak.<\/p><\/div>","protected":false},"excerpt":{"rendered":"<p>Marke: MOC-Fabrik<br \/>\nGeschlecht: Unisex<br \/>\nAltersspanne: &gt; 12 Jahre alt<br \/>\nModellnummer: 45041<br \/>\nEinstufung: Assemblage<br \/>\nKunststoffblockform: Selbstsichernde Steine<br \/>\nMaterial: Kunststoff<br \/>\nKunststofftyp: ABS<br \/>\nZiegelsteine: 856 +<br \/>\nVorbereitungszeit: 4-8 Wochen<\/p>","protected":false},"featured_media":42690,"comment_status":"open","ping_status":"closed","template":"","meta":{"_acf_changed":false},"product_cat":[1350,1357,372,364],"product_tag":[5271,11333,11499,374,389],"class_list":["product","first","instock","shipping-taxable","purchasable","product-type-simple"],"acf":[],"_links":{"self":[{"href":"https:\/\/mouldking.store\/de\/wp-json\/wp\/v2\/product\/42696","targetHints":{"allow":["GET"]}}],"collection":[{"href":"https:\/\/mouldking.store\/de\/wp-json\/wp\/v2\/product"}],"about":[{"href":"https:\/\/mouldking.store\/de\/wp-json\/wp\/v2\/types\/product"}],"replies":[{"embeddable":true,"href":"https:\/\/mouldking.store\/de\/wp-json\/wp\/v2\/comments?post=42696"}],"wp:featuredmedia":[{"embeddable":true,"href":"https:\/\/mouldking.store\/de\/wp-json\/wp\/v2\/media\/42690"}],"wp:attachment":[{"href":"https:\/\/mouldking.store\/de\/wp-json\/wp\/v2\/media?parent=42696"}],"wp:term":[{"taxonomy":"product_cat","embeddable":true,"href":"https:\/\/mouldking.store\/de\/wp-json\/wp\/v2\/product_cat?post=42696"},{"taxonomy":"product_tag","embeddable":true,"href":"https:\/\/mouldking.store\/de\/wp-json\/wp\/v2\/product_tag?post=42696"}],"curies":[{"name":"wp","href":"https:\/\/api.w.org\/{rel}","templated":true}]}}