{"id":42698,"date":"2023-03-06T12:25:06","date_gmt":"2023-03-06T05:25:06","guid":{"rendered":"https:\/\/mouldking.store\/shop\/moc-factory-138317-death-star-detention-block-diorama-with-2084-pieces\/"},"modified":"2025-12-16T22:25:11","modified_gmt":"2025-12-16T15:25:11","slug":"moc-factory-138317-death-star-detention-block-diorama-with-2084-pieces","status":"publish","type":"product","link":"https:\/\/mouldking.store\/de\/shop\/moc-factory-138317-death-star-detention-block-diorama-with-2084-pieces\/","title":{"rendered":"MOC Factory 138317 Death Star Detention Block Diorama mit 2084 Teilen"},"content":{"rendered":"<div>\u2705 MOC-138317 Todesstern-Haftblock-Diorama<\/p>\n<p>\u2705Das Death Star Detention Block Diorama ist ein beliebtes Sammlerst\u00fcck, das auf der legend\u00e4ren Szene aus dem Film \u201eStar Wars: Episode IV \u2013 Eine neue Hoffnung\u201c von 1977 basiert. In dieser Szene infiltrieren die Charaktere Luke Skywalker, Han Solo und Chewbacca die Todesstern-Raumstation, um Prinzessin Leia zu retten, die in einem Haftblock gefangen gehalten wird.<\/p>\n<p>\ud83d\udeab WICHTIG!<\/p>\n<p>Produktname: Death Star Detention Block Diorama<\/p>\n<p>Kategorie: Krieg der Sterne<\/p>\n<p>Dieses Kit enth\u00e4lt: MOC-138317<\/p>\n<p>2084 St\u00fcck Steine von guter Qualit\u00e4t<\/p>\n<p>Gr\u00f6\u00dfe: Breite 21 cm \/ L\u00e4nge 33 cm \/ H\u00f6he 12 cm<\/p>\n<p>PDF-Anleitung<\/p>\n<p>\ud83d\udcccNatur des Protagonisten<\/p>\n<p>Die Einf\u00fchrung unserer stolzen Kollektion mit dem Namen \u201eDeath Star Detention Block Diorama\u201c, die Sie nicht verpassen sollten.<\/p>\n<p>Das Diorama enth\u00e4lt normalerweise ein detailliertes Miniaturmodell des Bereichs des Haftblocks, komplett mit W\u00e4nden, B\u00f6den und anderen architektonischen Merkmalen, die dem Filmset sehr \u00e4hnlich sind. Es enth\u00e4lt auch Miniaturfiguren der an der Szene beteiligten Charaktere sowie anderes Zubeh\u00f6r wie Waffen, Bedienfelder und andere Details. Das Death Star Detention Block Diorama ist ein beliebtes Objekt unter Sammlern von Star Wars-Erinnerungsst\u00fccken, da es Fans erm\u00f6glicht, eine der denkw\u00fcrdigsten Szenen aus dem Originalfilm nachzustellen. Es wird oft als limitierter Artikel verkauft, wobei nur eine bestimmte Anzahl produziert wird, was es zu einem sehr begehrten und wertvollen Merchandise-Artikel macht.<\/p><\/div>","protected":false},"excerpt":{"rendered":"<p>Marke: MOC-Fabrik<br \/>\nGeschlecht: Unisex<br \/>\nAltersspanne: &gt; 12 Jahre alt<br \/>\nModellnummer: 138317<br \/>\nEinstufung: Assemblage<br \/>\nKunststoffblockform: Selbstsichernde Steine<br \/>\nMaterial: Kunststoff<br \/>\nKunststofftyp: ABS<br \/>\nZiegelsteine: 2084 +<br \/>\nVorbereitungszeit: 4-8 Wochen<\/p>","protected":false},"featured_media":42697,"comment_status":"open","ping_status":"closed","template":"","meta":{"_acf_changed":false},"product_cat":[1395,390,581,415,1408],"product_tag":[11500,8784,392,434,436],"class_list":["product","first","instock","shipping-taxable","purchasable","product-type-simple"],"acf":[],"_links":{"self":[{"href":"https:\/\/mouldking.store\/de\/wp-json\/wp\/v2\/product\/42698","targetHints":{"allow":["GET"]}}],"collection":[{"href":"https:\/\/mouldking.store\/de\/wp-json\/wp\/v2\/product"}],"about":[{"href":"https:\/\/mouldking.store\/de\/wp-json\/wp\/v2\/types\/product"}],"replies":[{"embeddable":true,"href":"https:\/\/mouldking.store\/de\/wp-json\/wp\/v2\/comments?post=42698"}],"wp:featuredmedia":[{"embeddable":true,"href":"https:\/\/mouldking.store\/de\/wp-json\/wp\/v2\/media\/42697"}],"wp:attachment":[{"href":"https:\/\/mouldking.store\/de\/wp-json\/wp\/v2\/media?parent=42698"}],"wp:term":[{"taxonomy":"product_cat","embeddable":true,"href":"https:\/\/mouldking.store\/de\/wp-json\/wp\/v2\/product_cat?post=42698"},{"taxonomy":"product_tag","embeddable":true,"href":"https:\/\/mouldking.store\/de\/wp-json\/wp\/v2\/product_tag?post=42698"}],"curies":[{"name":"wp","href":"https:\/\/api.w.org\/{rel}","templated":true}]}}