{"id":42758,"date":"2023-03-09T18:45:28","date_gmt":"2023-03-09T11:45:28","guid":{"rendered":"https:\/\/mouldking.store\/shop\/zhegao-qj5183-kawasaki-motorcycle-with-888-pieces\/"},"modified":"2023-03-09T18:45:28","modified_gmt":"2023-03-09T11:45:28","slug":"zhegao-qj5183-kawasaki-motorcycle-with-888-pieces","status":"publish","type":"product","link":"https:\/\/mouldking.store\/de\/shop\/zhegao-qj5183-kawasaki-motorcycle-with-888-pieces\/","title":{"rendered":"ZHEGAO QJ5183 Kawasaki Motorrad mit 888 Teilen"},"content":{"rendered":"<div>\u2705 ZHEGAO QJ5183 Kawasaki-Motorrad<br \/>&nbsp;<br \/>\u2705Kawasaki ist ein bekannter japanischer Motorradhersteller, der eine breite Palette von Motorradmodellen herstellt. Kawasaki wurde 1896 gegr\u00fcndet und produziert seit den 1960er Jahren Motorr\u00e4der und ist bekannt f\u00fcr seine leistungsstarken Motoren, innovative Technologie und sein stilvolles Design.<br \/>&nbsp;<br \/>\ud83d\udeab WICHTIG!&nbsp;<br \/>&nbsp;<br \/>Produktname: Kawasaki-Motorrad<br \/>&nbsp;<br \/>Kategorie: Technik&nbsp;<br \/>&nbsp;<br \/>Dieses Kit enth\u00e4lt: ZHEGAO QJ5183&nbsp;<br \/>&nbsp;<br \/>888 St\u00fcck Steine von guter Qualit\u00e4t&nbsp;<br \/>&nbsp;<br \/>Gr\u00f6\u00dfe: 34,64 \u00d7 19,76 cm<br \/>&nbsp;<br \/>Manuelle Anweisungen&nbsp;<br \/>&nbsp;<br \/>\ud83d\udcccNatur des Protagonisten&nbsp;<br \/>&nbsp;<br \/>Die Einf\u00fchrung unserer stolzen Kollektion namens \u201eKawasaki Motorcycle\u201c sollten Sie sich nicht entgehen lassen.&nbsp;<br \/>&nbsp;<br \/>Die Motorradpalette von Kawasaki umfasst Sportmotorr\u00e4der, Tourenr\u00e4der, Cruiser und Offroad-Motorr\u00e4der. Einige ihrer beliebten Modelle sind die Kawasaki Ninja, eine Reihe von Hochleistungs-Sportr\u00e4dern, die Kawasaki Vulcan, eine Reihe von Cruiser-Motorr\u00e4dern, und die Kawasaki KX, eine Reihe von Offroad-Motorr\u00e4dern.<\/div>","protected":false},"excerpt":{"rendered":"<p>Marke: ZHEGAO<br \/>\nGeschlecht: Unisex<br \/>\nAltersspanne: &gt; 6 Jahre alt<br \/>\nModellnummer: QJ5183<br \/>\nEinstufung: Assemblage<br \/>\nKunststoffblockform: Selbstsichernde Steine<br \/>\nMaterial: Kunststoff<br \/>\nKunststofftyp: ABS<br \/>\nZiegelsteine: 888 +<br \/>\nVorverkauf<\/p>","protected":false},"featured_media":42756,"comment_status":"open","ping_status":"closed","template":"","meta":{"_acf_changed":false},"product_cat":[1357,364],"product_tag":[7857,2449,389,11080],"class_list":["product","first","instock","shipping-taxable","purchasable","product-type-simple"],"acf":[],"_links":{"self":[{"href":"https:\/\/mouldking.store\/de\/wp-json\/wp\/v2\/product\/42758","targetHints":{"allow":["GET"]}}],"collection":[{"href":"https:\/\/mouldking.store\/de\/wp-json\/wp\/v2\/product"}],"about":[{"href":"https:\/\/mouldking.store\/de\/wp-json\/wp\/v2\/types\/product"}],"replies":[{"embeddable":true,"href":"https:\/\/mouldking.store\/de\/wp-json\/wp\/v2\/comments?post=42758"}],"wp:featuredmedia":[{"embeddable":true,"href":"https:\/\/mouldking.store\/de\/wp-json\/wp\/v2\/media\/42756"}],"wp:attachment":[{"href":"https:\/\/mouldking.store\/de\/wp-json\/wp\/v2\/media?parent=42758"}],"wp:term":[{"taxonomy":"product_cat","embeddable":true,"href":"https:\/\/mouldking.store\/de\/wp-json\/wp\/v2\/product_cat?post=42758"},{"taxonomy":"product_tag","embeddable":true,"href":"https:\/\/mouldking.store\/de\/wp-json\/wp\/v2\/product_tag?post=42758"}],"curies":[{"name":"wp","href":"https:\/\/api.w.org\/{rel}","templated":true}]}}