{"id":42761,"date":"2023-03-09T18:51:43","date_gmt":"2023-03-09T11:51:43","guid":{"rendered":"https:\/\/mouldking.store\/shop\/zhegao-qj5182-honda-cbr-with-811-pieces\/"},"modified":"2023-03-09T18:51:43","modified_gmt":"2023-03-09T11:51:43","slug":"zhegao-qj5182-honda-cbr-with-811-pieces","status":"publish","type":"product","link":"https:\/\/mouldking.store\/de\/shop\/zhegao-qj5182-honda-cbr-with-811-pieces\/","title":{"rendered":"ZHEGAO QJ5182 Honda CBR mit 811 St\u00fcck"},"content":{"rendered":"<div>\u2705 ZHEGAO QJ5182 Honda CBR<br \/>&nbsp;<br \/>\u2705Die Honda CBR ist eine beliebte Linie von Sportr\u00e4dern des japanischen Herstellers Honda. Die CBR-Serie wurde erstmals 1987 eingef\u00fchrt und hat sich seitdem zu einer der bekanntesten und angesehensten Sportradlinien der Welt entwickelt.<br \/>&nbsp;<br \/>\ud83d\udeab WICHTIG!&nbsp;<br \/>&nbsp;<br \/>Produktname: Honda CBR<br \/>&nbsp;<br \/>Kategorie: Technik<\/p>\n<p>Dieses Kit enth\u00e4lt: ZHEGAO QJ5182<br \/>&nbsp;<br \/>811 St\u00fcck Steine von guter Qualit\u00e4t&nbsp;<br \/>&nbsp;<br \/>Gr\u00f6\u00dfe: 33,76 \u00d7 21,4 cm<br \/>&nbsp;<br \/>Manuelle Anweisungen&nbsp;<br \/>&nbsp;<br \/>\ud83d\udcccNatur des Protagonisten&nbsp;<br \/>&nbsp;<br \/>Die Einf\u00fchrung unserer stolzen Kollektion namens \u201eHonda CBR\u201c sollten Sie sich nicht entgehen lassen.&nbsp;<br \/>&nbsp;<br \/>Die CBR-Serie umfasst eine Reihe von Modellen mit unterschiedlichen Motorgr\u00f6\u00dfen und Konfigurationen, wie z. B. CBR600RR, CBR650R, CBR1000RR und CBR1100XX. Diese Motorr\u00e4der sind bekannt f\u00fcr ihre leistungsstarken Motoren, ihr agiles Handling und ihre fortschrittliche Technologie, wie z. B. das Honda Selectable Torque Control (HSTC)-System, das hilft, Hinterradschlupf beim Beschleunigen zu verhindern.<\/div>","protected":false},"excerpt":{"rendered":"<p>Marke: ZHEGAO<br \/>\nGeschlecht: Unisex<br \/>\nAltersspanne: &gt; 6 Jahre alt<br \/>\nModellnummer: QJ5182<br \/>\nEinstufung: Assemblage<br \/>\nKunststoffblockform: Selbstsichernde Steine<br \/>\nMaterial: Kunststoff<br \/>\nKunststofftyp: ABS<br \/>\nZiegelsteine: 811 +<br \/>\nVorverkauf<\/p>","protected":false},"featured_media":42759,"comment_status":"open","ping_status":"closed","template":"","meta":{"_acf_changed":false},"product_cat":[1357,364],"product_tag":[9118,2449,389,11080],"class_list":["product","first","instock","shipping-taxable","purchasable","product-type-simple"],"acf":[],"_links":{"self":[{"href":"https:\/\/mouldking.store\/de\/wp-json\/wp\/v2\/product\/42761","targetHints":{"allow":["GET"]}}],"collection":[{"href":"https:\/\/mouldking.store\/de\/wp-json\/wp\/v2\/product"}],"about":[{"href":"https:\/\/mouldking.store\/de\/wp-json\/wp\/v2\/types\/product"}],"replies":[{"embeddable":true,"href":"https:\/\/mouldking.store\/de\/wp-json\/wp\/v2\/comments?post=42761"}],"wp:featuredmedia":[{"embeddable":true,"href":"https:\/\/mouldking.store\/de\/wp-json\/wp\/v2\/media\/42759"}],"wp:attachment":[{"href":"https:\/\/mouldking.store\/de\/wp-json\/wp\/v2\/media?parent=42761"}],"wp:term":[{"taxonomy":"product_cat","embeddable":true,"href":"https:\/\/mouldking.store\/de\/wp-json\/wp\/v2\/product_cat?post=42761"},{"taxonomy":"product_tag","embeddable":true,"href":"https:\/\/mouldking.store\/de\/wp-json\/wp\/v2\/product_tag?post=42761"}],"curies":[{"name":"wp","href":"https:\/\/api.w.org\/{rel}","templated":true}]}}