{"id":42774,"date":"2023-03-10T15:13:39","date_gmt":"2023-03-10T08:13:39","guid":{"rendered":"https:\/\/mouldking.store\/shop\/moc-factory-109383-battlecruiser-with-11262-pieces\/"},"modified":"2025-12-16T22:25:11","modified_gmt":"2025-12-16T15:25:11","slug":"moc-factory-109383-battlecruiser-with-11262-pieces","status":"publish","type":"product","link":"https:\/\/mouldking.store\/de\/shop\/moc-factory-109383-battlecruiser-with-11262-pieces\/","title":{"rendered":"MOC Factory 109383 Schlachtkreuzer mit 11262 Teilen"},"content":{"rendered":"<div>\u2705 MOC-109383 Schlachtkreuzer<\/p>\n<p>\u2705 Ein Schlachtkreuzer ist eine Art Kriegsschiff, das erstmals im fr\u00fchen 20. Jahrhundert auftauchte. Es wurde entwickelt, um schneller und schwerer bewaffnet zu sein als ein traditioneller Kreuzer, aber auch weniger schwer gepanzert als ein Schlachtschiff.<\/p>\n<p>\ud83d\udeab WICHTIG!<\/p>\n<p>Produktname: Schlachtkreuzer<\/p>\n<p>Kategorie: Weltraum<\/p>\n<p>Dieses Kit enth\u00e4lt: MOC-109383<\/p>\n<p>11262 St\u00fcck Ziegel von guter Qualit\u00e4t<\/p>\n<p>Gr\u00f6\u00dfe: 66,5 x 53,1 x 37,2 cm<\/p>\n<p>PDF-Anleitung<\/p>\n<p>\ud83d\udcccNatur des Protagonisten<\/p>\n<p>Die Einf\u00fchrung unserer stolzen Kollektion namens \u201eBattlecruiser\u201c sollten Sie sich nicht entgehen lassen.<\/p>\n<p>Das Konzept des Schlachtkreuzers wurde von der Royal Navy im Vereinigten K\u00f6nigreich entwickelt, wobei der erste Schlachtkreuzer, HMS Invincible, 1908 in Dienst gestellt wurde. Schlachtkreuzer waren typischerweise gr\u00f6\u00dfer und schneller als Kreuzer, mit st\u00e4rkerer Bewaffnung, oft mit gr\u00f6\u00dferen Gesch\u00fctzen, aber sie opferte etwas R\u00fcstungsschutz, um diese Vorteile zu erreichen.<\/p><\/div>","protected":false},"excerpt":{"rendered":"<p>Marke: MOC-Fabrik<br \/>\nGeschlecht: Unisex<br \/>\nAltersspanne: &gt; 12 Jahre alt<br \/>\nModellnummer: 109383<br \/>\nEinstufung: Assemblage<br \/>\nKunststoffblockform: Selbstsichernde Steine<br \/>\nMaterial: Kunststoff<br \/>\nKunststofftyp: ABS<br \/>\nZiegelsteine: 11262 +<br \/>\nVorbereitungszeit: 4-8 Wochen<\/p>","protected":false},"featured_media":42768,"comment_status":"open","ping_status":"closed","template":"","meta":{"_acf_changed":false},"product_cat":[1350,1357,372,6016,364],"product_tag":[9077,5703,5541,374,2276,389,11162],"class_list":["product","first","instock","shipping-taxable","purchasable","product-type-simple"],"acf":[],"_links":{"self":[{"href":"https:\/\/mouldking.store\/de\/wp-json\/wp\/v2\/product\/42774","targetHints":{"allow":["GET"]}}],"collection":[{"href":"https:\/\/mouldking.store\/de\/wp-json\/wp\/v2\/product"}],"about":[{"href":"https:\/\/mouldking.store\/de\/wp-json\/wp\/v2\/types\/product"}],"replies":[{"embeddable":true,"href":"https:\/\/mouldking.store\/de\/wp-json\/wp\/v2\/comments?post=42774"}],"wp:featuredmedia":[{"embeddable":true,"href":"https:\/\/mouldking.store\/de\/wp-json\/wp\/v2\/media\/42768"}],"wp:attachment":[{"href":"https:\/\/mouldking.store\/de\/wp-json\/wp\/v2\/media?parent=42774"}],"wp:term":[{"taxonomy":"product_cat","embeddable":true,"href":"https:\/\/mouldking.store\/de\/wp-json\/wp\/v2\/product_cat?post=42774"},{"taxonomy":"product_tag","embeddable":true,"href":"https:\/\/mouldking.store\/de\/wp-json\/wp\/v2\/product_tag?post=42774"}],"curies":[{"name":"wp","href":"https:\/\/api.w.org\/{rel}","templated":true}]}}