{"id":42776,"date":"2023-03-10T15:26:25","date_gmt":"2023-03-10T08:26:25","guid":{"rendered":"https:\/\/mouldking.store\/shop\/moc-factory-122034-wolfs-head-grond-with-2486-pieces\/"},"modified":"2025-12-16T22:25:11","modified_gmt":"2025-12-16T15:25:11","slug":"moc-factory-122034-wolfs-head-grond-with-2486-pieces","status":"publish","type":"product","link":"https:\/\/mouldking.store\/de\/shop\/moc-factory-122034-wolfs-head-grond-with-2486-pieces\/","title":{"rendered":"MOC Factory 122034 Wolfskopf Grond mit 2486 St\u00fcck"},"content":{"rendered":"<div>\u2705 MOC-122034 Wolfskopf Grond<\/p>\n<p>\u2705 Wolfskopf Grond ist eine fiktive Waffe aus JRR Tolkiens Legendarium von Mittelerde. Es war ein Rammbock, der von den Armeen des Dunklen Lords Morgoth im Ersten Zeitalter benutzt wurde, um die Tore der Festung von Nargothrond zu durchbrechen.<\/p>\n<p>\ud83d\udeab WICHTIG!<\/p>\n<p>Produktname: Wolfskopf Grond<\/p>\n<p>Kategorie: Film<\/p>\n<p>Dieses Kit enth\u00e4lt: MOC-122034&nbsp;<\/p>\n<p>2486 St\u00fcck Steine von guter Qualit\u00e4t<\/p>\n<p>Gr\u00f6\u00dfe: Breite 61,7 cm L\u00e4nge 29,2 cm H\u00f6he 30 cm<\/p>\n<p>PDF-Anleitung<\/p>\n<p>\ud83d\udcccNatur des Protagonisten<\/p>\n<p>Die Einf\u00fchrung unserer stolzen Kollektion mit dem Namen \u201eWolf&#039;s Head Grond\u201c sollten Sie nicht verpassen.<\/p>\n<p>Der Name \u201eWolf&#039;s Head Grond\u201c kommt von der Tatsache, dass der Widder einen Wolfskopf in seine Spitze geschnitzt hatte. Es bestand aus schwarzem Stahl und soll von Morgoth verzaubert worden sein, wodurch es in der Lage war, selbst die st\u00e4rksten Tore und Mauern zu durchbrechen. Wolfskopf Grond gelang es, die Tore von Nargothrond zu durchbrechen, was zum Untergang der Festung und zum Tod vieler ihrer Verteidiger f\u00fchrte. Die Waffe wird in Mittelerde als Symbol f\u00fcr die Macht und List von Morgoths Armeen in Erinnerung gerufen.<\/p><\/div>","protected":false},"excerpt":{"rendered":"<p>Marke: MOC-Fabrik<br \/>\nGeschlecht: Unisex<br \/>\nAltersspanne: &gt; 12 Jahre alt<br \/>\nModellnummer: 122034<br \/>\nEinstufung: Assemblage<br \/>\nKunststoffblockform: Selbstsichernde Steine<br \/>\nMaterial: Kunststoff<br \/>\nKunststofftyp: ABS<br \/>\nZiegelsteine: 2486 +<br \/>\nVorbereitungszeit: 4-8 Wochen<\/p>","protected":false},"featured_media":42775,"comment_status":"open","ping_status":"closed","template":"","meta":{"_acf_changed":false},"product_cat":[1365,581,1408],"product_tag":[8452,6483,434,6169,10010],"class_list":["product","first","instock","shipping-taxable","purchasable","product-type-simple"],"acf":[],"_links":{"self":[{"href":"https:\/\/mouldking.store\/de\/wp-json\/wp\/v2\/product\/42776","targetHints":{"allow":["GET"]}}],"collection":[{"href":"https:\/\/mouldking.store\/de\/wp-json\/wp\/v2\/product"}],"about":[{"href":"https:\/\/mouldking.store\/de\/wp-json\/wp\/v2\/types\/product"}],"replies":[{"embeddable":true,"href":"https:\/\/mouldking.store\/de\/wp-json\/wp\/v2\/comments?post=42776"}],"wp:featuredmedia":[{"embeddable":true,"href":"https:\/\/mouldking.store\/de\/wp-json\/wp\/v2\/media\/42775"}],"wp:attachment":[{"href":"https:\/\/mouldking.store\/de\/wp-json\/wp\/v2\/media?parent=42776"}],"wp:term":[{"taxonomy":"product_cat","embeddable":true,"href":"https:\/\/mouldking.store\/de\/wp-json\/wp\/v2\/product_cat?post=42776"},{"taxonomy":"product_tag","embeddable":true,"href":"https:\/\/mouldking.store\/de\/wp-json\/wp\/v2\/product_tag?post=42776"}],"curies":[{"name":"wp","href":"https:\/\/api.w.org\/{rel}","templated":true}]}}