{"id":42778,"date":"2023-03-10T15:32:39","date_gmt":"2023-03-10T08:32:39","guid":{"rendered":"https:\/\/mouldking.store\/shop\/moc-factory-38624-paths-of-the-dead-with-2706-pieces\/"},"modified":"2025-12-16T22:25:11","modified_gmt":"2025-12-16T15:25:11","slug":"moc-factory-38624-paths-of-the-dead-with-2706-pieces","status":"publish","type":"product","link":"https:\/\/mouldking.store\/de\/shop\/moc-factory-38624-paths-of-the-dead-with-2706-pieces\/","title":{"rendered":"MOC Factory 38624 Pfade der Toten mit 2706 Teilen"},"content":{"rendered":"<div>\u2705 MOC-38624 Wege der Toten<\/p>\n<p>\u2705Die Pfade der Toten ist ein fiktiver Ort in JRR Tolkiens Mittelerde-Legendarium. Es ist ein Spukgang, der durch die Wei\u00dfen Berge in der Region Gondor f\u00fchrt.<\/p>\n<p>\ud83d\udeab WICHTIG!<\/p>\n<p>Produktname: Pfade der Toten<\/p>\n<p>Kategorie: Film<\/p>\n<p>Dieses Kit enth\u00e4lt: MOC-38624&nbsp;<\/p>\n<p>2706 St\u00fcck Ziegel von guter Qualit\u00e4t<\/p>\n<p>Gr\u00f6\u00dfe: Breite 70,3 cm L\u00e4nge 41,6 cm H\u00f6he 23 cm<\/p>\n<p>PDF-Anleitung<\/p>\n<p>\ud83d\udcccNatur des Protagonisten<\/p>\n<p>Die Einf\u00fchrung unserer stolzen Kollektion namens \u201ePaths of the Dead\u201c sollten Sie sich nicht entgehen lassen.<\/p>\n<p>Die Pfade der Toten waren einst eine Passage, die von den M\u00e4nnern der Berge benutzt wurde, die Isildur, dem Hochk\u00f6nig von Gondor, ihre Treue geschworen hatten. W\u00e4hrend des Krieges der letzten Allianz verrieten die M\u00e4nner der Berge Isildur und seine Armee, was zu ihrer Niederlage und dem Verlust des Einen Rings f\u00fchrte. Zur Strafe verfluchte Isildur die Menschen der Berge und den Durchgang und sagte, dass sie an den Durchgang gebunden w\u00e4ren, bis sie ihren Treueschwur erf\u00fcllt h\u00e4tten.<\/p><\/div>","protected":false},"excerpt":{"rendered":"<p>Marke: MOC-Fabrik<br \/>\nGeschlecht: Unisex<br \/>\nAltersspanne: &gt; 12 Jahre alt<br \/>\nModellnummer: 38624<br \/>\nEinstufung: Assemblage<br \/>\nKunststoffblockform: Selbstsichernde Steine<br \/>\nMaterial: Kunststoff<br \/>\nKunststofftyp: ABS<br \/>\nZiegelsteine: 2706 +<br \/>\nVorbereitungszeit: 4-8 Wochen<\/p>","protected":false},"featured_media":42777,"comment_status":"open","ping_status":"closed","template":"","meta":{"_acf_changed":false},"product_cat":[1365,581,1408],"product_tag":[8452,434,6169],"class_list":["product","first","instock","shipping-taxable","purchasable","product-type-simple"],"acf":[],"_links":{"self":[{"href":"https:\/\/mouldking.store\/de\/wp-json\/wp\/v2\/product\/42778","targetHints":{"allow":["GET"]}}],"collection":[{"href":"https:\/\/mouldking.store\/de\/wp-json\/wp\/v2\/product"}],"about":[{"href":"https:\/\/mouldking.store\/de\/wp-json\/wp\/v2\/types\/product"}],"replies":[{"embeddable":true,"href":"https:\/\/mouldking.store\/de\/wp-json\/wp\/v2\/comments?post=42778"}],"wp:featuredmedia":[{"embeddable":true,"href":"https:\/\/mouldking.store\/de\/wp-json\/wp\/v2\/media\/42777"}],"wp:attachment":[{"href":"https:\/\/mouldking.store\/de\/wp-json\/wp\/v2\/media?parent=42778"}],"wp:term":[{"taxonomy":"product_cat","embeddable":true,"href":"https:\/\/mouldking.store\/de\/wp-json\/wp\/v2\/product_cat?post=42778"},{"taxonomy":"product_tag","embeddable":true,"href":"https:\/\/mouldking.store\/de\/wp-json\/wp\/v2\/product_tag?post=42778"}],"curies":[{"name":"wp","href":"https:\/\/api.w.org\/{rel}","templated":true}]}}