{"id":42780,"date":"2023-03-10T15:44:54","date_gmt":"2023-03-10T08:44:54","guid":{"rendered":"https:\/\/mouldking.store\/shop\/moc-factory-89447-isd-ii-commandobridge-with-6532-pieces\/"},"modified":"2025-12-16T22:25:11","modified_gmt":"2025-12-16T15:25:11","slug":"moc-factory-89447-isd-ii-commandobridge-with-6532-pieces","status":"publish","type":"product","link":"https:\/\/mouldking.store\/de\/shop\/moc-factory-89447-isd-ii-commandobridge-with-6532-pieces\/","title":{"rendered":"MOC Factory 89447 ISD II Commandobridge mit 6532 St\u00fcck"},"content":{"rendered":"<div>\u2705 MOC-89447 ISD II Kommandobr\u00fccke<\/p>\n<p>\u2705Die ISD II Command Bridge ist ein fiktiver Ort im Star Wars-Universum, speziell in der zweiten Version des Sternenzerst\u00f6rers der imperialen Klasse, einem gro\u00dfen Gro\u00dfkampfschiff, das vom Galaktischen Imperium eingesetzt wird.<\/p>\n<p>\ud83d\udeab WICHTIG!<\/p>\n<p>Produktname: ISD II Commandobridge<\/p>\n<p>Kategorie: Krieg der Sterne<\/p>\n<p>Dieses Kit enth\u00e4lt: MOC-89447<\/p>\n<p>6532 St\u00fcck Ziegel von guter Qualit\u00e4t<\/p>\n<p>PDF-Anleitung<\/p>\n<p>\ud83d\udcccNatur des Protagonisten<\/p>\n<p>Die Einf\u00fchrung unserer stolzen Kollektion mit dem Namen \u201eISD II Commandobridge\u201c sollten Sie nicht verpassen.<\/p>\n<p>Die ISD II-Kommandobr\u00fccke ist das Hauptkontrollzentrum des Sternenzerst\u00f6rers der imperialen Klasse, und hier koordinieren und leiten der Schiffskapit\u00e4n und leitende Offiziere den Schiffsbetrieb. Die Br\u00fccke befindet sich oben auf dem Rumpf des Sternenzerst\u00f6rers und gibt ihm einen beeindruckenden Blick auf den umgebenden Raum. In den Star Wars-Filmen und im erweiterten Universum wird die ISD II Command Bridge als gro\u00dfer, ger\u00e4umiger Raum mit mehreren Stationen f\u00fcr verschiedene Schiffsfunktionen dargestellt, darunter Navigation, Kommunikation und Waffenkontrolle. Der Stuhl des Kapit\u00e4ns befindet sich in der Mitte der Br\u00fccke, und andere Offiziere sind um ihn herum stationiert, um Unterst\u00fctzung und Feedback zu geben.<\/p><\/div>","protected":false},"excerpt":{"rendered":"<p>Marke: MOC-Fabrik<br \/>\nGeschlecht: Unisex<br \/>\nAltersspanne: &gt; 12 Jahre alt<br \/>\nModellnummer: 89447<br \/>\nEinstufung: Assemblage<br \/>\nKunststoffblockform: Selbstsichernde Steine<br \/>\nMaterial: Kunststoff<br \/>\nKunststofftyp: ABS<br \/>\nZiegelsteine: 6532 +<br \/>\nBearbeitungszeit: 4-8 Wochen<\/p>","protected":false},"featured_media":42779,"comment_status":"open","ping_status":"closed","template":"","meta":{"_acf_changed":false},"product_cat":[1350,372,581,6016,415,1408],"product_tag":[10639,374,434,2276,436],"class_list":["product","first","instock","shipping-taxable","purchasable","product-type-simple"],"acf":[],"_links":{"self":[{"href":"https:\/\/mouldking.store\/de\/wp-json\/wp\/v2\/product\/42780","targetHints":{"allow":["GET"]}}],"collection":[{"href":"https:\/\/mouldking.store\/de\/wp-json\/wp\/v2\/product"}],"about":[{"href":"https:\/\/mouldking.store\/de\/wp-json\/wp\/v2\/types\/product"}],"replies":[{"embeddable":true,"href":"https:\/\/mouldking.store\/de\/wp-json\/wp\/v2\/comments?post=42780"}],"wp:featuredmedia":[{"embeddable":true,"href":"https:\/\/mouldking.store\/de\/wp-json\/wp\/v2\/media\/42779"}],"wp:attachment":[{"href":"https:\/\/mouldking.store\/de\/wp-json\/wp\/v2\/media?parent=42780"}],"wp:term":[{"taxonomy":"product_cat","embeddable":true,"href":"https:\/\/mouldking.store\/de\/wp-json\/wp\/v2\/product_cat?post=42780"},{"taxonomy":"product_tag","embeddable":true,"href":"https:\/\/mouldking.store\/de\/wp-json\/wp\/v2\/product_tag?post=42780"}],"curies":[{"name":"wp","href":"https:\/\/api.w.org\/{rel}","templated":true}]}}