{"id":42784,"date":"2023-03-10T16:03:30","date_gmt":"2023-03-10T09:03:30","guid":{"rendered":"https:\/\/mouldking.store\/shop\/moc-factory-51087-the-batcave-with-5018-pieces\/"},"modified":"2025-12-16T22:25:11","modified_gmt":"2025-12-16T15:25:11","slug":"moc-factory-51087-the-batcave-with-5018-pieces","status":"publish","type":"product","link":"https:\/\/mouldking.store\/de\/shop\/moc-factory-51087-the-batcave-with-5018-pieces\/","title":{"rendered":"MOC Factory 51087 Die Bath\u00f6hle mit 5018 Teilen"},"content":{"rendered":"<div>\u2705 MOC-51087 Die Bath\u00f6hle<\/p>\n<p>\u2705Die Batcave ist ein fiktiver Ort in den Batman-Comics, -Filmen und -Fernsehserien. Es ist eine versteckte unterirdische Basis unter Wayne Manor, der Heimat des wohlhabenden Gesch\u00e4ftsmanns Bruce Wayne, der heimlich als B\u00fcrgerwehrmann Batman agiert.<\/p>\n<p>\ud83d\udeab WICHTIG!<\/p>\n<p>Produktname: Die Bath\u00f6hle<\/p>\n<p>Kategorie: Film<\/p>\n<p>Dieses Kit enth\u00e4lt: MOC-51087&nbsp;<\/p>\n<p>5018 St\u00fcck Steine von guter Qualit\u00e4t<\/p>\n<p>Gr\u00f6\u00dfe: 150 cm (60 Zoll) lang, 45 cm (18 Zoll) breit und 32 cm (13 Zoll) hoch&nbsp;<\/p>\n<p>PDF-Anleitung<\/p>\n<p>\ud83d\udcccNatur des Protagonisten<\/p>\n<p>Die Einf\u00fchrung unserer stolzen Kollektion mit dem Namen \u201eThe Batcave\u201c sollten Sie sich nicht entgehen lassen.<\/p>\n<p>Die Batcave dient als Hauptquartier von Batman und als Operationsbasis f\u00fcr seine Aktivit\u00e4ten zur Verbrechensbek\u00e4mpfung. Es ist mit modernster Technologie ausgestattet, darunter ein Hightech-Computersystem, Kommunikationsger\u00e4te und fortschrittliche Laborger\u00e4te. Die H\u00f6hle beherbergt auch eine gro\u00dfe Auswahl an Spezialausr\u00fcstung und -fahrzeugen, wie das Batmobil und das Batplane.<\/p><\/div>","protected":false},"excerpt":{"rendered":"<p>Marke: MOC-Fabrik<br \/>\nGeschlecht: Unisex<br \/>\nAltersspanne: &gt; 12 Jahre alt<br \/>\nModellnummer: 51087<br \/>\nEinstufung: Assemblage<br \/>\nKunststoffblockform: Selbstsichernde Steine<br \/>\nMaterial: Kunststoff<br \/>\nKunststofftyp: ABS<br \/>\nZiegelsteine: 5018 +<br \/>\nVorbereitungszeit: 4-8 Wochen<\/p>","protected":false},"featured_media":42783,"comment_status":"open","ping_status":"closed","template":"","meta":{"_acf_changed":false},"product_cat":[1365,1395,390,581,1408],"product_tag":[11329,11397,727,11398,8452,434],"class_list":["product","first","instock","shipping-taxable","purchasable","product-type-simple"],"acf":[],"_links":{"self":[{"href":"https:\/\/mouldking.store\/de\/wp-json\/wp\/v2\/product\/42784","targetHints":{"allow":["GET"]}}],"collection":[{"href":"https:\/\/mouldking.store\/de\/wp-json\/wp\/v2\/product"}],"about":[{"href":"https:\/\/mouldking.store\/de\/wp-json\/wp\/v2\/types\/product"}],"replies":[{"embeddable":true,"href":"https:\/\/mouldking.store\/de\/wp-json\/wp\/v2\/comments?post=42784"}],"wp:featuredmedia":[{"embeddable":true,"href":"https:\/\/mouldking.store\/de\/wp-json\/wp\/v2\/media\/42783"}],"wp:attachment":[{"href":"https:\/\/mouldking.store\/de\/wp-json\/wp\/v2\/media?parent=42784"}],"wp:term":[{"taxonomy":"product_cat","embeddable":true,"href":"https:\/\/mouldking.store\/de\/wp-json\/wp\/v2\/product_cat?post=42784"},{"taxonomy":"product_tag","embeddable":true,"href":"https:\/\/mouldking.store\/de\/wp-json\/wp\/v2\/product_tag?post=42784"}],"curies":[{"name":"wp","href":"https:\/\/api.w.org\/{rel}","templated":true}]}}