{"id":42788,"date":"2023-03-10T16:22:27","date_gmt":"2023-03-10T09:22:27","guid":{"rendered":"https:\/\/mouldking.store\/shop\/moc-factory-89446-movie-space-travel-scenes-diorama-kit-with-3764-pieces\/"},"modified":"2025-12-16T22:25:10","modified_gmt":"2025-12-16T15:25:10","slug":"moc-factory-89446-movie-space-travel-scenes-diorama-kit-with-3764-pieces","status":"publish","type":"product","link":"https:\/\/mouldking.store\/de\/shop\/moc-factory-89446-movie-space-travel-scenes-diorama-kit-with-3764-pieces\/","title":{"rendered":"MOC Factory 89446 Movie Space Travel Scenes Diorama Kit mit 3764 Teilen"},"content":{"rendered":"<div>\u2705 MOC-89446 Diorama-Kit mit Filmszenen aus der Raumfahrt<\/p>\n<p>\u2705UCS-Sets sind Teil von Bricks Premium-Sets, die f\u00fcr fortgeschrittene Baumeister und Sammler entwickelt wurden, und sie enthalten oft gro\u00dfformatige Modelle mit einem hohen Ma\u00df an Details und Komplexit\u00e4t. Einige UCS-Sets, wie der UCS Millennium Falcon oder der UCS Star Destroyer, k\u00f6nnten verwendet werden, um ein Diorama einer Weltraumschlacht oder Szene aus dem Star Wars-Universum zu erstellen.<\/p>\n<p>\ud83d\udeab WICHTIG!<\/p>\n<p>Produktname: Film Space Travel Scenes Diorama Kit<\/p>\n<p>Kategorie: Krieg der Sterne<\/p>\n<p>Dieses Kit enth\u00e4lt: MOC-89446<\/p>\n<p>3764 St\u00fcck Steine von guter Qualit\u00e4t<\/p>\n<p>PDF-Anleitung<\/p>\n<p>\ud83d\udcccNatur des Protagonisten<\/p>\n<p>Die Einf\u00fchrung unserer stolzen Kollektion namens \u201eMovie Space Travel Scenes Diorama Kit\u201c, die Sie nicht verpassen sollten.<\/p>\n<p>Das UCS Diorama Kit ist ein Bausteinset, das entwickelt wurde, um ein detailliertes und beeindruckendes Diorama f\u00fcr Ausstellungszwecke zu erstellen, oft mit einem Fokus auf Genauigkeit und Liebe zum Detail.<\/p><\/div>","protected":false},"excerpt":{"rendered":"<p>Marke: MOC-Fabrik<br \/>\nGeschlecht: Unisex<br \/>\nAltersspanne: &gt; 12 Jahre alt<br \/>\nModellnummer: 89446<br \/>\nEinstufung: Assemblage<br \/>\nKunststoffblockform: Selbstsichernde Steine<br \/>\nMaterial: Kunststoff<br \/>\nKunststofftyp: ABS<br \/>\nZiegelsteine: 3764 +<br \/>\nVorbereitungszeit: 4-8 Wochen<\/p>","protected":false},"featured_media":42787,"comment_status":"open","ping_status":"closed","template":"","meta":{"_acf_changed":false},"product_cat":[1357,581,6016,415,364,1408],"product_tag":[8784,11507,434,2276,436,389],"class_list":["product","first","instock","shipping-taxable","purchasable","product-type-simple"],"acf":[],"_links":{"self":[{"href":"https:\/\/mouldking.store\/de\/wp-json\/wp\/v2\/product\/42788","targetHints":{"allow":["GET"]}}],"collection":[{"href":"https:\/\/mouldking.store\/de\/wp-json\/wp\/v2\/product"}],"about":[{"href":"https:\/\/mouldking.store\/de\/wp-json\/wp\/v2\/types\/product"}],"replies":[{"embeddable":true,"href":"https:\/\/mouldking.store\/de\/wp-json\/wp\/v2\/comments?post=42788"}],"wp:featuredmedia":[{"embeddable":true,"href":"https:\/\/mouldking.store\/de\/wp-json\/wp\/v2\/media\/42787"}],"wp:attachment":[{"href":"https:\/\/mouldking.store\/de\/wp-json\/wp\/v2\/media?parent=42788"}],"wp:term":[{"taxonomy":"product_cat","embeddable":true,"href":"https:\/\/mouldking.store\/de\/wp-json\/wp\/v2\/product_cat?post=42788"},{"taxonomy":"product_tag","embeddable":true,"href":"https:\/\/mouldking.store\/de\/wp-json\/wp\/v2\/product_tag?post=42788"}],"curies":[{"name":"wp","href":"https:\/\/api.w.org\/{rel}","templated":true}]}}