{"id":42791,"date":"2023-03-10T16:32:12","date_gmt":"2023-03-10T09:32:12","guid":{"rendered":"https:\/\/mouldking.store\/shop\/moc-factory-133505-ucs-middle-earth-map-with-9129-pieces\/"},"modified":"2025-12-16T22:25:10","modified_gmt":"2025-12-16T15:25:10","slug":"moc-factory-133505-ucs-middle-earth-map-with-9129-pieces","status":"publish","type":"product","link":"https:\/\/mouldking.store\/de\/shop\/moc-factory-133505-ucs-middle-earth-map-with-9129-pieces\/","title":{"rendered":"MOC Factory 133505 UCS Mittelerde Karte mit 9129 Teilen"},"content":{"rendered":"<div>\u2705 MOC-133505 UCS Mittelerde Karte<\/p>\n<p>\u2705Die UCS Mittelerde-Karte ist eine gro\u00dfe und hochdetaillierte Nachbildung der Karte von Mittelerde, die auf den ersten Seiten von \u201eDer Herr der Ringe\u201c zu sehen ist. Die Karte besteht aus mehreren Abschnitten, die angeordnet und zur Anzeige an einer Wand montiert werden k\u00f6nnen.<\/p>\n<p>\ud83d\udeab WICHTIG!<\/p>\n<p>Produktname: UCS Mittelerde Karte<\/p>\n<p>Kategorie: Film<\/p>\n<p>Dieses Kit enth\u00e4lt: MOC-133505<\/p>\n<p>9129 St\u00fcck Ziegel von guter Qualit\u00e4t<\/p>\n<p>Gr\u00f6\u00dfe: Breite 81,6 cm L\u00e4nge 124,8 cm H\u00f6he 13,3 cm<\/p>\n<p>Gewicht: 7,6 kg<\/p>\n<p>PDF-Anleitung<\/p>\n<p>\ud83d\udcccNatur des Protagonisten<\/p>\n<p>Die Einf\u00fchrung unserer stolzen Sammlung mit dem Namen \u201eUCS Middle Earth Map\u201c sollten Sie nicht verpassen.<\/p>\n<p>Das Set enth\u00e4lt eine Vielzahl von Features und Details, die der Originalkarte treu sind, wie die Nebelberge, die Nebelberge, das Auenland, der Einsame Berg und der Dunkle Turm von Mordor. Es kommt auch mit einem baubaren St\u00e4nder, der einen Kompass und eine Mini-Version des Einen Rings enth\u00e4lt. Die UCS Middle Earth Map wurde f\u00fcr erfahrene Ziegelbauer und Sammler entwickelt, die hochwertige und aufwendige Designs zu sch\u00e4tzen wissen. Es ist eine beliebte Wahl unter Fans von \u201eDer Herr der Ringe\u201c und Ziegelsammlern gleicherma\u00dfen. Es bietet eine einzigartige M\u00f6glichkeit, die reiche Geschichte und Mythologie von Mittelerde auf greifbare und eindringliche Weise zu feiern.<\/p><\/div>","protected":false},"excerpt":{"rendered":"<p>Marke: MOC-Fabrik<br \/>\nGeschlecht: Unisex<br \/>\nAltersspanne: &gt; 12 Jahre alt<br \/>\nModellnummer: 133505<br \/>\nEinstufung: Assemblage<br \/>\nKunststoffblockform: Selbstsichernde Steine<br \/>\nMaterial: Kunststoff<br \/>\nKunststofftyp: ABS<br \/>\nZiegelsteine: 9129 +<br \/>\nVorbereitungszeit: 4-8 Wochen<\/p>","protected":false},"featured_media":42789,"comment_status":"open","ping_status":"closed","template":"","meta":{"_acf_changed":false},"product_cat":[1365,581,1408],"product_tag":[8452,4290,11509,11508,434,6169,4093],"class_list":["product","first","instock","shipping-taxable","purchasable","product-type-simple"],"acf":[],"_links":{"self":[{"href":"https:\/\/mouldking.store\/de\/wp-json\/wp\/v2\/product\/42791","targetHints":{"allow":["GET"]}}],"collection":[{"href":"https:\/\/mouldking.store\/de\/wp-json\/wp\/v2\/product"}],"about":[{"href":"https:\/\/mouldking.store\/de\/wp-json\/wp\/v2\/types\/product"}],"replies":[{"embeddable":true,"href":"https:\/\/mouldking.store\/de\/wp-json\/wp\/v2\/comments?post=42791"}],"wp:featuredmedia":[{"embeddable":true,"href":"https:\/\/mouldking.store\/de\/wp-json\/wp\/v2\/media\/42789"}],"wp:attachment":[{"href":"https:\/\/mouldking.store\/de\/wp-json\/wp\/v2\/media?parent=42791"}],"wp:term":[{"taxonomy":"product_cat","embeddable":true,"href":"https:\/\/mouldking.store\/de\/wp-json\/wp\/v2\/product_cat?post=42791"},{"taxonomy":"product_tag","embeddable":true,"href":"https:\/\/mouldking.store\/de\/wp-json\/wp\/v2\/product_tag?post=42791"}],"curies":[{"name":"wp","href":"https:\/\/api.w.org\/{rel}","templated":true}]}}