{"id":42819,"date":"2023-03-13T12:27:58","date_gmt":"2023-03-13T05:27:58","guid":{"rendered":"https:\/\/mouldking.store\/shop\/dk-7024-aquarium-sea-turtle-ecological-tank-with-753-pieces\/"},"modified":"2023-03-13T12:27:58","modified_gmt":"2023-03-13T05:27:58","slug":"dk-7024-aquarium-sea-turtle-ecological-tank-with-753-pieces","status":"publish","type":"product","link":"https:\/\/mouldking.store\/de\/shop\/dk-7024-aquarium-sea-turtle-ecological-tank-with-753-pieces\/","title":{"rendered":"DK 7024 Aquarium: Meeresschildkr\u00f6ten-\u00d6kobecken mit 753 Teilen"},"content":{"rendered":"<div>\u2705 DK 7024 Aquarium: \u00d6kologisches Aquarium f\u00fcr Meeresschildkr\u00f6ten<br \/>&nbsp;<br \/>\u2705 Ein Aquarium: Das \u00f6kologische Aquarium f\u00fcr Meeresschildkr\u00f6ten ist eine Art Aquarium, das speziell f\u00fcr die Unterbringung und Ausstellung von Meeresschildkr\u00f6ten entwickelt wurde. Diese Tanks sind in der Regel viel gr\u00f6\u00dfer als herk\u00f6mmliche Aquarien und befinden sich eher in \u00f6ffentlichen Aquarien oder Zoos als in Privathaushalten.<br \/>&nbsp;<br \/>\ud83d\udeab WICHTIG!&nbsp;<br \/>&nbsp;<br \/>Produktname: Aquarium: \u00d6kologisches Aquarium f\u00fcr Meeresschildkr\u00f6ten<br \/>&nbsp;<br \/>Kategorie: Sch\u00f6pfer&nbsp;<br \/>&nbsp;<br \/>Dieses Kit enth\u00e4lt: DK 7024<br \/>&nbsp;<br \/>753 St\u00fcck Steine von guter Qualit\u00e4t&nbsp;<br \/>&nbsp;<br \/>Gr\u00f6\u00dfe: 23,6 \u00d7 14,8 cm&nbsp;<br \/>&nbsp;<br \/>Manuelle Anweisungen&nbsp;<br \/>&nbsp;<br \/>\ud83d\udcccNatur des Protagonisten&nbsp;<br \/>&nbsp;<br \/>Die Einf\u00fchrung unserer stolzen Kollektion mit dem Namen \u201eAquarium: Sea Turtle Ecological Tank\u201c sollten Sie nicht verpassen.&nbsp;<br \/>&nbsp;<br \/>\u00d6kologische Aquarien f\u00fcr Meeresschildkr\u00f6ten sind so konzipiert, dass sie Meeresschildkr\u00f6ten eine nat\u00fcrliche Umgebung zum Leben bieten, mit viel Platz zum Schwimmen und Erkunden. Diese Tanks sind normalerweise mit Salzwasser gef\u00fcllt und mit speziellen Filtersystemen ausgestattet, um die Wasserqualit\u00e4t aufrechtzuerhalten und die nat\u00fcrliche Meeresumgebung zu simulieren, die Meeresschildkr\u00f6ten ben\u00f6tigen.<\/div>","protected":false},"excerpt":{"rendered":"<p>Marke: DK<br \/>\nGeschlecht: Unisex<br \/>\nAltersspanne: &gt; 8 Jahre alt<br \/>\nModellnummer: 7024<br \/>\nEinstufung: Assemblage<br \/>\nKunststoffblockform: Selbstsichernde Steine<br \/>\nMaterial: Kunststoff<br \/>\nKunststofftyp: ABS<br \/>\nZiegelsteine: 753 +<br \/>\nKeine Originalverpackung<\/p>","protected":false},"featured_media":42815,"comment_status":"open","ping_status":"closed","template":"","meta":{"_acf_changed":false},"product_cat":[1365,371],"product_tag":[11513,3043,11072,8452,7907,11514,485],"class_list":["product","first","instock","shipping-taxable","purchasable","product-type-simple"],"acf":[],"_links":{"self":[{"href":"https:\/\/mouldking.store\/de\/wp-json\/wp\/v2\/product\/42819","targetHints":{"allow":["GET"]}}],"collection":[{"href":"https:\/\/mouldking.store\/de\/wp-json\/wp\/v2\/product"}],"about":[{"href":"https:\/\/mouldking.store\/de\/wp-json\/wp\/v2\/types\/product"}],"replies":[{"embeddable":true,"href":"https:\/\/mouldking.store\/de\/wp-json\/wp\/v2\/comments?post=42819"}],"wp:featuredmedia":[{"embeddable":true,"href":"https:\/\/mouldking.store\/de\/wp-json\/wp\/v2\/media\/42815"}],"wp:attachment":[{"href":"https:\/\/mouldking.store\/de\/wp-json\/wp\/v2\/media?parent=42819"}],"wp:term":[{"taxonomy":"product_cat","embeddable":true,"href":"https:\/\/mouldking.store\/de\/wp-json\/wp\/v2\/product_cat?post=42819"},{"taxonomy":"product_tag","embeddable":true,"href":"https:\/\/mouldking.store\/de\/wp-json\/wp\/v2\/product_tag?post=42819"}],"curies":[{"name":"wp","href":"https:\/\/api.w.org\/{rel}","templated":true}]}}