{"id":42844,"date":"2023-03-15T10:02:14","date_gmt":"2023-03-15T03:02:14","guid":{"rendered":"https:\/\/mouldking.store\/shop\/panlosbrick-673101-ford-bronco-off-road-vehicle-with-2920-pieces\/"},"modified":"2023-04-06T09:36:18","modified_gmt":"2023-04-06T02:36:18","slug":"panlosbrick-673101-ford-bronco-off-road-vehicle-with-2920-pieces","status":"publish","type":"product","link":"https:\/\/mouldking.store\/de\/shop\/panlosbrick-673101-ford-bronco-off-road-vehicle-with-2920-pieces\/","title":{"rendered":"PANLOSBRICK 673101 Ford Bronco Gel\u00e4ndewagen mit 2920 Teilen"},"content":{"rendered":"<div>\u2705 Panlos 673101 Ford Bronco Off-road Vehicle<\/p>\n<p>\u2705The Ford Bronco is a rugged off-road vehicle that was originally introduced by Ford in 1965. It was initially designed to compete with other off-road vehicles such as the Jeep CJ-5 and the International Harvester Scout.<\/p>\n<p>\ud83d\udeab WICHTIG!<\/p>\n<p>Product Name: Ford Bronco Off-road Vehicle<\/p>\n<p>Kategorie: Technik<\/p>\n<p>This Kit Contains: Panlos 673101<\/p>\n<p>2920 St\u00fcck Ziegel von guter Qualit\u00e4t<\/p>\n<p>Gr\u00f6\u00dfe: 57 \u00d7 26 \u00d7 23 cm<\/p>\n<p>Manuelle Anweisungen<\/p>\n<p>\ud83d\udcccNatur des Protagonisten<\/p>\n<p>Introducing our proud collection named \u201cFord Bronco Off-road Vehicle\u201d you should not miss.<\/p>\n<p>The original Bronco was produced from 1965 to 1996 and was known for its tough, no-nonsense design and its off-road capabilities. In 2020, Ford reintroduced the Bronco as a new model, with updated features and technologies to meet modern demands while still retaining its classic styling and off-road capabilities.<\/p><\/div>","protected":false},"excerpt":{"rendered":"<p>Marke: PANLOSBRICK<br \/>\nGeschlecht: Unisex<br \/>\nAltersspanne: &gt; 6 Jahre alt<br \/>\nModellnummer: 673101<br \/>\nEinstufung: Assemblage<br \/>\nKunststoffblockform: Selbstsichernde Steine<br \/>\nMaterial: Kunststoff<br \/>\nKunststofftyp: ABS<br \/>\nZiegelsteine: 2920 +<br \/>\nKeine Originalverpackung<\/p>\n<p>Nur einstellen<\/p>","protected":false},"featured_media":42839,"comment_status":"open","ping_status":"closed","template":"","meta":{"_acf_changed":false},"product_cat":[1357,364],"product_tag":[11516,1747,4734,389,11080,2803],"class_list":["product","first","instock","shipping-taxable","purchasable","product-type-simple"],"acf":[],"_links":{"self":[{"href":"https:\/\/mouldking.store\/de\/wp-json\/wp\/v2\/product\/42844","targetHints":{"allow":["GET"]}}],"collection":[{"href":"https:\/\/mouldking.store\/de\/wp-json\/wp\/v2\/product"}],"about":[{"href":"https:\/\/mouldking.store\/de\/wp-json\/wp\/v2\/types\/product"}],"replies":[{"embeddable":true,"href":"https:\/\/mouldking.store\/de\/wp-json\/wp\/v2\/comments?post=42844"}],"wp:featuredmedia":[{"embeddable":true,"href":"https:\/\/mouldking.store\/de\/wp-json\/wp\/v2\/media\/42839"}],"wp:attachment":[{"href":"https:\/\/mouldking.store\/de\/wp-json\/wp\/v2\/media?parent=42844"}],"wp:term":[{"taxonomy":"product_cat","embeddable":true,"href":"https:\/\/mouldking.store\/de\/wp-json\/wp\/v2\/product_cat?post=42844"},{"taxonomy":"product_tag","embeddable":true,"href":"https:\/\/mouldking.store\/de\/wp-json\/wp\/v2\/product_tag?post=42844"}],"curies":[{"name":"wp","href":"https:\/\/api.w.org\/{rel}","templated":true}]}}