{"id":42850,"date":"2023-03-15T10:08:08","date_gmt":"2023-03-15T03:08:08","guid":{"rendered":"https:\/\/mouldking.store\/shop\/panlosbrick-628011-viic-u-552-submarine-world-war-ii-german-submarine-force-u-boat-with-6112-pieces\/"},"modified":"2025-10-30T11:40:55","modified_gmt":"2025-10-30T04:40:55","slug":"panlosbrick-628011-viic-u-552-submarine-world-war-ii-german-submarine-force-u-boat-with-6112-pieces","status":"publish","type":"product","link":"https:\/\/mouldking.store\/de\/shop\/panlosbrick-628011-viic-u-552-submarine-world-war-ii-german-submarine-force-u-boat-with-6112-pieces\/","title":{"rendered":"PANLOSBRICK 628011 VIIC U-552 U-Boot 2. Weltkrieg U-Boot der deutschen U-Boot-Streitkr\u00e4fte mit 6112 Teilen"},"content":{"rendered":"<div>\u2705 Panlos 628011 VIIC U-552 U-Boot 2. Weltkrieg U-Boot der deutschen U-Boot-Streitkr\u00e4fte<br \/>&nbsp;<br \/>\u2705VIIC U-552 war ein U-Boot vom Typ VIIC, eine deutsche U-Boot-Klasse, die w\u00e4hrend des Zweiten Weltkriegs eingesetzt wurde. Das U-552 wurde am 14. Dezember 1939 vom Stapel gelassen und w\u00e4hrend des Krieges in der deutschen Kriegsmarine eingesetzt.<br \/>&nbsp;<br \/>\ud83d\udeab WICHTIG!&nbsp;<br \/>&nbsp;<br \/>Produktname: VIIC U-552 U-Boot des Zweiten Weltkriegs U-Boot der deutschen U-Boot-Streitkr\u00e4fte<br \/>&nbsp;<br \/>Kategorie: Milit\u00e4r&nbsp;<br \/>&nbsp;<br \/>Dieses Kit enth\u00e4lt: Panlos 628011<br \/>&nbsp;<br \/>6112 St\u00fcck Ziegel von guter Qualit\u00e4t&nbsp;<br \/>&nbsp;<br \/>Gr\u00f6\u00dfe: 120 \u00d7 13 \u00d7 29 cm<br \/>&nbsp;<br \/>Manuelle Anweisungen&nbsp;<br \/>&nbsp;<br \/>\ud83d\udcccNatur des Protagonisten&nbsp;<br \/>&nbsp;<br \/>Die Einf\u00fchrung unserer stolzen Kollektion mit dem Namen \u201eVIIC U-552 Submarine World War II German Submarine Force U-boat\u201c sollten Sie nicht verpassen.&nbsp;<br \/>&nbsp;<br \/>Das U-Boot VIIC war mit 568 gebauten Booten dieses Typs das Arbeitspferd der deutschen U-Boot-Flotte im Zweiten Weltkrieg. Die U-552 hatte eine L\u00e4nge von etwa 67 Metern (220 Fu\u00df), eine Besatzung von etwa 44 Seeleuten und war mit einer Vielzahl von Torpedos und Gesch\u00fctzen bewaffnet. Die U-552 hatte w\u00e4hrend des Krieges eine Reihe bemerkenswerter Erfolge, darunter das Versenken von 30 alliierten Schiffen mit insgesamt \u00fcber 160.000 Tonnen Schifffahrt und die Besch\u00e4digung von weiteren vier. Das U-Boot war auch an mehreren ber\u00fchmten Schlachten beteiligt, darunter die Atlantikschlacht und der Untergang des britischen Flugzeugtr\u00e4gers HMS Ark Royal.<\/div>","protected":false},"excerpt":{"rendered":"<p>Marke: PANLOSBRICK<br \/>\nGeschlecht: Unisex<br \/>\nAltersspanne: &gt; 6 Jahre alt<br \/>\nModellnummer: 628011<br \/>\nEinstufung: Assemblage<br \/>\nKunststoffblockform: Selbstsichernde Steine<br \/>\nMaterial: Kunststoff<br \/>\nKunststofftyp: ABS<br \/>\nZiegelsteine: 6112 +<br \/>\nKeine Originalverpackung<\/p>","protected":false},"featured_media":42845,"comment_status":"open","ping_status":"closed","template":"","meta":{"_acf_changed":false},"product_cat":[1350,1357,372,364],"product_tag":[374,11252,389,11518,11517],"class_list":["product","first","instock","shipping-taxable","purchasable","product-type-simple"],"acf":[],"_links":{"self":[{"href":"https:\/\/mouldking.store\/de\/wp-json\/wp\/v2\/product\/42850","targetHints":{"allow":["GET"]}}],"collection":[{"href":"https:\/\/mouldking.store\/de\/wp-json\/wp\/v2\/product"}],"about":[{"href":"https:\/\/mouldking.store\/de\/wp-json\/wp\/v2\/types\/product"}],"replies":[{"embeddable":true,"href":"https:\/\/mouldking.store\/de\/wp-json\/wp\/v2\/comments?post=42850"}],"wp:featuredmedia":[{"embeddable":true,"href":"https:\/\/mouldking.store\/de\/wp-json\/wp\/v2\/media\/42845"}],"wp:attachment":[{"href":"https:\/\/mouldking.store\/de\/wp-json\/wp\/v2\/media?parent=42850"}],"wp:term":[{"taxonomy":"product_cat","embeddable":true,"href":"https:\/\/mouldking.store\/de\/wp-json\/wp\/v2\/product_cat?post=42850"},{"taxonomy":"product_tag","embeddable":true,"href":"https:\/\/mouldking.store\/de\/wp-json\/wp\/v2\/product_tag?post=42850"}],"curies":[{"name":"wp","href":"https:\/\/api.w.org\/{rel}","templated":true}]}}