{"id":42852,"date":"2023-03-15T10:14:47","date_gmt":"2023-03-15T03:14:47","guid":{"rendered":"https:\/\/mouldking.store\/shop\/mould-king-21066-laat-1-gunboat-with-8039-pieces\/"},"modified":"2023-03-15T10:14:47","modified_gmt":"2023-03-15T03:14:47","slug":"mould-king-21066-laat-1-gunboat-with-8039-pieces","status":"publish","type":"product","link":"https:\/\/mouldking.store\/de\/shop\/mould-king-21066-laat-1-gunboat-with-8039-pieces\/","title":{"rendered":"MOLD KING 21066 LAAT-1 Kanonenboot mit 8039 Teilen"},"content":{"rendered":"<div>\u2705 Mould King 21066 LAAT-1 Kanonenboot<br \/>&nbsp;<br \/>\u2705Das LAAT-1 Gunship (Low Altitude Assault Transport\/Infantry Gunship) ist ein fiktives Fahrzeug aus dem Star Wars-Franchise. Es ist ein milit\u00e4risches Kanonenboot, das von der Galaktischen Republik w\u00e4hrend der Klonkriege eingesetzt wurde.<br \/>&nbsp;<br \/>\ud83d\udeab WICHTIG!&nbsp;<br \/>&nbsp;<br \/>Produktname: LAAT-1 Kanonenboot<br \/>&nbsp;<br \/>Kategorie: Krieg der Sterne<br \/>&nbsp;<br \/>Dieses Kit enth\u00e4lt: Mould King 21066<br \/>&nbsp;<br \/>8039 St\u00fcck Ziegel von guter Qualit\u00e4t&nbsp;<br \/>&nbsp;<br \/>Gr\u00f6\u00dfe: 84,3 \u00d7 38,6 \u00d7 93,3 cm<br \/>&nbsp;<br \/>Manuelle Anweisungen&nbsp;<br \/>&nbsp;<br \/>\ud83d\udcccNatur des Protagonisten&nbsp;<br \/>&nbsp;<br \/>Die Einf\u00fchrung unserer stolzen Kollektion mit dem Namen \u201eLAAT-1 GunBoat\u201c sollten Sie nicht verpassen.&nbsp;<br \/>&nbsp;<br \/>Die LAAT-1 ist ein schwer bewaffnetes und gepanzertes Kanonenschiff, das Truppen und Ausr\u00fcstung in die Schlacht transportieren kann. Es ist in der Lage, vertikal zu starten und zu landen und kann f\u00fcr l\u00e4ngere Zeit an Ort und Stelle schweben. Es ist mit einer Vielzahl von Waffen bewaffnet, darunter Laserkanonen, Raketenwerfer und ein am Kinn montierter Turm. In den Star Wars-Filmen und anderen Medien wird das LAAT-1 Gunship von der Republik verwendet, um Klontruppen und Jedi-Ritter in die Schlacht zu transportieren. Es spielt eine herausragende Rolle in der Schlacht von Geonosis in Star Wars Episode II: Angriff der Klonkrieger und ist auch in anderen Schlachten w\u00e4hrend der Klonkriege zu sehen.<\/div>","protected":false},"excerpt":{"rendered":"<p>Marke: MOLD KING<br \/>\nGeschlecht: Unisex<br \/>\nAltersspanne: &gt; 14 Jahre alt<br \/>\nModellnummer: 21066<br \/>\nEinstufung: Assemblage<br \/>\nKunststoffblockform: Selbstsichernde Steine<br \/>\nMaterial: Kunststoff<br \/>\nKunststofftyp: ABS<br \/>\nZiegelsteine: 8039 +<br \/>\nKeine Originalverpackung<\/p>","protected":false},"featured_media":42851,"comment_status":"open","ping_status":"closed","template":"","meta":{"_acf_changed":false},"product_cat":[1350,1357,372,581,6016,415,364,1408],"product_tag":[11520,11519,374,434,3443,2276,436,389],"class_list":["product","first","instock","shipping-taxable","purchasable","product-type-simple"],"acf":[],"_links":{"self":[{"href":"https:\/\/mouldking.store\/de\/wp-json\/wp\/v2\/product\/42852","targetHints":{"allow":["GET"]}}],"collection":[{"href":"https:\/\/mouldking.store\/de\/wp-json\/wp\/v2\/product"}],"about":[{"href":"https:\/\/mouldking.store\/de\/wp-json\/wp\/v2\/types\/product"}],"replies":[{"embeddable":true,"href":"https:\/\/mouldking.store\/de\/wp-json\/wp\/v2\/comments?post=42852"}],"wp:featuredmedia":[{"embeddable":true,"href":"https:\/\/mouldking.store\/de\/wp-json\/wp\/v2\/media\/42851"}],"wp:attachment":[{"href":"https:\/\/mouldking.store\/de\/wp-json\/wp\/v2\/media?parent=42852"}],"wp:term":[{"taxonomy":"product_cat","embeddable":true,"href":"https:\/\/mouldking.store\/de\/wp-json\/wp\/v2\/product_cat?post=42852"},{"taxonomy":"product_tag","embeddable":true,"href":"https:\/\/mouldking.store\/de\/wp-json\/wp\/v2\/product_tag?post=42852"}],"curies":[{"name":"wp","href":"https:\/\/api.w.org\/{rel}","templated":true}]}}