{"id":42859,"date":"2023-03-15T10:25:23","date_gmt":"2023-03-15T03:25:23","guid":{"rendered":"https:\/\/mouldking.store\/shop\/mould-king-12023-world-railway-obb-1189-08-electric-locomotive-with-919-pieces\/"},"modified":"2023-03-15T10:25:23","modified_gmt":"2023-03-15T03:25:23","slug":"mould-king-12023-world-railway-obb-1189-08-electric-locomotive-with-919-pieces","status":"publish","type":"product","link":"https:\/\/mouldking.store\/de\/shop\/mould-king-12023-world-railway-obb-1189-08-electric-locomotive-with-919-pieces\/","title":{"rendered":"MOLD KING 12023 Weltbahn: \u00d6BB 1189.08 Elektrolokomotive mit 919 Teilen"},"content":{"rendered":"<div>\u2705 Mould King 12023 World Railway: \u00d6BB 1189.08 Elektrolokomotive<br \/>&nbsp;<br \/>\u2705Die \u00d6BB 1189.08 ist eine Elektrolokomotive der \u00d6sterreichischen Bundesbahnen (\u00d6BB) f\u00fcr den G\u00fcter- und Personenverkehr. Sie wurde von der deutschen Firma Siemens gebaut und 2005 als Teil der Eurosprinter-Lokomotivfamilie eingef\u00fchrt.<br \/>&nbsp;<br \/>\ud83d\udeab WICHTIG!&nbsp;<br \/>&nbsp;<br \/>Produktname: Weltbahn: Elektrolokomotive \u00d6BB 1189.08<br \/>&nbsp;<br \/>Kategorie: Technik<br \/>&nbsp;<br \/>Dieses Kit enth\u00e4lt: Mould King 12023<br \/>&nbsp;<br \/>919 St\u00fcck Steine von guter Qualit\u00e4t&nbsp;<br \/>&nbsp;<br \/>Gr\u00f6\u00dfe: 48 \u00d7 5,9 \u00d7 13,9 cm<br \/>&nbsp;<br \/>Manuelle Anweisungen&nbsp;<br \/>&nbsp;<br \/>\ud83d\udcccNatur des Protagonisten&nbsp;<br \/>&nbsp;<br \/>Die Einf\u00fchrung unserer stolzen Kollektion mit dem Namen \u201eWorld Railway: OBB 1189.08 Electric Locomotive\u201c sollten Sie sich nicht entgehen lassen.&nbsp;<br \/>&nbsp;<br \/>Die \u00d6BB 1189.08 ist eine vierachsige Lokomotive mit einer maximalen Leistung von 6400 kW und einer H\u00f6chstgeschwindigkeit von 200 km\/h. Es ist mit regenerativer Bremstechnologie ausgestattet, die es ihm erm\u00f6glicht, beim Bremsen Energie zur\u00fcckzugewinnen und zu speichern, um die Effizienz zu verbessern und den Verschlei\u00df der Bremsen zu verringern. Die Lokomotive ist f\u00fcr den Betrieb mit Wechsel- und Gleichstrom ausgelegt und kann auf einer Vielzahl von Bahnstrecken in ganz Europa eingesetzt werden. Es ist mit fortschrittlichen Sicherheitssystemen ausgestattet, darunter ein automatischer Zugschutz und ein Fahrerberatungssystem, um einen sicheren und effizienten Betrieb zu gew\u00e4hrleisten.<\/div>","protected":false},"excerpt":{"rendered":"<p>Marke: MOLD KING<br \/>\nGeschlecht: Unisex<br \/>\nAltersspanne: &gt; 8 Jahre alt<br \/>\nModellnummer: 12023<br \/>\nEinstufung: Assemblage<br \/>\nKunststoffblockform: Selbstsichernde Steine<br \/>\nMaterial: Kunststoff<br \/>\nKunststofftyp: ABS<br \/>\nZiegelsteine: 919 +<br \/>\nKeine Originalverpackung<\/p>","protected":false},"featured_media":42853,"comment_status":"open","ping_status":"closed","template":"","meta":{"_acf_changed":false},"product_cat":[1357,364],"product_tag":[9981,2635,11521,11250,389,11080,300],"class_list":["product","first","instock","shipping-taxable","purchasable","product-type-simple"],"acf":[],"_links":{"self":[{"href":"https:\/\/mouldking.store\/de\/wp-json\/wp\/v2\/product\/42859","targetHints":{"allow":["GET"]}}],"collection":[{"href":"https:\/\/mouldking.store\/de\/wp-json\/wp\/v2\/product"}],"about":[{"href":"https:\/\/mouldking.store\/de\/wp-json\/wp\/v2\/types\/product"}],"replies":[{"embeddable":true,"href":"https:\/\/mouldking.store\/de\/wp-json\/wp\/v2\/comments?post=42859"}],"wp:featuredmedia":[{"embeddable":true,"href":"https:\/\/mouldking.store\/de\/wp-json\/wp\/v2\/media\/42853"}],"wp:attachment":[{"href":"https:\/\/mouldking.store\/de\/wp-json\/wp\/v2\/media?parent=42859"}],"wp:term":[{"taxonomy":"product_cat","embeddable":true,"href":"https:\/\/mouldking.store\/de\/wp-json\/wp\/v2\/product_cat?post=42859"},{"taxonomy":"product_tag","embeddable":true,"href":"https:\/\/mouldking.store\/de\/wp-json\/wp\/v2\/product_tag?post=42859"}],"curies":[{"name":"wp","href":"https:\/\/api.w.org\/{rel}","templated":true}]}}