{"id":42880,"date":"2023-03-15T11:20:43","date_gmt":"2023-03-15T04:20:43","guid":{"rendered":"https:\/\/mouldking.store\/shop\/moc-factory-49271-lumber-car-carriage-with-1287-pieces\/"},"modified":"2025-12-16T22:25:10","modified_gmt":"2025-12-16T15:25:10","slug":"moc-factory-49271-lumber-car-carriage-with-1287-pieces","status":"publish","type":"product","link":"https:\/\/mouldking.store\/de\/shop\/moc-factory-49271-lumber-car-carriage-with-1287-pieces\/","title":{"rendered":"MOC Factory 49271 Holzwagenwagen mit 1287 Teilen"},"content":{"rendered":"<div>\u2705 MOC-49271 Holzwagen<\/p>\n<p>\u2705 Ein Holzwagenwagen, auch Flachwagen genannt, ist eine Art Eisenbahng\u00fcterwagen, der zum Transport von Holz und anderen gro\u00dfen, schweren Gegenst\u00e4nden verwendet wird. Es ist mit einem offenen, flachen Deck ausgestattet, das ein einfaches Be- und Entladen von Fracht erm\u00f6glicht, und wird h\u00e4ufig zum Transport von G\u00fctern verwendet, die nicht in standardm\u00e4\u00dfigen geschlossenen G\u00fcterwagen untergebracht werden k\u00f6nnen.<\/p>\n<p>\ud83d\udeab WICHTIG!<\/p>\n<p>Produktname: Holzwagen<\/p>\n<p>Kategorie: Technik<\/p>\n<p>Dieses Kit enth\u00e4lt: MOC-49271&nbsp;<\/p>\n<p>1287 St\u00fcck Steine von guter Qualit\u00e4t<\/p>\n<p>Gewicht: 1000 g<\/p>\n<p>PDF-Anleitung<\/p>\n<p>\ud83d\udcccNatur des Protagonisten<\/p>\n<p>Die Einf\u00fchrung unserer stolzen Kollektion namens \u201eLumber Car Riage\u201c sollten Sie nicht verpassen.<\/p>\n<p>Holzwagen haben typischerweise Rungentaschen und Befestigungspunkte an den Seiten des Decks, um die Ladung w\u00e4hrend des Transports zu sichern. Einige Holzwagen k\u00f6nnen auch mit abnehmbaren Seitenw\u00e4nden ausgestattet sein, sodass sie f\u00fcr den Transport anderer Frachtarten verwendet werden k\u00f6nnen, wenn kein Holz transportiert wird. Holzwagen sind in verschiedenen Gr\u00f6\u00dfen und Gewichtskapazit\u00e4ten erh\u00e4ltlich, je nach den Anforderungen der zu transportierenden Fracht. Sie werden h\u00e4ufig in der Forstproduktindustrie zum Transportieren von Baumst\u00e4mmen, Schnittholz und anderen Holzprodukten sowie in anderen Industriezweigen zum Transportieren von schweren Maschinen, gro\u00dfen Rohren und anderen \u00fcbergro\u00dfen Gegenst\u00e4nden verwendet.<\/p><\/div>","protected":false},"excerpt":{"rendered":"<p>Marke: MOC-Fabrik<br \/>\nGeschlecht: Unisex<br \/>\nAltersspanne: &gt; 12 Jahre alt<br \/>\nModellnummer: 49271<br \/>\nEinstufung: Assemblage<br \/>\nKunststoffblockform: Selbstsichernde Steine<br \/>\nMaterial: Kunststoff<br \/>\nKunststofftyp: ABS<br \/>\nZiegelsteine: 1287 +<br \/>\nVorbereitungszeit: 4-8 Wochen<\/p>","protected":false},"featured_media":42874,"comment_status":"open","ping_status":"closed","template":"","meta":{"_acf_changed":false},"product_cat":[1360,1357,364],"product_tag":[457,991,11525,389,11080],"class_list":["product","first","instock","shipping-taxable","purchasable","product-type-simple"],"acf":[],"_links":{"self":[{"href":"https:\/\/mouldking.store\/de\/wp-json\/wp\/v2\/product\/42880","targetHints":{"allow":["GET"]}}],"collection":[{"href":"https:\/\/mouldking.store\/de\/wp-json\/wp\/v2\/product"}],"about":[{"href":"https:\/\/mouldking.store\/de\/wp-json\/wp\/v2\/types\/product"}],"replies":[{"embeddable":true,"href":"https:\/\/mouldking.store\/de\/wp-json\/wp\/v2\/comments?post=42880"}],"wp:featuredmedia":[{"embeddable":true,"href":"https:\/\/mouldking.store\/de\/wp-json\/wp\/v2\/media\/42874"}],"wp:attachment":[{"href":"https:\/\/mouldking.store\/de\/wp-json\/wp\/v2\/media?parent=42880"}],"wp:term":[{"taxonomy":"product_cat","embeddable":true,"href":"https:\/\/mouldking.store\/de\/wp-json\/wp\/v2\/product_cat?post=42880"},{"taxonomy":"product_tag","embeddable":true,"href":"https:\/\/mouldking.store\/de\/wp-json\/wp\/v2\/product_tag?post=42880"}],"curies":[{"name":"wp","href":"https:\/\/api.w.org\/{rel}","templated":true}]}}