{"id":42900,"date":"2023-03-15T11:52:20","date_gmt":"2023-03-15T04:52:20","guid":{"rendered":"https:\/\/mouldking.store\/shop\/moc-factory-132661-black-falcons-fortress-classic-castle-with-6710-pieces\/"},"modified":"2025-12-16T22:25:10","modified_gmt":"2025-12-16T15:25:10","slug":"moc-factory-132661-black-falcons-fortress-classic-castle-with-6710-pieces","status":"publish","type":"product","link":"https:\/\/mouldking.store\/de\/shop\/moc-factory-132661-black-falcons-fortress-classic-castle-with-6710-pieces\/","title":{"rendered":"MOC Factory 132661 Black Falcon&#039;s Fortress \u2013 Klassisches Schloss mit 6710 Teilen"},"content":{"rendered":"<div>\u2705 MOC-132661 Festung des Schwarzen Falken \u2013 Klassisches Schloss<\/p>\n<p>\u2705Black Falcon&#039;s Fortress ist ein Classic Castle-Bausteinset, das erstmals 2023 ver\u00f6ffentlicht wurde. Es ist Teil der Black Falcons-Fraktion, die eine der fiktiven Fraktionen im Classic Castle-Thema ist.<\/p>\n<p>\ud83d\udeab WICHTIG!<\/p>\n<p>Produktname: Festung des Schwarzen Falken \u2013 Klassisches Schloss<\/p>\n<p>Kategorie: Modulares Bauen<\/p>\n<p>Dieses Kit enth\u00e4lt: MOC-132661&nbsp;<\/p>\n<p>6710 St\u00fcck Ziegel von guter Qualit\u00e4t<\/p>\n<p>Gr\u00f6\u00dfe: 53,34 x 53,34 x 45,72 cm<\/p>\n<p>Gewicht: 5800 g<\/p>\n<p>PDF-Anleitung<\/p>\n<p>\ud83d\udcccNatur des Protagonisten<\/p>\n<p>Die Einf\u00fchrung unserer stolzen Kollektion mit dem Namen \u201eBlack Falcon&#039;s Fortress \u2013 Classic Castle\u201c sollten Sie sich nicht entgehen lassen.<\/p>\n<p>Das Set enth\u00e4lt eine gro\u00dfe Festungsanlage mit Zugbr\u00fccke, Torhaus, T\u00fcrmen und einem zentralen Bergfried. Es kommt auch mit mehreren Black Falcons-Rittern, einigen Bogensch\u00fctzen und einigem Zubeh\u00f6r wie Waffen und Schilden. Black Falcon&#039;s Fortress war eines der gr\u00f6\u00dften und beeindruckendsten Sets im Classic Castle-Thema und ist nach wie vor ein beliebtes und begehrtes Set unter Ziegelsteinsammlern und Fans des Themas. Es zeichnete sich durch Gr\u00f6\u00dfe, Detailgenauigkeit und Spielbarkeit aus und trug dazu bei, die Black Falcons als eine der bekanntesten Fraktionen in der Classic Castle-Reihe zu etablieren.<\/p><\/div>","protected":false},"excerpt":{"rendered":"<p>Marke: MOC-Fabrik<br \/>\nGeschlecht: Unisex<br \/>\nAltersspanne: &gt; 12 Jahre alt<br \/>\nModellnummer: 132661<br \/>\nEinstufung: Assemblage<br \/>\nKunststoffblockform: Selbstsichernde Steine<br \/>\nMaterial: Kunststoff<br \/>\nKunststofftyp: ABS<br \/>\nZiegelsteine: 6710 +<br \/>\nVorbereitungszeit: 4-8 Wochen<\/p>","protected":false},"featured_media":42895,"comment_status":"open","ping_status":"closed","template":"","meta":{"_acf_changed":false},"product_cat":[1365,1395,390],"product_tag":[11462,787,11528,8452,5349,8659,11099,392],"class_list":["product","first","instock","shipping-taxable","purchasable","product-type-simple"],"acf":[],"_links":{"self":[{"href":"https:\/\/mouldking.store\/de\/wp-json\/wp\/v2\/product\/42900","targetHints":{"allow":["GET"]}}],"collection":[{"href":"https:\/\/mouldking.store\/de\/wp-json\/wp\/v2\/product"}],"about":[{"href":"https:\/\/mouldking.store\/de\/wp-json\/wp\/v2\/types\/product"}],"replies":[{"embeddable":true,"href":"https:\/\/mouldking.store\/de\/wp-json\/wp\/v2\/comments?post=42900"}],"wp:featuredmedia":[{"embeddable":true,"href":"https:\/\/mouldking.store\/de\/wp-json\/wp\/v2\/media\/42895"}],"wp:attachment":[{"href":"https:\/\/mouldking.store\/de\/wp-json\/wp\/v2\/media?parent=42900"}],"wp:term":[{"taxonomy":"product_cat","embeddable":true,"href":"https:\/\/mouldking.store\/de\/wp-json\/wp\/v2\/product_cat?post=42900"},{"taxonomy":"product_tag","embeddable":true,"href":"https:\/\/mouldking.store\/de\/wp-json\/wp\/v2\/product_tag?post=42900"}],"curies":[{"name":"wp","href":"https:\/\/api.w.org\/{rel}","templated":true}]}}