{"id":42923,"date":"2023-03-15T12:19:38","date_gmt":"2023-03-15T05:19:38","guid":{"rendered":"https:\/\/mouldking.store\/shop\/moc-factory-127175-modern90s-medieval-cottage-mittelalterliche-hutte-with-531-pieces\/"},"modified":"2025-12-16T22:25:10","modified_gmt":"2025-12-16T15:25:10","slug":"moc-factory-127175-modern90s-medieval-cottage-mittelalterliche-hutte-with-531-pieces","status":"publish","type":"product","link":"https:\/\/mouldking.store\/de\/shop\/moc-factory-127175-modern90s-medieval-cottage-mittelalterliche-hutte-with-531-pieces\/","title":{"rendered":"MOC Factory 127175 Modern90s Medieval Cottage \u2013 Mittelalterliche H\u00fctte mit 531 Teilen"},"content":{"rendered":"<div>\u2705 MOC-127175 Modern90s Medieval Cottage \u2013 Mittelalterliche H\u00fctte<\/p>\n<p>\u2705Modern90s Medieval Cottage \u2013 Mittelalterliche H\u00fctte ist ein individuelles Backsteinbauset, das von einem Backsteinliebhaber oder -fan entworfen wurde. Es ist kein offizielles Brick-Set, das von der Firma ver\u00f6ffentlicht wurde.<\/p>\n<p>\ud83d\udeab WICHTIG!<\/p>\n<p>Produktname: Modern90s Medieval Cottage \u2013 Mittelalterliche H\u00fctte<\/p>\n<p>Kategorie: Modulares Bauen<\/p>\n<p>Dieses Kit enth\u00e4lt: MOC-127175<\/p>\n<p>531 St\u00fcck Steine von guter Qualit\u00e4t<\/p>\n<p>Gewicht: 450 g<\/p>\n<p>PDF-Anleitung<\/p>\n<p>\ud83d\udcccNatur des Protagonisten<\/p>\n<p>Die Vorstellung unserer stolzen Kollektion mit dem Namen \u201eModern90s Medieval Cottage \u2013 Mittelalterliche H\u00fctte\u201c sollten Sie sich nicht entgehen lassen.<\/p>\n<p>Das Set ist so gestaltet, dass es wie ein kleines mittelalterliches H\u00e4uschen oder Haus aussieht, mit Strohdach, Steinmauern und Holzbalken. Der Name des Sets \u201eModern90s\u201c deutet darauf hin, dass es als moderne Interpretation des mittelalterlichen Themas konzipiert ist und Elemente der 1990er-\u00c4ra in das Design einbezieht. Der Designer des Sets hat es m\u00f6glicherweise als pers\u00f6nliches Projekt erstellt oder um es mit anderen Steinbegeisterten online zu teilen.<\/p><\/div>","protected":false},"excerpt":{"rendered":"<p>Marke: MOC-Fabrik<br \/>\nGeschlecht: Unisex<br \/>\nAltersspanne: &gt; 12 Jahre alt<br \/>\nModellnummer: 127175<br \/>\nEinstufung: Assemblage<br \/>\nKunststoffblockform: Selbstsichernde Steine<br \/>\nMaterial: Kunststoff<br \/>\nKunststofftyp: ABS<br \/>\nZiegelsteine: 531 +<br \/>\nVorbereitungszeit: 4-8 Wochen<\/p>","protected":false},"featured_media":42920,"comment_status":"open","ping_status":"closed","template":"","meta":{"_acf_changed":false},"product_cat":[1365,1395,390],"product_tag":[8452,11201,5644,11099,11145,392],"class_list":["product","first","instock","shipping-taxable","purchasable","product-type-simple"],"acf":[],"_links":{"self":[{"href":"https:\/\/mouldking.store\/de\/wp-json\/wp\/v2\/product\/42923","targetHints":{"allow":["GET"]}}],"collection":[{"href":"https:\/\/mouldking.store\/de\/wp-json\/wp\/v2\/product"}],"about":[{"href":"https:\/\/mouldking.store\/de\/wp-json\/wp\/v2\/types\/product"}],"replies":[{"embeddable":true,"href":"https:\/\/mouldking.store\/de\/wp-json\/wp\/v2\/comments?post=42923"}],"wp:featuredmedia":[{"embeddable":true,"href":"https:\/\/mouldking.store\/de\/wp-json\/wp\/v2\/media\/42920"}],"wp:attachment":[{"href":"https:\/\/mouldking.store\/de\/wp-json\/wp\/v2\/media?parent=42923"}],"wp:term":[{"taxonomy":"product_cat","embeddable":true,"href":"https:\/\/mouldking.store\/de\/wp-json\/wp\/v2\/product_cat?post=42923"},{"taxonomy":"product_tag","embeddable":true,"href":"https:\/\/mouldking.store\/de\/wp-json\/wp\/v2\/product_tag?post=42923"}],"curies":[{"name":"wp","href":"https:\/\/api.w.org\/{rel}","templated":true}]}}