{"id":42929,"date":"2023-03-15T12:26:45","date_gmt":"2023-03-15T05:26:45","guid":{"rendered":"https:\/\/mouldking.store\/shop\/moc-factory-36789-the-horrid-mermaid-pirate-ship-with-1411-pieces\/"},"modified":"2025-12-16T22:25:10","modified_gmt":"2025-12-16T15:25:10","slug":"moc-factory-36789-the-horrid-mermaid-pirate-ship-with-1411-pieces","status":"publish","type":"product","link":"https:\/\/mouldking.store\/de\/shop\/moc-factory-36789-the-horrid-mermaid-pirate-ship-with-1411-pieces\/","title":{"rendered":"MOC Factory 36789 The Horrid Mermaid Piratenschiff mit 1411 Teilen"},"content":{"rendered":"<div>\u2705 MOC-36789 Das Horrid Mermaid Piratenschiff<\/p>\n<p>\u2705Die Horrid Mermaid ist ein Backsteinbauset, das Teil des Brick Pirates-Themas war. Das Set wurde 2023 ver\u00f6ffentlicht und ist f\u00fcr Kinder ab 12 Jahren konzipiert.<\/p>\n<p>\ud83d\udeab WICHTIG!<\/p>\n<p>Produktname: Das Horrid Mermaid Piratenschiff<\/p>\n<p>Kategorie: Technik<\/p>\n<p>Dieses Kit enth\u00e4lt: MOC-36789<\/p>\n<p>1411 St\u00fcck Ziegel von guter Qualit\u00e4t<\/p>\n<p>Gewicht: 1400 g<\/p>\n<p>PDF-Anleitung<\/p>\n<p>\ud83d\udcccNatur des Protagonisten<\/p>\n<p>Die Einf\u00fchrung unserer stolzen Kollektion mit dem Namen \u201eThe Horrid Mermaid Pirate Ship\u201c, die Sie nicht verpassen sollten.<\/p>\n<p>Das Set enth\u00e4lt ein Piratenschiff, eine Meerjungfrauenfigur und mehrere Minifiguren, die die Piraten darstellen. Das Piratenschiff verf\u00fcgt \u00fcber eine abnehmbare Meerjungfrau-Galionsfigur und ein verstecktes Fach, in dem die Meerjungfrau gefangen gehalten werden kann. Das Set enth\u00e4lt auch verschiedenes Zubeh\u00f6r wie Waffen, Sch\u00e4tze und eine Haifigur.<\/p><\/div>","protected":false},"excerpt":{"rendered":"<p>Marke: MOC-Fabrik<br \/>\nGeschlecht: Unisex<br \/>\nAltersspanne: &gt; 12 Jahre alt<br \/>\nModellnummer: 36789<br \/>\nEinstufung: Assemblage<br \/>\nKunststoffblockform: Selbstsichernde Steine<br \/>\nMaterial: Kunststoff<br \/>\nKunststofftyp: ABS<br \/>\nZiegelsteine: 1411 +<br \/>\nVorbereitungszeit: 4-8 Wochen<\/p>","protected":false},"featured_media":42924,"comment_status":"open","ping_status":"closed","template":"","meta":{"_acf_changed":false},"product_cat":[1357,364],"product_tag":[11099,11532,8704,389],"class_list":["product","first","instock","shipping-taxable","purchasable","product-type-simple"],"acf":[],"_links":{"self":[{"href":"https:\/\/mouldking.store\/de\/wp-json\/wp\/v2\/product\/42929","targetHints":{"allow":["GET"]}}],"collection":[{"href":"https:\/\/mouldking.store\/de\/wp-json\/wp\/v2\/product"}],"about":[{"href":"https:\/\/mouldking.store\/de\/wp-json\/wp\/v2\/types\/product"}],"replies":[{"embeddable":true,"href":"https:\/\/mouldking.store\/de\/wp-json\/wp\/v2\/comments?post=42929"}],"wp:featuredmedia":[{"embeddable":true,"href":"https:\/\/mouldking.store\/de\/wp-json\/wp\/v2\/media\/42924"}],"wp:attachment":[{"href":"https:\/\/mouldking.store\/de\/wp-json\/wp\/v2\/media?parent=42929"}],"wp:term":[{"taxonomy":"product_cat","embeddable":true,"href":"https:\/\/mouldking.store\/de\/wp-json\/wp\/v2\/product_cat?post=42929"},{"taxonomy":"product_tag","embeddable":true,"href":"https:\/\/mouldking.store\/de\/wp-json\/wp\/v2\/product_tag?post=42929"}],"curies":[{"name":"wp","href":"https:\/\/api.w.org\/{rel}","templated":true}]}}