{"id":42935,"date":"2023-03-15T12:41:33","date_gmt":"2023-03-15T05:41:33","guid":{"rendered":"https:\/\/mouldking.store\/shop\/moc-factory-41988-eurofighter-typhoon-with-1108-pieces\/"},"modified":"2025-12-16T22:25:10","modified_gmt":"2025-12-16T15:25:10","slug":"moc-factory-41988-eurofighter-typhoon-with-1108-pieces","status":"publish","type":"product","link":"https:\/\/mouldking.store\/de\/shop\/moc-factory-41988-eurofighter-typhoon-with-1108-pieces\/","title":{"rendered":"MOC Factory 41988 Eurofighter Typhoon mit 1108 Teilen"},"content":{"rendered":"<div>\u2705 MOC-41988 Eurofighter Typhoon<\/p>\n<p>\u2705Eurofighter Typhoon ist ein zweistrahliges Mehrzweck-Kampfflugzeug, das von einem Konsortium europ\u00e4ischer Luft- und Raumfahrtunternehmen, darunter Airbus, BAE Systems und Leonardo, entwickelt und gebaut wurde. Das Flugzeug wird von mehreren europ\u00e4ischen L\u00e4ndern eingesetzt, darunter Gro\u00dfbritannien, Deutschland, Spanien und Italien sowie von Saudi-Arabien und Oman.<\/p>\n<p>\ud83d\udeab WICHTIG!<\/p>\n<p>Produktname: Eurofighter Typhoon<\/p>\n<p>Kategorie: Milit\u00e4r<\/p>\n<p>Dieses Kit enth\u00e4lt: MOC-41988<\/p>\n<p>1108 St\u00fcck Ziegel von guter Qualit\u00e4t<\/p>\n<p>Gewicht: 1100 g<\/p>\n<p>PDF-Anleitung<\/p>\n<p>\ud83d\udcccNatur des Protagonisten<\/p>\n<p>Die Einf\u00fchrung unserer stolzen Kollektion namens \u201eEurofighter Typhoon\u201c sollten Sie sich nicht entgehen lassen.<\/p>\n<p>Der Eurofighter Typhoon wurde als \u00e4u\u00dferst man\u00f6vrierf\u00e4higes, wendiges und vielseitiges Flugzeug entwickelt, das in der Lage ist, eine Vielzahl von Missionen durchzuf\u00fchren, darunter Luft-Luft-Kampf, Luft-Boden-Angriff und Aufkl\u00e4rung. Es ist mit fortschrittlicher Avionik und Waffensystemen ausgestattet, darunter ein ausgekl\u00fcgeltes Radarsystem, Raketensysteme und elektronische Kriegsausr\u00fcstung. Der Eurofighter Typhoon war an mehreren Milit\u00e4roperationen beteiligt, darunter NATO-Operationen in Libyen und die Baltic Air Policing-Mission. Sie gilt als eines der fortschrittlichsten und leistungsf\u00e4higsten Kampfflugzeuge der Welt und wird oft mit anderen modernen Kampfflugzeugen wie der F-22 Raptor und der F-35 Lightning II verglichen.<\/p><\/div>","protected":false},"excerpt":{"rendered":"<p>Marke: MOC-Fabrik<br \/>\nGeschlecht: Unisex<br \/>\nAltersspanne: &gt; 12 Jahre alt<br \/>\nModellnummer: 41988<br \/>\nEinstufung: Assemblage<br \/>\nKunststoffblockform: Selbstsichernde Steine<br \/>\nMaterial: Kunststoff<br \/>\nKunststofftyp: ABS<br \/>\nZiegelsteine: 1108 +<br \/>\nVorbereitungszeit: 4-8 Wochen<\/p>","protected":false},"featured_media":42930,"comment_status":"open","ping_status":"closed","template":"","meta":{"_acf_changed":false},"product_cat":[1350,1357,372,364],"product_tag":[11534,11533,374,389,11535],"class_list":["product","first","instock","shipping-taxable","purchasable","product-type-simple"],"acf":[],"_links":{"self":[{"href":"https:\/\/mouldking.store\/de\/wp-json\/wp\/v2\/product\/42935","targetHints":{"allow":["GET"]}}],"collection":[{"href":"https:\/\/mouldking.store\/de\/wp-json\/wp\/v2\/product"}],"about":[{"href":"https:\/\/mouldking.store\/de\/wp-json\/wp\/v2\/types\/product"}],"replies":[{"embeddable":true,"href":"https:\/\/mouldking.store\/de\/wp-json\/wp\/v2\/comments?post=42935"}],"wp:featuredmedia":[{"embeddable":true,"href":"https:\/\/mouldking.store\/de\/wp-json\/wp\/v2\/media\/42930"}],"wp:attachment":[{"href":"https:\/\/mouldking.store\/de\/wp-json\/wp\/v2\/media?parent=42935"}],"wp:term":[{"taxonomy":"product_cat","embeddable":true,"href":"https:\/\/mouldking.store\/de\/wp-json\/wp\/v2\/product_cat?post=42935"},{"taxonomy":"product_tag","embeddable":true,"href":"https:\/\/mouldking.store\/de\/wp-json\/wp\/v2\/product_tag?post=42935"}],"curies":[{"name":"wp","href":"https:\/\/api.w.org\/{rel}","templated":true}]}}