{"id":42941,"date":"2023-03-15T13:15:56","date_gmt":"2023-03-15T06:15:56","guid":{"rendered":"https:\/\/mouldking.store\/shop\/moc-factory-37497-boeing-mh-47-g-special-ops-chinook-with-1758-pieces\/"},"modified":"2025-12-16T22:25:10","modified_gmt":"2025-12-16T15:25:10","slug":"moc-factory-37497-boeing-mh-47-g-special-ops-chinook-with-1758-pieces","status":"publish","type":"product","link":"https:\/\/mouldking.store\/de\/shop\/moc-factory-37497-boeing-mh-47-g-special-ops-chinook-with-1758-pieces\/","title":{"rendered":"MOC Factory 37497 Boeing MH-47 G Special Ops Chinook mit 1758 Teilen"},"content":{"rendered":"<div>\u2705 MOC-37497 Boeing MH-47 G Special Ops Chinook<\/p>\n<p>\u2705Die Boeing MH-47 G Special Ops Chinook ist eine Variante des Hubschraubers Chinook, die speziell f\u00fcr den Einsatz durch Spezialeinsatzkr\u00e4fte modifiziert wurde. Die MH-47 G wird haupts\u00e4chlich vom 160. Special Operations Aviation Regiment der US-Armee, auch bekannt als \u201eNight Stalkers\u201c, eingesetzt.<\/p>\n<p>\ud83d\udeab WICHTIG!<\/p>\n<p>Produktname: Boeing MH-47 G Special Ops Chinook<\/p>\n<p>Kategorie: Milit\u00e4r<\/p>\n<p>Dieses Kit enth\u00e4lt: MOC-37497<\/p>\n<p>1758 St\u00fcck Ziegel von guter Qualit\u00e4t<\/p>\n<p>Gewicht: 1700 g<\/p>\n<p>PDF-Anleitung<\/p>\n<p>\ud83d\udcccNatur des Protagonisten<\/p>\n<p>Die Einf\u00fchrung unserer stolzen Kollektion mit dem Namen \u201eBoeing MH-47 G Special Ops Chinook\u201c sollten Sie sich nicht entgehen lassen.<\/p>\n<p>Der MH-47 G wurde entwickelt, um Spezialeinsatzkr\u00e4ften fortschrittliche Transportm\u00f6glichkeiten zu bieten, die es ihnen erm\u00f6glichen, Personal und Ausr\u00fcstung schnell und heimlich in und aus feindlichen Umgebungen zu bewegen. Der Hubschrauber ist mit fortschrittlichen Avionik- und Waffensystemen sowie einem speziellen Betankungssystem ausgestattet, das es ihm erm\u00f6glicht, Langstreckenmissionen ohne zus\u00e4tzliche Betankung durchzuf\u00fchren.<\/p><\/div>","protected":false},"excerpt":{"rendered":"<p>Marke: MOC-Fabrik<br \/>\nGeschlecht: Unisex<br \/>\nAltersspanne: &gt; 12 Jahre alt<br \/>\nModellnummer: 37497<br \/>\nEinstufung: Assemblage<br \/>\nKunststoffblockform: Selbstsichernde Steine<br \/>\nMaterial: Kunststoff<br \/>\nKunststofftyp: ABS<br \/>\nZiegelsteine: 1758 +<br \/>\nVorbereitungszeit: 4-8 Wochen<\/p>","protected":false},"featured_media":42936,"comment_status":"open","ping_status":"closed","template":"","meta":{"_acf_changed":false},"product_cat":[1350,1357,372,364],"product_tag":[3191,11537,11536,374,11327,389],"class_list":["product","first","instock","shipping-taxable","purchasable","product-type-simple"],"acf":[],"_links":{"self":[{"href":"https:\/\/mouldking.store\/de\/wp-json\/wp\/v2\/product\/42941","targetHints":{"allow":["GET"]}}],"collection":[{"href":"https:\/\/mouldking.store\/de\/wp-json\/wp\/v2\/product"}],"about":[{"href":"https:\/\/mouldking.store\/de\/wp-json\/wp\/v2\/types\/product"}],"replies":[{"embeddable":true,"href":"https:\/\/mouldking.store\/de\/wp-json\/wp\/v2\/comments?post=42941"}],"wp:featuredmedia":[{"embeddable":true,"href":"https:\/\/mouldking.store\/de\/wp-json\/wp\/v2\/media\/42936"}],"wp:attachment":[{"href":"https:\/\/mouldking.store\/de\/wp-json\/wp\/v2\/media?parent=42941"}],"wp:term":[{"taxonomy":"product_cat","embeddable":true,"href":"https:\/\/mouldking.store\/de\/wp-json\/wp\/v2\/product_cat?post=42941"},{"taxonomy":"product_tag","embeddable":true,"href":"https:\/\/mouldking.store\/de\/wp-json\/wp\/v2\/product_tag?post=42941"}],"curies":[{"name":"wp","href":"https:\/\/api.w.org\/{rel}","templated":true}]}}