{"id":42947,"date":"2023-03-15T13:22:43","date_gmt":"2023-03-15T06:22:43","guid":{"rendered":"https:\/\/mouldking.store\/shop\/moc-factory-36720-sukhoi-su-35-flanker-with-1659-pieces\/"},"modified":"2025-12-16T22:25:10","modified_gmt":"2025-12-16T15:25:10","slug":"moc-factory-36720-sukhoi-su-35-flanker-with-1659-pieces","status":"publish","type":"product","link":"https:\/\/mouldking.store\/de\/shop\/moc-factory-36720-sukhoi-su-35-flanker-with-1659-pieces\/","title":{"rendered":"MOC Factory 36720 Sukhoi SU-35 Flanker mit 1659 Teilen"},"content":{"rendered":"<div>\u2705 MOC-36720 Sukhoi SU-35 Flanker<\/p>\n<p>\u2705Die Sukhoi SU-35 Flanker ist ein zweimotoriges Mehrzweck-Kampfflugzeug, das vom russischen Luft- und Raumfahrtunternehmen Sukhoi entwickelt und hergestellt wurde. Es ist eine fortschrittliche Variante des Kampfjets SU-27 Flanker und wurde entwickelt, um \u00e4u\u00dferst wendig und in der Lage zu sein, eine Vielzahl von Missionen durchzuf\u00fchren.<\/p>\n<p>\ud83d\udeab WICHTIG!<\/p>\n<p>Produktname: Sukhoi SU-35 Flanker<\/p>\n<p>Kategorie: Milit\u00e4r<\/p>\n<p>Dieses Kit enth\u00e4lt: MOC-36720<\/p>\n<p>1659 St\u00fcck Steine von guter Qualit\u00e4t<\/p>\n<p>Gewicht: 1600 g<\/p>\n<p>PDF-Anleitung<\/p>\n<p>\ud83d\udcccNatur des Protagonisten<\/p>\n<p>Die Einf\u00fchrung unserer stolzen Kollektion mit dem Namen \u201eSukhoi SU-35 Flanker\u201c sollten Sie nicht verpassen.<\/p>\n<p>Die SU-35 Flanker ist mit fortschrittlichen Avionik- und Waffensystemen ausgestattet, darunter ein ausgekl\u00fcgeltes Radarsystem, Raketensysteme und elektronische Kriegsausr\u00fcstung. Es ist in der Lage, Luft-Luft-K\u00e4mpfe, Luft-Boden-Angriffe und Aufkl\u00e4rungsmissionen durchzuf\u00fchren und wurde von der russischen Luftwaffe in mehreren Milit\u00e4roperationen eingesetzt.<\/p><\/div>","protected":false},"excerpt":{"rendered":"<p>Marke: MOC-Fabrik<br \/>\nGeschlecht: Unisex<br \/>\nAltersspanne: &gt; 12 Jahre alt<br \/>\nModellnummer: 36720<br \/>\nEinstufung: Assemblage<br \/>\nKunststoffblockform: Selbstsichernde Steine<br \/>\nMaterial: Kunststoff<br \/>\nKunststofftyp: ABS<br \/>\nZiegelsteine: 1659 +<br \/>\nVorbereitungszeit: 4-8 Wochen<\/p>","protected":false},"featured_media":42942,"comment_status":"open","ping_status":"closed","template":"","meta":{"_acf_changed":false},"product_cat":[1350,1357,372,364],"product_tag":[5271,374,389],"class_list":["product","first","instock","shipping-taxable","purchasable","product-type-simple"],"acf":[],"_links":{"self":[{"href":"https:\/\/mouldking.store\/de\/wp-json\/wp\/v2\/product\/42947","targetHints":{"allow":["GET"]}}],"collection":[{"href":"https:\/\/mouldking.store\/de\/wp-json\/wp\/v2\/product"}],"about":[{"href":"https:\/\/mouldking.store\/de\/wp-json\/wp\/v2\/types\/product"}],"replies":[{"embeddable":true,"href":"https:\/\/mouldking.store\/de\/wp-json\/wp\/v2\/comments?post=42947"}],"wp:featuredmedia":[{"embeddable":true,"href":"https:\/\/mouldking.store\/de\/wp-json\/wp\/v2\/media\/42942"}],"wp:attachment":[{"href":"https:\/\/mouldking.store\/de\/wp-json\/wp\/v2\/media?parent=42947"}],"wp:term":[{"taxonomy":"product_cat","embeddable":true,"href":"https:\/\/mouldking.store\/de\/wp-json\/wp\/v2\/product_cat?post=42947"},{"taxonomy":"product_tag","embeddable":true,"href":"https:\/\/mouldking.store\/de\/wp-json\/wp\/v2\/product_tag?post=42947"}],"curies":[{"name":"wp","href":"https:\/\/api.w.org\/{rel}","templated":true}]}}