{"id":42955,"date":"2023-03-16T09:45:18","date_gmt":"2023-03-16T02:45:18","guid":{"rendered":"https:\/\/mouldking.store\/shop\/moc-factory-35918-f-22-raptor-with-1656-pieces\/"},"modified":"2025-12-16T22:25:10","modified_gmt":"2025-12-16T15:25:10","slug":"moc-factory-35918-f-22-raptor-with-1656-pieces","status":"publish","type":"product","link":"https:\/\/mouldking.store\/de\/shop\/moc-factory-35918-f-22-raptor-with-1656-pieces\/","title":{"rendered":"MOC Factory 35918 F-22 RAPTOR mit 1656 St\u00fcck"},"content":{"rendered":"<div>\u2705 MOC-35918 F-22 RAPTOR<\/p>\n<p>\u2705Der F-22 Raptor ist ein taktisches Stealth-Kampfflugzeug, das von Lockheed Martin f\u00fcr die United States Air Force (USAF) entwickelt wurde. Es ist ein Kampfflugzeug der f\u00fcnften Generation, das sowohl in Luft-Luft- als auch in Luft-Boden-Kampfszenarien hervorragende Leistungen erbringen soll. Die F-22 Raptor kann \u00dcberschallgeschwindigkeiten erreichen und ist mit fortschrittlicher Avionik und Waffensystemen ausgestattet, was sie zu einem der fortschrittlichsten Kampfflugzeuge der Welt macht.<\/p>\n<p>\ud83d\udeab WICHTIG!<\/p>\n<p>Produktname: F-22 RAPTOR<\/p>\n<p>Kategorie: Milit\u00e4r<\/p>\n<p>Dieses Kit enth\u00e4lt: MOC-35918<\/p>\n<p>1656 St\u00fcck Steine von guter Qualit\u00e4t<\/p>\n<p>Gewicht: 1600 g<\/p>\n<p>PDF-Anleitung<\/p>\n<p>\ud83d\udcccNatur des Protagonisten<\/p>\n<p>Die Einf\u00fchrung unserer stolzen Kollektion mit dem Namen \u201eF-22 RAPTOR\u201c sollten Sie nicht verpassen.<\/p>\n<p>Der F-22 Raptor ist \u00e4u\u00dferst man\u00f6vrierf\u00e4hig und verf\u00fcgt \u00fcber eine Kombination aus fortschrittlicher Stealth-Technologie und ausgekl\u00fcgelten Sensoren, die es ihm erm\u00f6glichen, feindliche Flugzeuge zu erkennen und anzugreifen, bevor sie sich seiner Anwesenheit bewusst sind. Die fortschrittlichen Avionik- und Waffensysteme des Flugzeugs, einschlie\u00dflich seiner fortschrittlichen Radar-, Sensor- und Raketensysteme, erm\u00f6glichen es ihm, auch Pr\u00e4zisionsangriffe auf Bodenziele durchzuf\u00fchren.<\/p><\/div>","protected":false},"excerpt":{"rendered":"<p>Marke: MOC-Fabrik<br \/>\nGeschlecht: Unisex<br \/>\nAltersspanne: &gt; 12 Jahre alt<br \/>\nModellnummer: 35918<br \/>\nEinstufung: Assemblage<br \/>\nKunststoffblockform: Selbstsichernde Steine<br \/>\nMaterial: Kunststoff<br \/>\nKunststofftyp: ABS<br \/>\nZiegelsteine: 1656 +<br \/>\nVorbereitungszeit: 4-8 Wochen<\/p>","protected":false},"featured_media":42950,"comment_status":"open","ping_status":"closed","template":"","meta":{"_acf_changed":false},"product_cat":[1350,1357,372,364],"product_tag":[5271,374,7653,389],"class_list":["product","first","instock","shipping-taxable","purchasable","product-type-simple"],"acf":[],"_links":{"self":[{"href":"https:\/\/mouldking.store\/de\/wp-json\/wp\/v2\/product\/42955","targetHints":{"allow":["GET"]}}],"collection":[{"href":"https:\/\/mouldking.store\/de\/wp-json\/wp\/v2\/product"}],"about":[{"href":"https:\/\/mouldking.store\/de\/wp-json\/wp\/v2\/types\/product"}],"replies":[{"embeddable":true,"href":"https:\/\/mouldking.store\/de\/wp-json\/wp\/v2\/comments?post=42955"}],"wp:featuredmedia":[{"embeddable":true,"href":"https:\/\/mouldking.store\/de\/wp-json\/wp\/v2\/media\/42950"}],"wp:attachment":[{"href":"https:\/\/mouldking.store\/de\/wp-json\/wp\/v2\/media?parent=42955"}],"wp:term":[{"taxonomy":"product_cat","embeddable":true,"href":"https:\/\/mouldking.store\/de\/wp-json\/wp\/v2\/product_cat?post=42955"},{"taxonomy":"product_tag","embeddable":true,"href":"https:\/\/mouldking.store\/de\/wp-json\/wp\/v2\/product_tag?post=42955"}],"curies":[{"name":"wp","href":"https:\/\/api.w.org\/{rel}","templated":true}]}}