{"id":42961,"date":"2023-03-16T09:55:32","date_gmt":"2023-03-16T02:55:32","guid":{"rendered":"https:\/\/mouldking.store\/shop\/moc-factory-32199-sukhoi-su-37-terminator-with-1664-pieces\/"},"modified":"2025-12-16T22:25:09","modified_gmt":"2025-12-16T15:25:09","slug":"moc-factory-32199-sukhoi-su-37-terminator-with-1664-pieces","status":"publish","type":"product","link":"https:\/\/mouldking.store\/de\/shop\/moc-factory-32199-sukhoi-su-37-terminator-with-1664-pieces\/","title":{"rendered":"MOC Factory 32199 Sukhoi SU-37 TERMINATOR mit 1664 St\u00fcck"},"content":{"rendered":"<div>\u2705 MOC-32199 Sukhoi SU-37 TERMINATOR<\/p>\n<p>\u2705Der Sukhoi SU-37 Terminator ist ein russisches Kampfflugzeug, das vom Sukhoi Design Bureau als Weiterentwicklung des SU-27 Flanker entwickelt wurde. Die SU-37 wurde als \u00e4u\u00dferst man\u00f6vrierf\u00e4higes Kampfflugzeug entwickelt, das in der Lage ist, fortgeschrittene Luftman\u00f6ver wie das \u201eCobra\u201c-Man\u00f6ver durchzuf\u00fchren, bei dem die Nase des Flugzeugs schnell auf einen hohen Anstellwinkel geneigt wird, w\u00e4hrend die Fluggeschwindigkeit beibehalten wird.<\/p>\n<p>\ud83d\udeab WICHTIG!<\/p>\n<p>Produktname: Sukhoi SU-37 TERMINATOR<\/p>\n<p>Kategorie: Milit\u00e4r<\/p>\n<p>Dieses Kit enth\u00e4lt: MOC-32199<\/p>\n<p>1664 St\u00fcck Steine von guter Qualit\u00e4t<\/p>\n<p>Gewicht: 1600 g<\/p>\n<p>PDF-Anleitung<\/p>\n<p>\ud83d\udcccNatur des Protagonisten<\/p>\n<p>Die Einf\u00fchrung unserer stolzen Kollektion mit dem Namen \u201eSukhoi SU-37 TERMINATOR\u201c sollten Sie nicht verpassen.<\/p>\n<p>Die SU-37 ist mit fortschrittlichen Avionik- und Waffensystemen ausgestattet, darunter ein fortschrittliches Radarsystem und eine Vielzahl von Luft-Luft- und Luft-Boden-Waffen. Das Flugzeug ist au\u00dferdem mit Schubvektortriebwerken ausgestattet, die es dem Piloten erm\u00f6glichen, die Schubrichtung des Flugzeugs zu steuern, was eine verbesserte Man\u00f6vrierf\u00e4higkeit und Kontrolle bietet. Die SU-37 flog erstmals 1996 und es wurden insgesamt zwei Prototypen gebaut. Obwohl das Flugzeug nicht in Produktion ging, wurde ein Teil seiner fortschrittlichen Technologie in andere Sukhoi-Kampfflugzeuge integriert, darunter die SU-30, SU-35 und SU-57. Die SU-37 bleibt aufgrund ihrer fortschrittlichen Man\u00f6vrierf\u00e4higkeiten und fortschrittlichen Technologie ein beliebtes Objekt des Interesses von Luftfahrtbegeisterten.<\/p><\/div>","protected":false},"excerpt":{"rendered":"<p>Marke: MOC-Fabrik<br \/>\nGeschlecht: Unisex<br \/>\nAltersspanne: &gt; 12 Jahre alt<br \/>\nModellnummer: 32199<br \/>\nEinstufung: Assemblage<br \/>\nKunststoffblockform: Selbstsichernde Steine<br \/>\nMaterial: Kunststoff<br \/>\nKunststofftyp: ABS<br \/>\nZiegelsteine: 1664 +<br \/>\nVorbereitungszeit: 4-8 Wochen<\/p>","protected":false},"featured_media":42956,"comment_status":"open","ping_status":"closed","template":"","meta":{"_acf_changed":false},"product_cat":[1350,1357,372,364],"product_tag":[5271,11534,374,11538,389,4198],"class_list":["product","first","instock","shipping-taxable","purchasable","product-type-simple"],"acf":[],"_links":{"self":[{"href":"https:\/\/mouldking.store\/de\/wp-json\/wp\/v2\/product\/42961","targetHints":{"allow":["GET"]}}],"collection":[{"href":"https:\/\/mouldking.store\/de\/wp-json\/wp\/v2\/product"}],"about":[{"href":"https:\/\/mouldking.store\/de\/wp-json\/wp\/v2\/types\/product"}],"replies":[{"embeddable":true,"href":"https:\/\/mouldking.store\/de\/wp-json\/wp\/v2\/comments?post=42961"}],"wp:featuredmedia":[{"embeddable":true,"href":"https:\/\/mouldking.store\/de\/wp-json\/wp\/v2\/media\/42956"}],"wp:attachment":[{"href":"https:\/\/mouldking.store\/de\/wp-json\/wp\/v2\/media?parent=42961"}],"wp:term":[{"taxonomy":"product_cat","embeddable":true,"href":"https:\/\/mouldking.store\/de\/wp-json\/wp\/v2\/product_cat?post=42961"},{"taxonomy":"product_tag","embeddable":true,"href":"https:\/\/mouldking.store\/de\/wp-json\/wp\/v2\/product_tag?post=42961"}],"curies":[{"name":"wp","href":"https:\/\/api.w.org\/{rel}","templated":true}]}}