{"id":42967,"date":"2023-03-16T10:01:18","date_gmt":"2023-03-16T03:01:18","guid":{"rendered":"https:\/\/mouldking.store\/shop\/moc-factory-29950-f-15-e-strike-eagle-with-1261-pieces\/"},"modified":"2025-12-16T22:25:09","modified_gmt":"2025-12-16T15:25:09","slug":"moc-factory-29950-f-15-e-strike-eagle-with-1261-pieces","status":"publish","type":"product","link":"https:\/\/mouldking.store\/de\/shop\/moc-factory-29950-f-15-e-strike-eagle-with-1261-pieces\/","title":{"rendered":"MOC Factory 29950 F-15 E Strike Eagle mit 1261 St\u00fcck"},"content":{"rendered":"<div>\u2705 MOC-29950 F-15 E Strike Eagle<\/p>\n<p>\u2705Die F-15E Strike Eagle ist ein Mehrzweck-Kampfflugzeug, das von McDonnell Douglas (jetzt Teil von Boeing) f\u00fcr die United States Air Force (USAF) entwickelt wurde. Es ist eine Variante der F-15 Eagle, die als Luft\u00fcberlegenheitsj\u00e4ger konzipiert wurde.<\/p>\n<p>\ud83d\udeab WICHTIG!<\/p>\n<p>Produktname: F-15 E Strike Eagle<\/p>\n<p>Kategorie: Milit\u00e4r<\/p>\n<p>Dieses Kit enth\u00e4lt: MOC-29950&nbsp;<\/p>\n<p>1261 St\u00fcck Steine von guter Qualit\u00e4t<\/p>\n<p>Gewicht: 1200g<\/p>\n<p>PDF-Anleitung<\/p>\n<p>\ud83d\udcccNatur des Protagonisten<\/p>\n<p>Die Einf\u00fchrung unserer stolzen Kollektion mit dem Namen \u201eF-15 E Strike Eagle\u201c sollten Sie nicht verpassen.<\/p>\n<p>Die F-15E Strike Eagle ist sowohl f\u00fcr Luft-Luft- als auch f\u00fcr Luft-Boden-Missionen konzipiert und kann eine Vielzahl von Missionen durchf\u00fchren, darunter Deep-Strike-Missionen, Luftnahunterst\u00fctzung und Luftabwehr. Das Flugzeug ist mit fortschrittlichen Avionik- und Waffensystemen ausgestattet, darunter ein leistungsstarkes Radarsystem, ein elektronisches Kriegsf\u00fchrungssystem und eine Vielzahl von Luft-Luft- und Luft-Boden-Waffen.<\/p><\/div>","protected":false},"excerpt":{"rendered":"<p>Marke: MOC-Fabrik<br \/>\nGeschlecht: Unisex<br \/>\nAltersspanne: &gt; 12 Jahre alt<br \/>\nModellnummer: 29950<br \/>\nEinstufung: Assemblage<br \/>\nKunststoffblockform: Selbstsichernde Steine<br \/>\nMaterial: Kunststoff<br \/>\nKunststofftyp: ABS<br \/>\nZiegelsteine: 1261 +<br \/>\nVorbereitungszeit: 4-8 Wochen<\/p>","protected":false},"featured_media":42962,"comment_status":"open","ping_status":"closed","template":"","meta":{"_acf_changed":false},"product_cat":[1350,1357,372,364],"product_tag":[5271,11534,11540,374,11539,389],"class_list":["product","first","instock","shipping-taxable","purchasable","product-type-simple"],"acf":[],"_links":{"self":[{"href":"https:\/\/mouldking.store\/de\/wp-json\/wp\/v2\/product\/42967","targetHints":{"allow":["GET"]}}],"collection":[{"href":"https:\/\/mouldking.store\/de\/wp-json\/wp\/v2\/product"}],"about":[{"href":"https:\/\/mouldking.store\/de\/wp-json\/wp\/v2\/types\/product"}],"replies":[{"embeddable":true,"href":"https:\/\/mouldking.store\/de\/wp-json\/wp\/v2\/comments?post=42967"}],"wp:featuredmedia":[{"embeddable":true,"href":"https:\/\/mouldking.store\/de\/wp-json\/wp\/v2\/media\/42962"}],"wp:attachment":[{"href":"https:\/\/mouldking.store\/de\/wp-json\/wp\/v2\/media?parent=42967"}],"wp:term":[{"taxonomy":"product_cat","embeddable":true,"href":"https:\/\/mouldking.store\/de\/wp-json\/wp\/v2\/product_cat?post=42967"},{"taxonomy":"product_tag","embeddable":true,"href":"https:\/\/mouldking.store\/de\/wp-json\/wp\/v2\/product_tag?post=42967"}],"curies":[{"name":"wp","href":"https:\/\/api.w.org\/{rel}","templated":true}]}}